{"id":133919,"date":"2025-01-01T20:54:41","date_gmt":"2025-01-08T17:04:37","guid":{"rendered":"https:\/\/staging.nbg.eu\/product\/area-419-offset-mounts-for-match-attachment-points\/"},"modified":"2025-01-08T17:06:50","modified_gmt":"2025-01-08T17:06:50","slug":"area-419-eltolt-szerelekek-match-roegzitesi-pontokhoz","status":"publish","type":"product","link":"https:\/\/staging.nbg.eu\/hu\/termek\/area-419-eltolt-szerelekek-match-roegzitesi-pontokhoz\/","title":{"rendered":"Area 419 Eltolt Szerel\u00e9kek MATCH R\u00f6gz\u00edt\u00e9si Pontokhoz"},"content":{"rendered":"<h2>Area 419 Eltolt Szerel\u00e9kek MATCH R\u00f6gz\u00edt\u00e9si Pontokhoz<\/h2>\n<p>Az Area 419 Eltolt Szerel\u00e9kei MATCH R\u00f6gz\u00edt\u00e9si Pontokhoz jav\u00edtj\u00e1k a karab\u00e9ly red dot rendszer\u00e9t. Az eltolt szerel\u00e9kek nem \u00fajdons\u00e1gok, de ez az egyr\u00e9szes kialak\u00edt\u00e1s testreszab\u00e1si lehet\u0151s\u00e9geket k\u00edn\u00e1l:<\/p>\n<ul>\n<li>V\u00e1laszthat\u00f3 35\u00b0 \u00e9s 45\u00b0 eltol\u00e1si sz\u00f6gek<\/li>\n<li>T\u00f6bb r\u00f6gz\u00edt\u00e9si hely a rugalmass\u00e1g \u00e9rdek\u00e9ben<\/li>\n<li>K\u00f6nny\u0171, mind\u00f6ssze 11,3 kg<\/li>\n<li>Kompakt m\u00e9ret: 15,2 \u00d7 10,2 \u00d7 2,5 cm<\/li>\n<\/ul>\n<p>Ezek a sokoldal\u00fa szerel\u00e9kek lehet\u0151v\u00e9 teszik a red dot poz\u00edci\u00f3j\u00e1nak finomhangol\u00e1s\u00e1t, biztos\u00edtva a teljes\u00edtm\u00e9nyt \u00e9s a k\u00e9nyelmet k\u00fcl\u00f6nb\u00f6z\u0151 l\u00f6v\u00e9szeti helyzetekben. Az Area 419 Eltolt Szerel\u00e9kei fejlesztik a karab\u00e9lyt.<\/p>\n","protected":false},"excerpt":{"rendered":"<p>Testreszabhat\u00f3 35\u00b0\/45\u00b0-os d\u00f6nt\u00f6tt szerel\u00e9kek MATCH pontokhoz. Sokoldal\u00fa be\u00e1ll\u00edt\u00e1s.<\/p>\n","protected":false},"featured_media":109208,"template":"","meta":{"_acf_changed":false},"product_brand":[11039],"product_cat":[12943,12900,12967],"product_tag":[],"class_list":{"0":"post-133919","1":"product","2":"type-product","3":"status-publish","4":"has-post-thumbnail","6":"product_brand-area-419","7":"product_cat-celzas","8":"product_cat-celzo-kiegeszitok","9":"product_cat-puska","11":"first","12":"instock","13":"taxable","14":"shipping-taxable","15":"purchasable","16":"product-type-variable","17":"wvs-archive-product-wrapper"},"acf":[],"_links":{"self":[{"href":"https:\/\/staging.nbg.eu\/hu\/wp-json\/wp\/v2\/product\/133919","targetHints":{"allow":["GET"]}}],"collection":[{"href":"https:\/\/staging.nbg.eu\/hu\/wp-json\/wp\/v2\/product"}],"about":[{"href":"https:\/\/staging.nbg.eu\/hu\/wp-json\/wp\/v2\/types\/product"}],"wp:featuredmedia":[{"embeddable":true,"href":"https:\/\/staging.nbg.eu\/hu\/wp-json\/wp\/v2\/media\/109208"}],"wp:attachment":[{"href":"https:\/\/staging.nbg.eu\/hu\/wp-json\/wp\/v2\/media?parent=133919"}],"wp:term":[{"taxonomy":"product_brand","embeddable":true,"href":"https:\/\/staging.nbg.eu\/hu\/wp-json\/wp\/v2\/product_brand?post=133919"},{"taxonomy":"product_cat","embeddable":true,"href":"https:\/\/staging.nbg.eu\/hu\/wp-json\/wp\/v2\/product_cat?post=133919"},{"taxonomy":"product_tag","embeddable":true,"href":"https:\/\/staging.nbg.eu\/hu\/wp-json\/wp\/v2\/product_tag?post=133919"}],"curies":[{"name":"wp","href":"https:\/\/api.w.org\/{rel}","templated":true}]}}