{"id":133714,"date":"2024-11-02T08:42:18","date_gmt":"2025-01-08T16:50:06","guid":{"rendered":"https:\/\/staging.nbg.eu\/product\/sprinco-usa-spring-kit-xp-buffer-spring-dual-extractor-spring\/"},"modified":"2025-01-08T16:51:55","modified_gmt":"2025-01-08T16:51:55","slug":"sprinco-usa-rugo-keszlet-xp-puffer-rugo-dupla-kihuzo-rugo","status":"publish","type":"product","link":"https:\/\/staging.nbg.eu\/hu\/termek\/sprinco-usa-rugo-keszlet-xp-puffer-rugo-dupla-kihuzo-rugo\/","title":{"rendered":"SPRINCO USA Rug\u00f3 K\u00e9szlet-XP Puffer Rug\u00f3 \/ Dupla Kih\u00faz\u00f3 Rug\u00f3"},"content":{"rendered":"<div class=\"product-description\">\n<h2>SPRINCO USA Rug\u00f3k\u00e9szlet-XP Puffer Rug\u00f3 \/ Kett\u0151s Kih\u00faz\u00f3 Rug\u00f3<\/h2>\n<p>Az SPRINCO USA Extra Power Puffer Rug\u00f3 jav\u00edtja az AR megb\u00edzhat\u00f3s\u00e1g\u00e1t. 2006-ban tervezt\u00e9k egy Er\u0151 Moderniz\u00e1ci\u00f3s Csapat sz\u00e1m\u00e1ra, ez a rug\u00f3 kezeli az M4 karab\u00e9ly m\u0171k\u00f6d\u00e9si probl\u00e9m\u00e1it neh\u00e9z k\u00f6rnyezetekben.<\/p>\n<ul>\n<li>25%-kal nagyobb tervez\u00e9si terhel\u00e9s a Feh\u00e9r rug\u00f3hoz k\u00e9pest<\/li>\n<li>Alkalmas 9mm, 6.8 SPC, 6.5 Grendel, .450 BM, .450 SOCOM, .500 Beowulf \u00e9s Colt LE6920 t\u00edpusokhoz<\/li>\n<li>Hangol\u00e1si elj\u00e1r\u00e1s dokument\u00e1ci\u00f3ja mell\u00e9kelve az optim\u00e1lis teljes\u00edtm\u00e9nyhez<\/li>\n<\/ul>\n<p>Megjegyz\u00e9s: A teljes\u00edtm\u00e9ny v\u00e1ltozhat a port \u00e9rt\u00e9kekt\u0151l \u00e9s a l\u0151szer t\u00f6ltett\u0151l f\u00fcgg\u0151en. Haszn\u00e1lat el\u0151tt tanulm\u00e1nyozza a mell\u00e9kelt dokument\u00e1ci\u00f3t.<\/p>\n<\/div>\n","protected":false},"excerpt":{"rendered":"<p>Meger\u0151s\u00edtett AR puffertart\u00e1ly rug\u00f3 a megb\u00edzhat\u00f3bb m\u0171k\u00f6d\u00e9s\u00e9rt kih\u00edv\u00e1st jelent\u0151 k\u00f6rnyezetben.<\/p>\n","protected":false},"featured_media":76558,"template":"","meta":{"_acf_changed":false},"product_brand":[],"product_cat":[12916],"product_tag":[],"class_list":{"0":"post-133714","1":"product","2":"type-product","3":"status-publish","4":"has-post-thumbnail","6":"product_cat-puska-tuning","8":"first","9":"instock","10":"taxable","11":"shipping-taxable","12":"purchasable","13":"product-type-simple"},"acf":[],"_links":{"self":[{"href":"https:\/\/staging.nbg.eu\/hu\/wp-json\/wp\/v2\/product\/133714","targetHints":{"allow":["GET"]}}],"collection":[{"href":"https:\/\/staging.nbg.eu\/hu\/wp-json\/wp\/v2\/product"}],"about":[{"href":"https:\/\/staging.nbg.eu\/hu\/wp-json\/wp\/v2\/types\/product"}],"wp:featuredmedia":[{"embeddable":true,"href":"https:\/\/staging.nbg.eu\/hu\/wp-json\/wp\/v2\/media\/76558"}],"wp:attachment":[{"href":"https:\/\/staging.nbg.eu\/hu\/wp-json\/wp\/v2\/media?parent=133714"}],"wp:term":[{"taxonomy":"product_brand","embeddable":true,"href":"https:\/\/staging.nbg.eu\/hu\/wp-json\/wp\/v2\/product_brand?post=133714"},{"taxonomy":"product_cat","embeddable":true,"href":"https:\/\/staging.nbg.eu\/hu\/wp-json\/wp\/v2\/product_cat?post=133714"},{"taxonomy":"product_tag","embeddable":true,"href":"https:\/\/staging.nbg.eu\/hu\/wp-json\/wp\/v2\/product_tag?post=133714"}],"curies":[{"name":"wp","href":"https:\/\/api.w.org\/{rel}","templated":true}]}}