{"id":131942,"date":"2025-01-01T20:52:41","date_gmt":"2025-01-07T16:58:56","guid":{"rendered":"https:\/\/staging.nbg.eu\/product\/area-419-match-scope-rings\/"},"modified":"2025-01-07T17:01:07","modified_gmt":"2025-01-07T17:01:07","slug":"area-419-match-tavcso-gyuruk","status":"publish","type":"product","link":"https:\/\/staging.nbg.eu\/hu\/termek\/area-419-match-tavcso-gyuruk\/","title":{"rendered":"Area 419 MATCH T\u00e1vcs\u0151 Gy\u0171r\u0171k"},"content":{"rendered":"<div class=\"product-description\">\n<h2>Area 419 MATCH T\u00e1vcs\u0151gy\u0171r\u0171k<\/h2>\n<p>Az Area 419 MATCH t\u00e1vcs\u0151gy\u0171r\u0171k megb\u00edzhat\u00f3 r\u00f6gz\u00edt\u00e9st biztos\u00edtanak az optik\u00e1nak.<\/p>\n<ul>\n<li>Sorozatsz\u00e1mozott, v\u00e9gs\u0151 furattal p\u00e1ros\u00edtott gy\u0171r\u0171k a pontoss\u00e1g \u00e9rdek\u00e9ben<\/li>\n<li>Nyers alum\u00ednium bels\u0151 r\u00e9szek az optika jobb fog\u00e1s\u00e1\u00e9rt<\/li>\n<li>Prec\u00edzi\u00f3s f\u00far\u00e1s k\u00e9szletekben<\/li>\n<li>L\u00e9zerrel jel\u00f6lt p\u00e1ros\u00edtott k\u00e9szletek<\/li>\n<li>7075 rep\u00fcl\u0151g\u00e9pipari min\u0151s\u00e9g\u0171 alum\u00ednium t\u00f6mbb\u0151l k\u00e9sz\u00fclt<\/li>\n<li>3-as t\u00edpus\u00fa kem\u00e9nybevonat\u00fa elox\u00e1l\u00e1s (nyers alum\u00ednium bels\u0151 furat)<\/li>\n<li>El\u00e9rhet\u0151 30mm, 34mm, 35mm \u00e9s 36mm cs\u0151\u00e1tm\u00e9r\u0151kh\u00f6z<\/li>\n<li>Alacsony (24mm), k\u00f6zepes (28mm) \u00e9s magas (32mm) szerel\u00e9si magass\u00e1gok<\/li>\n<\/ul>\n<p>Az Area 419 MATCH t\u00e1vcs\u0151gy\u0171r\u0171k optika r\u00f6gz\u00edt\u00e9si technol\u00f3gi\u00e1t k\u00edn\u00e1lnak.<\/p>\n<\/div>\n","protected":false},"excerpt":{"rendered":"<p>Prec\u00edzen illesztett, sorsz\u00e1mozott t\u00e1vcs\u0151gy\u0171r\u0171k a maxim\u00e1lis optikai stabilit\u00e1s \u00e9rdek\u00e9ben.<\/p>\n","protected":false},"featured_media":109092,"template":"","meta":{"_acf_changed":false},"product_brand":[11039],"product_cat":[12943],"product_tag":[],"class_list":{"0":"post-131942","1":"product","2":"type-product","3":"status-publish","4":"has-post-thumbnail","6":"product_brand-area-419","7":"product_cat-celzas","9":"first","10":"instock","11":"taxable","12":"shipping-taxable","13":"purchasable","14":"product-type-variable","15":"wvs-archive-product-wrapper"},"acf":[],"_links":{"self":[{"href":"https:\/\/staging.nbg.eu\/hu\/wp-json\/wp\/v2\/product\/131942","targetHints":{"allow":["GET"]}}],"collection":[{"href":"https:\/\/staging.nbg.eu\/hu\/wp-json\/wp\/v2\/product"}],"about":[{"href":"https:\/\/staging.nbg.eu\/hu\/wp-json\/wp\/v2\/types\/product"}],"wp:featuredmedia":[{"embeddable":true,"href":"https:\/\/staging.nbg.eu\/hu\/wp-json\/wp\/v2\/media\/109092"}],"wp:attachment":[{"href":"https:\/\/staging.nbg.eu\/hu\/wp-json\/wp\/v2\/media?parent=131942"}],"wp:term":[{"taxonomy":"product_brand","embeddable":true,"href":"https:\/\/staging.nbg.eu\/hu\/wp-json\/wp\/v2\/product_brand?post=131942"},{"taxonomy":"product_cat","embeddable":true,"href":"https:\/\/staging.nbg.eu\/hu\/wp-json\/wp\/v2\/product_cat?post=131942"},{"taxonomy":"product_tag","embeddable":true,"href":"https:\/\/staging.nbg.eu\/hu\/wp-json\/wp\/v2\/product_tag?post=131942"}],"curies":[{"name":"wp","href":"https:\/\/api.w.org\/{rel}","templated":true}]}}