{"id":131037,"date":"2024-11-06T20:37:23","date_gmt":"2024-11-06T20:37:23","guid":{"rendered":"https:\/\/staging.nbg.eu\/product\/vortex-optics-impact-4000ballistic-laser-rangefinder\/"},"modified":"2025-01-07T14:32:48","modified_gmt":"2025-01-07T14:32:48","slug":"vortex-optics-impact-4000-ballisztikus-lezeres-tavolsagmero","status":"publish","type":"product","link":"https:\/\/staging.nbg.eu\/hu\/termek\/vortex-optics-impact-4000-ballisztikus-lezeres-tavolsagmero\/","title":{"rendered":"Vortex Optics &#8211; Impact\u00ae 4000 Ballisztikus L\u00e9zeres T\u00e1vols\u00e1gm\u00e9r\u0151"},"content":{"rendered":"<div class=\"product-description\">\n<h2>Vortex Optics &#8211; Impact\u00ae 4000 Ballisztikus L\u00e9zeres T\u00e1vols\u00e1gm\u00e9r\u0151<\/h2>\n<p>A Vortex Optics Impact\u00ae 4000 Ballisztikus L\u00e9zeres T\u00e1vols\u00e1gm\u00e9r\u0151 egy t\u00e1vols\u00e1gm\u00e9r\u0151 \u00e9s ballisztikai probl\u00e9mamegold\u00f3 eszk\u00f6z, amely hossz\u00fa t\u00e1v\u00fa versenyz\u0151knek \u00e9s ny\u00edlt terepen vad\u00e1sz\u00f3knak k\u00e9sz\u00fclt.<\/p>\n<h2>F\u0151bb jellemz\u0151k:<\/h2>\n<ul>\n<li><strong>Picatinny r\u00f6gz\u00edt\u00e9s:<\/strong> B\u00e1rmilyen picatinny-st\u00edlus\u00fa s\u00ednre vagy gy\u0171r\u0171re r\u00f6gz\u00edthet\u0151.<\/li>\n<li><strong>Gyors \u00e9s megb\u00edzhat\u00f3 null\u00e1z\u00e1s:<\/strong> K\u00f6nnyen null\u00e1zhat\u00f3, \u00e9s er\u0151s visszar\u00fag\u00e1s mellett is megtartja a be\u00e1ll\u00edt\u00e1st.<\/li>\n<li><strong>Sz\u00e9l\/es\u00e9s megold\u00e1sok:<\/strong> Sz\u00e9l \u00e9s es\u00e9s megold\u00e1sok kijelz\u00e9se menet k\u00f6zbeni be\u00e1ll\u00edt\u00e1sokkal.<\/li>\n<li><strong>Be\u00e9p\u00edtett GeoBallistics\u00ae megold\u00f3:<\/strong> Pontos megold\u00f3, naprak\u00e9sz l\u00f6ved\u00e9k-adatb\u00e1zissal.<\/li>\n<li><strong>Testreszabhat\u00f3 ballisztikai profilok:<\/strong> Egy\u00e9ni profilok l\u00e9trehoz\u00e1sa vagy v\u00e1laszt\u00e1s t\u00edz el\u0151re bet\u00f6lt\u00f6tt profilb\u00f3l.<\/li>\n<li><strong>Be\u00e9p\u00edtett k\u00f6rnyezeti \u00e9rz\u00e9kel\u0151k:<\/strong> Ir\u00e1nyt\u0171, h\u0151m\u00e9rs\u00e9klet-, nyom\u00e1s- \u00e9s p\u00e1ratartalom-\u00e9rz\u00e9kel\u0151k.<\/li>\n<li><strong>Sz\u00e9lir\u00e1ny r\u00f6gz\u00edt\u00e9si m\u00f3d:<\/strong> Szabadalmaztatott funkci\u00f3 a sz\u00e9lsebess\u00e9g \u00e9s -ir\u00e1ny manu\u00e1lis bevitel\u00e9hez.<\/li>\n<li><strong>Be\u00e9p\u00edtett l\u0151t\u00e1bl\u00e1zat-gener\u00e1tor:<\/strong> T\u00edz l\u0151t\u00e1bl\u00e1zat l\u00e9trehoz\u00e1sa \u00e9s ment\u00e9se.<\/li>\n<li><strong>Vortex Relay\u2122 csatlakoztathat\u00f3s\u00e1g:<\/strong> Kapcsol\u00f3d\u00e1s a GeoBallistics\u00ae alkalmaz\u00e1shoz \u00e9s a mell\u00e9kelt Bluetooth\u00ae t\u00e1vir\u00e1ny\u00edt\u00f3hoz.<\/li>\n<li><strong>Harmadik f\u00e9lt\u0151l sz\u00e1rmaz\u00f3 eszk\u00f6z\u00f6k kompatibilit\u00e1sa:<\/strong> Csatlakoz\u00e1s id\u0151j\u00e1r\u00e1s-m\u00e9r\u0151 eszk\u00f6z\u00f6kh\u00f6z vagy helyi id\u0151j\u00e1r\u00e1s-\u00e1llom\u00e1sokhoz a GeoBallistics\u00ae alkalmaz\u00e1son kereszt\u00fcl.<\/li>\n<\/ul>\n<h2>Specifik\u00e1ci\u00f3k:<\/h2>\n<table>\n<tr>\n<td>Ir\u00e1nyz\u00e9k:<\/td>\n<td>HCD korrig\u00e1lt l\u0151t\u00e1vols\u00e1g<\/td>\n<\/tr>\n<tr>\n<td>T\u00e1vols\u00e1g (Reflekt\u00edv):<\/td>\n<td>Maximum 4000 yard<\/td>\n<\/tr>\n<tr>\n<td>T\u00e1vols\u00e1g (Fa):<\/td>\n<td>Maximum 2500 yard<\/td>\n<\/tr>\n<tr>\n<td>T\u00e1vols\u00e1g (Szarvas):<\/td>\n<td>Maximum 1500 yard<\/td>\n<\/tr>\n<tr>\n<td>Minim\u00e1lis t\u00e1vols\u00e1g:<\/td>\n<td>5 yard<\/td>\n<\/tr>\n<tr>\n<td>Pontoss\u00e1g:<\/td>\n<td>\u00b10,5 yard 100 yardon<\/td>\n<\/tr>\n<tr>\n<td>M\u00e9retek:<\/td>\n<td>4,6&#8243; (H) x 2,5&#8243; (M) x 3,2&#8243; (Sz)<\/td>\n<\/tr>\n<tr>\n<td>S\u00faly:<\/td>\n<td>16,0 uncia<\/td>\n<\/tr>\n<\/table>\n<p>A Vortex Optics Impact\u00ae 4000 Ballisztikus L\u00e9zeres T\u00e1vols\u00e1gm\u00e9r\u0151 egy eszk\u00f6z prec\u00edzi\u00f3s l\u00f6v\u00e9szek \u00e9s vad\u00e1szok sz\u00e1m\u00e1ra. Fejlett funkci\u00f3i, be\u00e9p\u00edtett k\u00f6rnyezeti \u00e9rz\u00e9kel\u0151i pontos t\u00e1vols\u00e1gm\u00e9r\u00e9st \u00e9s ballisztikai megold\u00e1sokat ny\u00fajtanak. A Picatinny r\u00f6gz\u00edt\u00e9s lehet\u0151v\u00e9 teszi a gyors felszerel\u00e9st, m\u00edg a sz\u00e9lir\u00e1ny r\u00f6gz\u00edt\u00e9si m\u00f3d \u00e9s a be\u00e9p\u00edtett l\u0151t\u00e1bl\u00e1zat-gener\u00e1tor sokoldal\u00fas\u00e1got biztos\u00edt a terepen.<\/p>\n<p>\n","protected":false},"excerpt":{"rendered":"<p>Nagy hat\u00f3t\u00e1vols\u00e1g\u00fa prec\u00edzi\u00f3s t\u00e1vm\u00e9r\u0151 ballisztikai sz\u00e1m\u00edt\u00f3val. 3660 m\u00e9teres hat\u00f3t\u00e1v, s\u00ednre szerelhet\u0151.<\/p>\n","protected":false},"featured_media":78269,"template":"","meta":{"_acf_changed":false},"product_brand":[11963],"product_cat":[12943,12931],"product_tag":[],"class_list":{"0":"post-131037","1":"product","2":"type-product","3":"status-publish","4":"has-post-thumbnail","6":"product_brand-vortex","7":"product_cat-celzas","8":"product_cat-tavolsagmero","10":"first","11":"outofstock","12":"taxable","13":"shipping-taxable","14":"purchasable","15":"product-type-simple"},"acf":[],"_links":{"self":[{"href":"https:\/\/staging.nbg.eu\/hu\/wp-json\/wp\/v2\/product\/131037","targetHints":{"allow":["GET"]}}],"collection":[{"href":"https:\/\/staging.nbg.eu\/hu\/wp-json\/wp\/v2\/product"}],"about":[{"href":"https:\/\/staging.nbg.eu\/hu\/wp-json\/wp\/v2\/types\/product"}],"wp:featuredmedia":[{"embeddable":true,"href":"https:\/\/staging.nbg.eu\/hu\/wp-json\/wp\/v2\/media\/78269"}],"wp:attachment":[{"href":"https:\/\/staging.nbg.eu\/hu\/wp-json\/wp\/v2\/media?parent=131037"}],"wp:term":[{"taxonomy":"product_brand","embeddable":true,"href":"https:\/\/staging.nbg.eu\/hu\/wp-json\/wp\/v2\/product_brand?post=131037"},{"taxonomy":"product_cat","embeddable":true,"href":"https:\/\/staging.nbg.eu\/hu\/wp-json\/wp\/v2\/product_cat?post=131037"},{"taxonomy":"product_tag","embeddable":true,"href":"https:\/\/staging.nbg.eu\/hu\/wp-json\/wp\/v2\/product_tag?post=131037"}],"curies":[{"name":"wp","href":"https:\/\/api.w.org\/{rel}","templated":true}]}}