{"id":130819,"date":"2025-01-01T20:50:51","date_gmt":"2025-01-07T14:16:20","guid":{"rendered":"https:\/\/staging.nbg.eu\/product\/low-profile-red-dot-plates-for-area-419-tactical-mounts\/"},"modified":"2025-01-07T14:18:27","modified_gmt":"2025-01-07T14:18:27","slug":"alacsony-profilu-piros-pontos-lemezek-area-419-taktikai-szerelekekhez","status":"publish","type":"product","link":"https:\/\/staging.nbg.eu\/hu\/termek\/alacsony-profilu-piros-pontos-lemezek-area-419-taktikai-szerelekekhez\/","title":{"rendered":"Alacsony Profil\u00fa Piros-Pontos Lemezek Area 419 Taktikai Szerel\u00e9kekhez"},"content":{"rendered":"<div class=\"product-description\">\n<h2>Alacsony profil\u00fa v\u00f6r\u00f6s pont lemezek Area 419 taktikai r\u00f6gz\u00edt\u0151kh\u00f6z<\/h2>\n<p>Alacsony profil\u00fa v\u00f6r\u00f6s pont lemezeink jellemz\u0151i:<\/p>\n<ul>\n<li>III-as t\u00edpus\u00fa kem\u00e9ny fekete elox\u00e1lt bevonat<\/li>\n<li>R\u00f6gz\u00edtett szerel\u0151csavarok a k\u00f6nny\u0171 felszerel\u00e9shez<\/li>\n<li>Amerikai gy\u00e1rtm\u00e1ny 7075-\u00f6s alum\u00edniumb\u00f3l<\/li>\n<li>Szabadalmaztat\u00e1s alatt \u00e1ll\u00f3 kett\u0151s k\u00fapos r\u00f6gz\u00edt\u00e9si rendszer<\/li>\n<li>Tart\u00f3ss\u00e1g \u00e9s merevs\u00e9g a jobb visszat\u00e9r\u00e9shez a null\u00e1ra<\/li>\n<\/ul>\n<p>El\u00e9rhet\u0151 RMR, ACRO \u00e9s DPP v\u00e1ltozatokban, sz\u00e1mos n\u00e9pszer\u0171 optik\u00e1val kompatibilis. 0,25 font s\u00faly\u00fa, kompakt lemezek (15,24 cm \u00d7 10,16 cm \u00d7 2,54 cm).<\/p>\n<p>Area 419 prec\u00edzi\u00f3s v\u00f6r\u00f6s pont lemezei.<\/p>\n<\/div>\n","protected":false},"excerpt":{"rendered":"<p>Biztons\u00e1gos, sokoldal\u00fa v\u00f6r\u00f6s pont lemezek Area 419 taktikai r\u00f6gz\u00edt\u0151kh\u00f6z.<\/p>\n","protected":false},"featured_media":108999,"template":"","meta":{"_acf_changed":false},"product_brand":[11039],"product_cat":[12943,12900],"product_tag":[],"class_list":{"0":"post-130819","1":"product","2":"type-product","3":"status-publish","4":"has-post-thumbnail","6":"product_brand-area-419","7":"product_cat-celzas","8":"product_cat-celzo-kiegeszitok","10":"first","11":"instock","12":"taxable","13":"shipping-taxable","14":"purchasable","15":"product-type-variable","16":"wvs-archive-product-wrapper"},"acf":[],"_links":{"self":[{"href":"https:\/\/staging.nbg.eu\/hu\/wp-json\/wp\/v2\/product\/130819","targetHints":{"allow":["GET"]}}],"collection":[{"href":"https:\/\/staging.nbg.eu\/hu\/wp-json\/wp\/v2\/product"}],"about":[{"href":"https:\/\/staging.nbg.eu\/hu\/wp-json\/wp\/v2\/types\/product"}],"wp:featuredmedia":[{"embeddable":true,"href":"https:\/\/staging.nbg.eu\/hu\/wp-json\/wp\/v2\/media\/108999"}],"wp:attachment":[{"href":"https:\/\/staging.nbg.eu\/hu\/wp-json\/wp\/v2\/media?parent=130819"}],"wp:term":[{"taxonomy":"product_brand","embeddable":true,"href":"https:\/\/staging.nbg.eu\/hu\/wp-json\/wp\/v2\/product_brand?post=130819"},{"taxonomy":"product_cat","embeddable":true,"href":"https:\/\/staging.nbg.eu\/hu\/wp-json\/wp\/v2\/product_cat?post=130819"},{"taxonomy":"product_tag","embeddable":true,"href":"https:\/\/staging.nbg.eu\/hu\/wp-json\/wp\/v2\/product_tag?post=130819"}],"curies":[{"name":"wp","href":"https:\/\/api.w.org\/{rel}","templated":true}]}}