{"id":130614,"date":"2024-11-02T06:44:40","date_gmt":"2025-01-07T14:08:27","guid":{"rendered":"https:\/\/staging.nbg.eu\/product\/sons-of-liberty-gun-worksar-15-castle-nuts\/"},"modified":"2025-01-07T14:10:15","modified_gmt":"2025-01-07T14:10:15","slug":"sons-of-liberty-gun-works-ar-15-kastely-anyak","status":"publish","type":"product","link":"https:\/\/staging.nbg.eu\/hu\/termek\/sons-of-liberty-gun-works-ar-15-kastely-anyak\/","title":{"rendered":"SONS OF LIBERTY GUN WORKS AR-15 Kast\u00e9ly Any\u00e1k"},"content":{"rendered":"<div class=\"product-description\">\n<h2>SONS OF LIBERTY GUN WORKS AR-15 Fesz\u00edt\u0151anya<\/h2>\n<p>AR-15 fesz\u00edt\u0151anya a SONS OF LIBERTY GUN WORKS (SOLGW) gy\u00e1rt\u00f3t\u00f3l. Ezek az alkatr\u00e9szek fontosak a fegyver m\u0171k\u00f6d\u00e9s\u00e9hez.<\/p>\n<ul>\n<li>Pontos m\u00e9retez\u00e9ssel gy\u00e1rtva<\/li>\n<li>Minden AR-15 modellhez kompatibilis<\/li>\n<li>Biztos\u00edtja a megfelel\u0151 \u00f6sszeszerel\u00e9st \u00e9s megb\u00edzhat\u00f3s\u00e1got<\/li>\n<li>S\u00falya 28 gramm<\/li>\n<li>2,54 cm-es kompakt kivitel<\/li>\n<\/ul>\n<p>A SOLGW min\u0151s\u00e9gi fesz\u00edt\u0151any\u00e1kat gy\u00e1rt. Ezek az alkatr\u00e9szek magas szabv\u00e1nyoknak felelnek meg.<\/p>\n<p><strong>Tipp:<\/strong> A nagyobb biztons\u00e1g \u00e9s tart\u00f3ss\u00e1g \u00e9rdek\u00e9ben r\u00f6gz\u00edtse a fesz\u00edt\u0151any\u00e1kat!<\/p>\n<\/div>\n","protected":false},"excerpt":{"rendered":"<p>Prec\u00edzi\u00f3s gy\u00e1rt\u00e1s\u00fa AR-15 Castle Nut. Tart\u00f3s, univerz\u00e1lis illeszked\u00e9s. 1&#8243; m\u00e9ret.<\/p>\n","protected":false},"featured_media":76418,"template":"","meta":{"_acf_changed":false},"product_brand":[],"product_cat":[12916],"product_tag":[],"class_list":{"0":"post-130614","1":"product","2":"type-product","3":"status-publish","4":"has-post-thumbnail","6":"product_cat-puska-tuning","8":"first","9":"instock","10":"taxable","11":"shipping-taxable","12":"purchasable","13":"product-type-simple"},"acf":[],"_links":{"self":[{"href":"https:\/\/staging.nbg.eu\/hu\/wp-json\/wp\/v2\/product\/130614","targetHints":{"allow":["GET"]}}],"collection":[{"href":"https:\/\/staging.nbg.eu\/hu\/wp-json\/wp\/v2\/product"}],"about":[{"href":"https:\/\/staging.nbg.eu\/hu\/wp-json\/wp\/v2\/types\/product"}],"wp:featuredmedia":[{"embeddable":true,"href":"https:\/\/staging.nbg.eu\/hu\/wp-json\/wp\/v2\/media\/76418"}],"wp:attachment":[{"href":"https:\/\/staging.nbg.eu\/hu\/wp-json\/wp\/v2\/media?parent=130614"}],"wp:term":[{"taxonomy":"product_brand","embeddable":true,"href":"https:\/\/staging.nbg.eu\/hu\/wp-json\/wp\/v2\/product_brand?post=130614"},{"taxonomy":"product_cat","embeddable":true,"href":"https:\/\/staging.nbg.eu\/hu\/wp-json\/wp\/v2\/product_cat?post=130614"},{"taxonomy":"product_tag","embeddable":true,"href":"https:\/\/staging.nbg.eu\/hu\/wp-json\/wp\/v2\/product_tag?post=130614"}],"curies":[{"name":"wp","href":"https:\/\/api.w.org\/{rel}","templated":true}]}}