{"id":130196,"date":"2024-01-30T18:12:20","date_gmt":"2025-01-07T13:15:27","guid":{"rendered":"https:\/\/staging.nbg.eu\/product\/area-419-cantilevered-tactical-one-piece-scope-mount\/"},"modified":"2025-01-07T13:17:36","modified_gmt":"2025-01-07T13:17:36","slug":"area-419-konzolos-taktikai-egyreszes-tavcso-szerelek","status":"publish","type":"product","link":"https:\/\/staging.nbg.eu\/hu\/termek\/area-419-konzolos-taktikai-egyreszes-tavcso-szerelek\/","title":{"rendered":"Area 419 Konzolos Taktikai Egyr\u00e9szes T\u00e1vcs\u0151 Szerel\u00e9k"},"content":{"rendered":"<div class=\"product-description\">\n<h2>Area 419 Konzolos Taktikai Egyr\u00e9szes T\u00e1vcs\u0151szerel\u00e9k<\/h2>\n<p>Az Area 419 Konzolos Taktikai Egyr\u00e9szes T\u00e1vcs\u0151szerel\u00e9k megb\u00edzhat\u00f3 \u00e9s konzisztens. Prec\u00edzi\u00f3s l\u00f6v\u00e9szek sz\u00e1m\u00e1ra tervezt\u00e9k, \u00e9s er\u0151sebb fog\u00e1st biztos\u00edt az optik\u00e1n, mint m\u00e1s term\u00e9kek a piacon.<\/p>\n<h2>Gy\u00e1rt\u00e1si folyamat<\/h2>\n<ul>\n<li>CNC mar\u00f3val k\u00e9sz\u00fclt Amerik\u00e1ban, pr\u00e9mium 7075 alum\u00edniumb\u00f3l<\/li>\n<li>V\u00e9gs\u0151 f\u00far\u00e1s szettekben a t\u00f6k\u00e9letes illeszked\u00e9s\u00e9rt<\/li>\n<li>Nyers alum\u00ednium, prec\u00edzi\u00f3s f\u00fart t\u00e1vcs\u0151\u00e9rintkez\u0151 fel\u00fcletek a maxim\u00e1lis tapad\u00e1s\u00e9rt<\/li>\n<li>A f\u00far\u00e1s ut\u00e1n nem szerelik sz\u00e9t teljesen, biztos\u00edtva a t\u00f6k\u00e9letes illeszked\u00e9st<\/li>\n<\/ul>\n<h2>F\u0151bb jellemz\u0151k<\/h2>\n<ul>\n<li>K\u00f6nny\u0171 kialak\u00edt\u00e1s: 8-9 uncia szerel\u00e9k\u00e9nk\u00e9nt, egyens\u00falyozva a s\u00falykezel\u00e9st \u00e9s a robusztuss\u00e1got<\/li>\n<li>T\u00f6bb kieg\u00e9sz\u00edt\u0151 r\u00f6gz\u00edt\u00e9si pont a sokoldal\u00fas\u00e1g\u00e9rt<\/li>\n<li>K\u00fcl\u00f6n s\u00ednr\u00f6gz\u00edt\u0151 rudak a picatinny s\u00edn maxim\u00e1lis megfog\u00e1s\u00e1\u00e9rt<\/li>\n<li>S\u00fcllyesztett r\u00f6gz\u00edt\u0151 l\u00e1bak a maxim\u00e1lis szerel\u00e9si be\u00e1ll\u00edt\u00e1s\u00e9rt<\/li>\n<li>Ac\u00e9l vezet\u0151csapok az alap \u00e9s a sapk\u00e1k k\u00f6z\u00f6tt a pontos illeszt\u00e9s\u00e9rt<\/li>\n<li>Egyedi nitrid\u00e1lt rozsdamentes hardver a tart\u00f3ss\u00e1g\u00e9rt<\/li>\n<li>Szabadalmaztat\u00e1s alatt \u00e1ll\u00f3, rendk\u00edv\u00fcl merev \u00e9s ism\u00e9telhet\u0151 fels\u0151 kieg\u00e9sz\u00edt\u0151 r\u00f6gz\u00edt\u00e9s<\/li>\n<\/ul>\n<h2>Specifik\u00e1ci\u00f3k<\/h2>\n<ul>\n<li>S\u00faly: 1,5 font<\/li>\n<li>M\u00e9retek: 9,5 \u00d7 5,8 \u00d7 2,8 h\u00fcvelyk<\/li>\n<li>Cs\u0151\u00e1tm\u00e9r\u0151 opci\u00f3k: 30mm, 34mm, 35mm, 36mm<\/li>\n<li>Magass\u00e1g opci\u00f3k: 34mm (1,34&#8243;), 39mm (1,54&#8243;)<\/li>\n<li>D\u0151l\u00e9ssz\u00f6g opci\u00f3k: 0 MOA, 20 MOA (5,8 MIL)<\/li>\n<\/ul>\n<p>Gy\u00e1rt\u00e1si folyamatunk biztos\u00edtja, hogy a t\u00e1vcs\u0151szerel\u00e9k megfeleljen a legmagasabb min\u0151s\u00e9gi \u00e9s teljes\u00edtm\u00e9nyi szabv\u00e1nyoknak.<\/p>\n<\/div>\n","protected":false},"excerpt":{"rendered":"<p>Prec\u00edzi\u00f3s tervez\u00e9s\u0171 t\u00e1vcs\u0151szerel\u00e9k: robusztus, k\u00f6nny\u0171, v\u00e9gs\u0151 furat szerint illesztett gy\u0171r\u0171kkel a t\u00f6k\u00e9letes pontoss\u00e1g\u00e9rt.<\/p>\n","protected":false},"featured_media":108739,"template":"","meta":{"_acf_changed":false},"product_brand":[11039],"product_cat":[12943],"product_tag":[],"class_list":{"0":"post-130196","1":"product","2":"type-product","3":"status-publish","4":"has-post-thumbnail","6":"product_brand-area-419","7":"product_cat-celzas","9":"first","10":"instock","11":"taxable","12":"shipping-taxable","13":"purchasable","14":"product-type-variable","15":"wvs-archive-product-wrapper"},"acf":[],"_links":{"self":[{"href":"https:\/\/staging.nbg.eu\/hu\/wp-json\/wp\/v2\/product\/130196","targetHints":{"allow":["GET"]}}],"collection":[{"href":"https:\/\/staging.nbg.eu\/hu\/wp-json\/wp\/v2\/product"}],"about":[{"href":"https:\/\/staging.nbg.eu\/hu\/wp-json\/wp\/v2\/types\/product"}],"wp:featuredmedia":[{"embeddable":true,"href":"https:\/\/staging.nbg.eu\/hu\/wp-json\/wp\/v2\/media\/108739"}],"wp:attachment":[{"href":"https:\/\/staging.nbg.eu\/hu\/wp-json\/wp\/v2\/media?parent=130196"}],"wp:term":[{"taxonomy":"product_brand","embeddable":true,"href":"https:\/\/staging.nbg.eu\/hu\/wp-json\/wp\/v2\/product_brand?post=130196"},{"taxonomy":"product_cat","embeddable":true,"href":"https:\/\/staging.nbg.eu\/hu\/wp-json\/wp\/v2\/product_cat?post=130196"},{"taxonomy":"product_tag","embeddable":true,"href":"https:\/\/staging.nbg.eu\/hu\/wp-json\/wp\/v2\/product_tag?post=130196"}],"curies":[{"name":"wp","href":"https:\/\/api.w.org\/{rel}","templated":true}]}}