{"id":129756,"date":"2024-01-30T18:11:57","date_gmt":"2025-01-07T12:20:27","guid":{"rendered":"https:\/\/staging.nbg.eu\/product\/area-419-tactical-one-piece-scope-mount\/"},"modified":"2025-01-07T12:22:36","modified_gmt":"2025-01-07T12:22:36","slug":"area-419-taktikai-egyreszes-tavcso-szerelek","status":"publish","type":"product","link":"https:\/\/staging.nbg.eu\/hu\/termek\/area-419-taktikai-egyreszes-tavcso-szerelek\/","title":{"rendered":"Area 419 Taktikai Egyr\u00e9szes T\u00e1vcs\u0151 Szerel\u00e9k"},"content":{"rendered":"<div class=\"product-description\">\n<h2>Area 419 Taktikai Egyr\u00e9szes T\u00e1vcs\u0151szerel\u00e9k<\/h2>\n<p>Ez a t\u00e1vcs\u0151szerel\u00e9k prec\u00edzi\u00f3s gy\u00e1rt\u00e1s\u00fa, v\u00e9gs\u0151 furathoz illesztett gy\u0171r\u0171kkel \u00e9s nyers alum\u00ednium bels\u0151 r\u00e9szekkel rendelkezik. J\u00f3l r\u00f6gz\u00edti az optik\u00e1t felesleges s\u00faly n\u00e9lk\u00fcl.<\/p>\n<ul>\n<li>CNC mar\u00e1ssal k\u00e9sz\u00fclt Amerik\u00e1ban 7075 alum\u00edniumb\u00f3l<\/li>\n<li>Nyers alum\u00ednium, prec\u00edzi\u00f3s f\u00far\u00e1s\u00fa t\u00e1vcs\u0151 \u00e9rintkez\u00e9si fel\u00fcletek<\/li>\n<li>T\u00f6bb kieg\u00e9sz\u00edt\u0151 r\u00f6gz\u00edt\u00e9si pont<\/li>\n<li>K\u00fcl\u00f6n s\u00edn r\u00f6gz\u00edt\u0151 rudak a maxim\u00e1lis tapad\u00e1s\u00e9rt<\/li>\n<li>Ac\u00e9l vezet\u0151csapok az igaz\u00edt\u00e1shoz<\/li>\n<li>Egyedi nitrid\u00e1lt rozsdamentes k\u00f6t\u0151elemek<\/li>\n<li>Szabadalmaztat\u00e1s alatt \u00e1ll\u00f3 merev fels\u0151 kieg\u00e9sz\u00edt\u0151 r\u00f6gz\u00edt\u00e9s<\/li>\n<\/ul>\n<p>K\u00fcl\u00f6nb\u00f6z\u0151 cs\u0151\u00e1tm\u00e9r\u0151kkel \u00e9s magass\u00e1gokkal kaphat\u00f3, 0 MOA vagy 20 MOA d\u0151l\u00e9ssz\u00f6ggel. S\u00faly: 0,68 kg. M\u00e9retek: 24,1 \u00d7 14,7 \u00d7 7,1 cm.<\/p>\n<\/div>\n","protected":false},"excerpt":{"rendered":"<p>Prec\u00edzi\u00f3s furat\u00fa, ultramerev t\u00e1vcs\u0151szerel\u00e9k a p\u00e1ratlan megb\u00edzhat\u00f3s\u00e1g\u00e9rt.<\/p>\n","protected":false},"featured_media":108367,"template":"","meta":{"_acf_changed":false},"product_brand":[11039],"product_cat":[12943],"product_tag":[],"class_list":{"0":"post-129756","1":"product","2":"type-product","3":"status-publish","4":"has-post-thumbnail","6":"product_brand-area-419","7":"product_cat-celzas","9":"first","10":"instock","11":"taxable","12":"shipping-taxable","13":"purchasable","14":"product-type-variable","15":"wvs-archive-product-wrapper"},"acf":[],"_links":{"self":[{"href":"https:\/\/staging.nbg.eu\/hu\/wp-json\/wp\/v2\/product\/129756","targetHints":{"allow":["GET"]}}],"collection":[{"href":"https:\/\/staging.nbg.eu\/hu\/wp-json\/wp\/v2\/product"}],"about":[{"href":"https:\/\/staging.nbg.eu\/hu\/wp-json\/wp\/v2\/types\/product"}],"wp:featuredmedia":[{"embeddable":true,"href":"https:\/\/staging.nbg.eu\/hu\/wp-json\/wp\/v2\/media\/108367"}],"wp:attachment":[{"href":"https:\/\/staging.nbg.eu\/hu\/wp-json\/wp\/v2\/media?parent=129756"}],"wp:term":[{"taxonomy":"product_brand","embeddable":true,"href":"https:\/\/staging.nbg.eu\/hu\/wp-json\/wp\/v2\/product_brand?post=129756"},{"taxonomy":"product_cat","embeddable":true,"href":"https:\/\/staging.nbg.eu\/hu\/wp-json\/wp\/v2\/product_cat?post=129756"},{"taxonomy":"product_tag","embeddable":true,"href":"https:\/\/staging.nbg.eu\/hu\/wp-json\/wp\/v2\/product_tag?post=129756"}],"curies":[{"name":"wp","href":"https:\/\/api.w.org\/{rel}","templated":true}]}}