{"id":129466,"date":"2024-11-06T20:46:32","date_gmt":"2024-11-06T20:46:32","guid":{"rendered":"https:\/\/staging.nbg.eu\/product\/vortex-optics-defender-stmicro-red-dot\/"},"modified":"2025-01-07T10:55:10","modified_gmt":"2025-01-07T10:55:10","slug":"vortex-optics-defender-st-mikro-piros-pont","status":"publish","type":"product","link":"https:\/\/staging.nbg.eu\/hu\/termek\/vortex-optics-defender-st-mikro-piros-pont\/","title":{"rendered":"Vortex Optics &#8211; Defender-ST\u2122 Mikro Piros Pont"},"content":{"rendered":"<h2>Vortex Optics &#8211; Defender-ST\u2122 Mikro Piros Pont<\/h2>\n<p>A Vortex Optics Defender-ST\u2122 Mikro Piros Pont optika pisztolyokhoz, s\u00f6r\u00e9tes pusk\u00e1khoz \u00e9s karab\u00e9lyokhoz tervezve, l\u0151t\u00e9ri gyakorlatokhoz vagy szolg\u00e1lati haszn\u00e1latra.<\/p>\n<h2>F\u0151bb jellemz\u0151k:<\/h2>\n<ul>\n<li>DeltaPoint\u00ae Pro r\u00f6gz\u00edt\u00e9si fel\u00fclet<\/li>\n<li>6 MOA piros pont<\/li>\n<li>1x nagy\u00edt\u00e1s korl\u00e1tlan szemt\u00e1vols\u00e1ggal<\/li>\n<li>25 000 \u00f3r\u00e1s akkumul\u00e1tor \u00e9lettartam CR2032 elemmel<\/li>\n<li>Mozg\u00e1s\u00e9rz\u00e9kel\u0151s aktiv\u00e1l\u00e1s 10 perces automatikus kikapcsol\u00e1ssal<\/li>\n<li>ShockShield\u2122 technol\u00f3gia a tart\u00f3ss\u00e1g\u00e9rt<\/li>\n<li>Fast-Rack\u2122 fel\u00fclet a k\u00f6nny\u0171 cs\u00faszka-h\u00faz\u00e1shoz<\/li>\n<li>Fel\u00fcl elhelyezett elem a k\u00e9nyelmes cser\u00e9hez<\/li>\n<li>10 f\u00e9nyer\u0151 be\u00e1ll\u00edt\u00e1s, k\u00f6zt\u00fck 2 \u00e9jjell\u00e1t\u00f3 kompatibilis opci\u00f3<\/li>\n<\/ul>\n<h2>Optikai teljes\u00edtm\u00e9ny:<\/h2>\n<p>A Defender-ST\u2122 nagy, kem\u00e9nybevonat\u00fa aszf\u00e9rikus lencs\u00e9vel rendelkezik torz\u00edt\u00e1smentes k\u00e9phez. A parallaxismentes kialak\u00edt\u00e1s \u00e9s a nappali f\u00e9nyerej\u0171 k\u00f6zponti pont gyorsabb c\u00e9lz\u00e1st tesz lehet\u0151v\u00e9 k\u00fcl\u00f6nb\u00f6z\u0151 f\u00e9nyviszonyok k\u00f6z\u00f6tt.<\/p>\n<h2>Tart\u00f3ss\u00e1g \u00e9s szerkezet:<\/h2>\n<p>Ez az optika v\u00edz\u00e1ll\u00f3, p\u00e1r\u00e1sod\u00e1smentes \u00e9s \u00fct\u00e9s\u00e1ll\u00f3. A 7075 alum\u00ednium test ShockShield\u2122 polimer bet\u00e9ttel biztos\u00edtja a tart\u00f3ss\u00e1got, m\u00edg a matt fekete elox\u00e1lt fel\u00fclet korr\u00f3zi\u00f3\u00e1ll\u00f3 \u00e9s seg\u00edt elrejteni a poz\u00edci\u00f3t.<\/p>\n<h2>Sokoldal\u00fas\u00e1g \u00e9s k\u00e9nyelem:<\/h2>\n<p>Kompakt m\u00e9ret\u00e9vel (1,8&#8243; hossz\u00fas\u00e1g) \u00e9s k\u00f6nny\u0171 kialak\u00edt\u00e1s\u00e1val (1,48 uncia) a Defender-ST\u2122 k\u00fcl\u00f6nb\u00f6z\u0151 alkalmaz\u00e1sokra alkalmas. A fel\u00fcl elhelyezett elem lehet\u0151v\u00e9 teszi a cser\u00e9t a null\u00e1z\u00e1s elveszt\u00e9se n\u00e9lk\u00fcl, \u00e9s a Fast-Rack\u2122 fel\u00fclet lehet\u0151v\u00e9 teszi a cs\u00faszka-h\u00faz\u00e1st b\u00e1rmely fel\u00fcletr\u0151l.<\/p>\n<p>A Vortex Optics Defender-ST\u2122 Mikro Piros Pont megb\u00edzhat\u00f3 partner b\u00e1rmilyen l\u00f6v\u00e9szeti helyzetben.<\/p>\n","protected":false},"excerpt":{"rendered":"<p>Strapab\u00edr\u00f3, pontos mikro v\u00f6r\u00f6s pont pisztolyokhoz, s\u00f6r\u00e9tes pusk\u00e1khoz \u00e9s r\u00f6vid cs\u00f6v\u0171 pusk\u00e1khoz.<\/p>\n","protected":false},"featured_media":78385,"template":"","meta":{"_acf_changed":false},"product_brand":[11963],"product_cat":[12943,12944,12924,12923,12977],"product_tag":[],"class_list":{"0":"post-129466","1":"product","2":"type-product","3":"status-publish","4":"has-post-thumbnail","6":"product_brand-vortex","7":"product_cat-celzas","8":"product_cat-piros-pontok","9":"product_cat-pisztoly","10":"product_cat-pisztoly-pontok","11":"product_cat-puska-celpontok","13":"first","14":"outofstock","15":"taxable","16":"shipping-taxable","17":"purchasable","18":"product-type-simple"},"acf":[],"_links":{"self":[{"href":"https:\/\/staging.nbg.eu\/hu\/wp-json\/wp\/v2\/product\/129466","targetHints":{"allow":["GET"]}}],"collection":[{"href":"https:\/\/staging.nbg.eu\/hu\/wp-json\/wp\/v2\/product"}],"about":[{"href":"https:\/\/staging.nbg.eu\/hu\/wp-json\/wp\/v2\/types\/product"}],"wp:featuredmedia":[{"embeddable":true,"href":"https:\/\/staging.nbg.eu\/hu\/wp-json\/wp\/v2\/media\/78385"}],"wp:attachment":[{"href":"https:\/\/staging.nbg.eu\/hu\/wp-json\/wp\/v2\/media?parent=129466"}],"wp:term":[{"taxonomy":"product_brand","embeddable":true,"href":"https:\/\/staging.nbg.eu\/hu\/wp-json\/wp\/v2\/product_brand?post=129466"},{"taxonomy":"product_cat","embeddable":true,"href":"https:\/\/staging.nbg.eu\/hu\/wp-json\/wp\/v2\/product_cat?post=129466"},{"taxonomy":"product_tag","embeddable":true,"href":"https:\/\/staging.nbg.eu\/hu\/wp-json\/wp\/v2\/product_tag?post=129466"}],"curies":[{"name":"wp","href":"https:\/\/api.w.org\/{rel}","templated":true}]}}