{"id":129145,"date":"2025-01-01T20:36:12","date_gmt":"2025-01-07T10:13:33","guid":{"rendered":"https:\/\/staging.nbg.eu\/product\/high-profile-red-dot-plates-for-area-419-tactical-mounts\/"},"modified":"2025-01-07T10:15:41","modified_gmt":"2025-01-07T10:15:41","slug":"magas-profilu-piros-pontos-lemezek-area-419-taktikai-szerelekekhez","status":"publish","type":"product","link":"https:\/\/staging.nbg.eu\/hu\/termek\/magas-profilu-piros-pontos-lemezek-area-419-taktikai-szerelekekhez\/","title":{"rendered":"Magas Profil\u00fa Piros-Pontos Lemezek Area 419 Taktikai Szerel\u00e9kekhez"},"content":{"rendered":"<h2>Magas profil\u00fa v\u00f6r\u00f6s pont t\u00e1bl\u00e1k Area 419 taktikai r\u00f6gz\u00edt\u0151kh\u00f6z<\/h2>\n<p>Magas profil\u00fa v\u00f6r\u00f6s pont t\u00e1bl\u00e1k a taktikai egyr\u00e9szes t\u00e1vcs\u0151r\u00f6gz\u00edt\u0151h\u00f6z. Ezek a t\u00e1bl\u00e1k funkcionalit\u00e1st \u00e9s tart\u00f3ss\u00e1got k\u00edn\u00e1lnak.<\/p>\n<h2>F\u0151 jellemz\u0151k:<\/h2>\n<ul>\n<li>Szabadalmaztat\u00e1s alatt \u00e1ll\u00f3 kett\u0151s k\u00fapos r\u00f6gz\u00edt\u00e9s a biztons\u00e1gos csatlakoz\u00e1shoz<\/li>\n<li>Sokoldal\u00fa: Kompatibilis szintez\u0151kkel, ballisztikai k\u00e1rty\u00e1kkal, v\u00f6r\u00f6s pontokkal \u00e9s l\u00e9zeres t\u00e1vols\u00e1gm\u00e9r\u0151kkel<\/li>\n<li>Tart\u00f3ss\u00e1g \u00e9s merevs\u00e9g a pontos visszat\u00e9r\u00e9shez<\/li>\n<li>El\u00e9rhet\u0151 standard \u00e9s alacsony magass\u00e1g\u00fa v\u00e1ltozatokban<\/li>\n<li>CNC mar\u00e1ssal k\u00e9sz\u00fclt Amerik\u00e1ban 7075 alum\u00edniumb\u00f3l<\/li>\n<li>III. t\u00edpus\u00fa kem\u00e9nybevonat\u00fa fekete elox\u00e1lt fel\u00fclet<\/li>\n<\/ul>\n<p>V\u00e1laszthat a standard (1,11&#8243; magas) \u00e9s az alacsony (0,70&#8243; magas) magass\u00e1gok k\u00f6z\u00f6tt. Mindkett\u0151 MIL-STD-1913 szabv\u00e1ny\u00fa s\u00ednekkel \u00e9s r\u00f6gz\u00edt\u0151csavarokkal rendelkezik a k\u00f6nny\u0171 felszerel\u00e9shez.<\/p>\n<p>S\u00faly: 0,45 kg<br \/>\nM\u00e9retek: 15,24 \u00d7 8,89 \u00d7 5,08 cm<\/p>\n","protected":false},"excerpt":{"rendered":"<p>Biztons\u00e1gos, sokoldal\u00fa s\u00edn v\u00f6r\u00f6s pontos ir\u00e1nyz\u00e9kok \u00e9s kieg\u00e9sz\u00edt\u0151k sz\u00e1m\u00e1ra taktikai r\u00f6gz\u00edt\u0151k\u00f6n.<\/p>\n","protected":false},"featured_media":108715,"template":"","meta":{"_acf_changed":false},"product_brand":[11039],"product_cat":[12943,12900],"product_tag":[],"class_list":{"0":"post-129145","1":"product","2":"type-product","3":"status-publish","4":"has-post-thumbnail","6":"product_brand-area-419","7":"product_cat-celzas","8":"product_cat-celzo-kiegeszitok","10":"first","11":"instock","12":"taxable","13":"shipping-taxable","14":"purchasable","15":"product-type-variable","16":"wvs-archive-product-wrapper"},"acf":[],"_links":{"self":[{"href":"https:\/\/staging.nbg.eu\/hu\/wp-json\/wp\/v2\/product\/129145","targetHints":{"allow":["GET"]}}],"collection":[{"href":"https:\/\/staging.nbg.eu\/hu\/wp-json\/wp\/v2\/product"}],"about":[{"href":"https:\/\/staging.nbg.eu\/hu\/wp-json\/wp\/v2\/types\/product"}],"wp:featuredmedia":[{"embeddable":true,"href":"https:\/\/staging.nbg.eu\/hu\/wp-json\/wp\/v2\/media\/108715"}],"wp:attachment":[{"href":"https:\/\/staging.nbg.eu\/hu\/wp-json\/wp\/v2\/media?parent=129145"}],"wp:term":[{"taxonomy":"product_brand","embeddable":true,"href":"https:\/\/staging.nbg.eu\/hu\/wp-json\/wp\/v2\/product_brand?post=129145"},{"taxonomy":"product_cat","embeddable":true,"href":"https:\/\/staging.nbg.eu\/hu\/wp-json\/wp\/v2\/product_cat?post=129145"},{"taxonomy":"product_tag","embeddable":true,"href":"https:\/\/staging.nbg.eu\/hu\/wp-json\/wp\/v2\/product_tag?post=129145"}],"curies":[{"name":"wp","href":"https:\/\/api.w.org\/{rel}","templated":true}]}}