{"id":128683,"date":"2025-01-01T20:31:02","date_gmt":"2025-01-07T09:59:34","guid":{"rendered":"https:\/\/staging.nbg.eu\/product\/area-419-tactical-one-piece-mount-diving-board\/"},"modified":"2025-01-07T10:02:00","modified_gmt":"2025-01-07T10:02:00","slug":"area-419-taktikai-egyreszes-szerelek-ugrodeszka","status":"publish","type":"product","link":"https:\/\/staging.nbg.eu\/hu\/termek\/area-419-taktikai-egyreszes-szerelek-ugrodeszka\/","title":{"rendered":"Area 419 &#8211; Taktikai Egyr\u00e9szes Szerel\u00e9k Ugr\u00f3deszka"},"content":{"rendered":"<div class=\"product-description\">\n<h2>Area 419 &#8211; Taktikai Egyr\u00e9szes R\u00f6gz\u00edt\u0151 Konzol<\/h2>\n<p>T\u00e1vcs\u0151r\u00f6gz\u00edt\u0151 konzol. Kett\u0151s k\u00fapos r\u00f6gz\u00edt\u00e9si ponttal rendelkezik, amely biztons\u00e1got \u00e9s sokoldal\u00fas\u00e1got k\u00edn\u00e1l az optikai rendszerhez. Alkalmas szintez\u0151k, adatk\u00e1rty\u00e1k, v\u00f6r\u00f6s pontok \u00e9s l\u00e9zeres t\u00e1vm\u00e9r\u0151k r\u00f6gz\u00edt\u00e9s\u00e9re.<\/p>\n<h3>F\u0151 jellemz\u0151k:<\/h3>\n<ul>\n<li>Standard \u00e9s Alacsony magass\u00e1g\u00fa v\u00e1ltozatban el\u00e9rhet\u0151<\/li>\n<li>MIL-STD-1913 szabv\u00e1ny\u00fa s\u00edn (10 horony a Standard, 6 az Alacsony v\u00e1ltozathoz)<\/li>\n<li>III-as t\u00edpus\u00fa kem\u00e9nybevonat\u00fa fekete elox\u00e1lt fel\u00fclet<\/li>\n<li>R\u00f6gz\u00edtett csavarok a k\u00f6nny\u0171 felszerel\u00e9shez<\/li>\n<li>CNC mar\u00e1ssal k\u00e9sz\u00fclt Amerik\u00e1ban 7075-\u00f6s alum\u00edniumb\u00f3l<\/li>\n<li>S\u00faly: 70,9 g (Standard) vagy 42,5 g (Alacsony)<\/li>\n<\/ul>\n<p>Az Area 419 Taktikai Egyr\u00e9szes R\u00f6gz\u00edt\u0151 Konzol az optikai rendszerek pontoss\u00e1g\u00e1t \u00e9s stabilit\u00e1s\u00e1t szolg\u00e1lja.<\/p>\n<\/div>\n","protected":false},"excerpt":{"rendered":"<p>Robusztus, sokoldal\u00fa s\u00edn t\u00e1vcs\u0151szerel\u00e9kekhez. Biztons\u00e1gos, tart\u00f3s, amerikai gy\u00e1rtm\u00e1ny.<\/p>\n","protected":false},"featured_media":108392,"template":"","meta":{"_acf_changed":false},"product_brand":[11039],"product_cat":[12943,12900],"product_tag":[],"class_list":{"0":"post-128683","1":"product","2":"type-product","3":"status-publish","4":"has-post-thumbnail","6":"product_brand-area-419","7":"product_cat-celzas","8":"product_cat-celzo-kiegeszitok","10":"first","11":"instock","12":"taxable","13":"shipping-taxable","14":"purchasable","15":"product-type-variable","16":"wvs-archive-product-wrapper"},"acf":[],"_links":{"self":[{"href":"https:\/\/staging.nbg.eu\/hu\/wp-json\/wp\/v2\/product\/128683","targetHints":{"allow":["GET"]}}],"collection":[{"href":"https:\/\/staging.nbg.eu\/hu\/wp-json\/wp\/v2\/product"}],"about":[{"href":"https:\/\/staging.nbg.eu\/hu\/wp-json\/wp\/v2\/types\/product"}],"wp:featuredmedia":[{"embeddable":true,"href":"https:\/\/staging.nbg.eu\/hu\/wp-json\/wp\/v2\/media\/108392"}],"wp:attachment":[{"href":"https:\/\/staging.nbg.eu\/hu\/wp-json\/wp\/v2\/media?parent=128683"}],"wp:term":[{"taxonomy":"product_brand","embeddable":true,"href":"https:\/\/staging.nbg.eu\/hu\/wp-json\/wp\/v2\/product_brand?post=128683"},{"taxonomy":"product_cat","embeddable":true,"href":"https:\/\/staging.nbg.eu\/hu\/wp-json\/wp\/v2\/product_cat?post=128683"},{"taxonomy":"product_tag","embeddable":true,"href":"https:\/\/staging.nbg.eu\/hu\/wp-json\/wp\/v2\/product_tag?post=128683"}],"curies":[{"name":"wp","href":"https:\/\/api.w.org\/{rel}","templated":true}]}}