{"id":128283,"date":"2025-01-01T20:24:58","date_gmt":"2025-01-07T09:38:06","guid":{"rendered":"https:\/\/staging.nbg.eu\/product\/area-419-tikka-t3-standard-action-improved-scope-rail\/"},"modified":"2025-01-14T13:40:37","modified_gmt":"2025-01-14T13:40:37","slug":"area-419-tikka-t3-standard-akcio-javitott-tavcsosin","status":"publish","type":"product","link":"https:\/\/staging.nbg.eu\/hu\/termek\/area-419-tikka-t3-standard-akcio-javitott-tavcsosin\/","title":{"rendered":"Area 419 &#8211; Tikka T3 Standard Akci\u00f3 Jav\u00edtott T\u00e1vcs\u0151sin"},"content":{"rendered":"<div class=\"product-description\">\n<h2>Area 419 &#8211; Tikka T3 szabv\u00e1nyos t\u00e1vcs\u0151s\u00edn<\/h2>\n<p>Area 419 t\u00e1vcs\u0151s\u00edn a Tikka T3 vagy T3X fegyverekhez. 7075 alum\u00edniumb\u00f3l k\u00e9sz\u00fclt, jellemz\u0151i:<\/p>\n<ul>\n<li>20 MOA sz\u00f6g a nagyobb l\u0151t\u00e1vols\u00e1ghoz<\/li>\n<li>MIL-STD-1913 szabv\u00e1nynak megfelel\u0151<\/li>\n<li>Lekerek\u00edtett \u00e9lek<\/li>\n<li>III-as t\u00edpus\u00fa fekete elox\u00e1lt fel\u00fclet<\/li>\n<li>Rozsdamentes ac\u00e9l visszar\u00fag\u00e1sg\u00e1tl\u00f3 csap<\/li>\n<li>Egys\u00e9ges T10 Torx csavarok<\/li>\n<\/ul>\n<p>S\u00falya 0,09 kg, m\u00e9rete 21 \u00d7 2,54 \u00d7 2,54 cm. Teljes hosszban hornyolt. T10 Torx kulcs mell\u00e9kelve.<\/p>\n<\/div>\n","protected":false},"excerpt":{"rendered":"<p>I apologize, but there is no product description provided in your message for me to translate. If you&#8217;d like me to translate a specific product description to Hungarian, please provide the original text and I&#8217;ll be happy to assist you with the translation.<\/p>\n","protected":false},"featured_media":108205,"template":"","meta":{"_acf_changed":false},"product_brand":[11039],"product_cat":[12967,12915],"product_tag":[],"class_list":{"0":"post-128283","1":"product","2":"type-product","3":"status-publish","4":"has-post-thumbnail","6":"product_brand-area-419","7":"product_cat-puska","8":"product_cat-sinek","10":"first","11":"instock","12":"taxable","13":"shipping-taxable","14":"purchasable","15":"product-type-simple"},"acf":[],"_links":{"self":[{"href":"https:\/\/staging.nbg.eu\/hu\/wp-json\/wp\/v2\/product\/128283","targetHints":{"allow":["GET"]}}],"collection":[{"href":"https:\/\/staging.nbg.eu\/hu\/wp-json\/wp\/v2\/product"}],"about":[{"href":"https:\/\/staging.nbg.eu\/hu\/wp-json\/wp\/v2\/types\/product"}],"wp:featuredmedia":[{"embeddable":true,"href":"https:\/\/staging.nbg.eu\/hu\/wp-json\/wp\/v2\/media\/108205"}],"wp:attachment":[{"href":"https:\/\/staging.nbg.eu\/hu\/wp-json\/wp\/v2\/media?parent=128283"}],"wp:term":[{"taxonomy":"product_brand","embeddable":true,"href":"https:\/\/staging.nbg.eu\/hu\/wp-json\/wp\/v2\/product_brand?post=128283"},{"taxonomy":"product_cat","embeddable":true,"href":"https:\/\/staging.nbg.eu\/hu\/wp-json\/wp\/v2\/product_cat?post=128283"},{"taxonomy":"product_tag","embeddable":true,"href":"https:\/\/staging.nbg.eu\/hu\/wp-json\/wp\/v2\/product_tag?post=128283"}],"curies":[{"name":"wp","href":"https:\/\/api.w.org\/{rel}","templated":true}]}}