{"id":106791,"date":"2024-11-16T10:23:45","date_gmt":"2024-12-30T09:55:26","guid":{"rendered":"https:\/\/staging.nbg.eu\/product\/sai-optics-model-sai-6-1x-6x\/"},"modified":"2024-12-30T09:57:59","modified_gmt":"2024-12-30T09:57:59","slug":"sai-optics-model-sai-6-1x-6x","status":"publish","type":"product","link":"https:\/\/staging.nbg.eu\/hu\/termek\/sai-optics-model-sai-6-1x-6x\/","title":{"rendered":"SAI Optics\u2122 Model SAI 6\u2122 &#8211; 1x-6x"},"content":{"rendered":"<h2>SAI Optics\u2122 Model SAI 6\u2122 &#8211; 1x-6x<\/h2>\n<p>A SAI\u2122 6 sorozat\u00fa optikai c\u00e9lz\u00f3 v\u00e1ltoztathat\u00f3 nagy\u00edt\u00e1s\u00fa megold\u00e1st k\u00edn\u00e1l. LED-megvil\u00e1g\u00edt\u00e1s\u00fa els\u0151 f\u00f3kuszs\u00edk\u00fa c\u00e9lir\u00e1nyz\u00e9kkal rendelkezik, amely pontos t\u00e1vols\u00e1gbecsl\u00e9st \u00e9s ballisztikai korrekci\u00f3t biztos\u00edt b\u00e1rmely nagy\u00edt\u00e1sn\u00e1l. A szabadalmaztatott Rapid Aiming Feature\u2122 c\u00e9lir\u00e1nyz\u00e9k \u00e9s a l\u00e1t\u00f3mez\u0151 jav\u00edtja a k\u00f6zeli c\u00e9lz\u00e1s hat\u00e9konys\u00e1g\u00e1t.<\/p>\n<h2>F\u0151 jellemz\u0151k:<\/h2>\n<ul>\n<li>Nagy\u00edt\u00e1s: 1x-6x<\/li>\n<li>Meger\u0151s\u00edtett cs\u00f6ves kialak\u00edt\u00e1s modul\u00e1ris r\u00f6gz\u00edt\u00e9shez<\/li>\n<li>LED megvil\u00e1g\u00edt\u00e1s\u00fa c\u00e9lir\u00e1nyz\u00e9k 10 be\u00e1ll\u00edt\u00e1ssal<\/li>\n<li>El\u00e9rhet\u0151 c\u00e9lir\u00e1nyz\u00e9kok: 5.56 BDC, 6.8 BDC, 7.62 BDC<\/li>\n<li>V\u00edz\u00e1ll\u00f3: 2 \u00f3ra 3 m\u00e9ter m\u00e9lys\u00e9gben<\/li>\n<li>\u00dct\u00e9s\u00e1ll\u00f3: 1000g 10,000 cikluson<\/li>\n<\/ul>\n<h2>C\u00e9lir\u00e1nyz\u00e9kok:<\/h2>\n<ul>\n<li>5.56 BDC &#8211; Rapid Aiming Feature\u2122 C\u00e9lir\u00e1nyz\u00e9k<\/li>\n<li>6.8   BDC &#8211; Rapid Aiming Feature\u2122 C\u00e9lir\u00e1nyz\u00e9k<\/li>\n<li>7.62 BDC &#8211; Rapid Aiming Feature\u2122 C\u00e9lir\u00e1nyz\u00e9k<\/li>\n<\/ul>\n<h2>Specifik\u00e1ci\u00f3k:<\/h2>\n<ul>\n<li>Hossz: 256mm (10.07 h\u00fcvelyk)<\/li>\n<li>S\u00faly: 510g (18.0 uncia)<\/li>\n<li>Cs\u0151 \u00e1tm\u00e9r\u0151: 30mm<\/li>\n<li>L\u00e1t\u00f3mez\u0151 1x-n\u00e9l: 22 fok (38.8m 100m-n\u00e9l)<\/li>\n<li>Szemt\u00e1vols\u00e1g: 90mm (3.54 h\u00fcvelyk) n\u00e9vleges<\/li>\n<li>Elem t\u00edpus: CR2032 3v l\u00edtium<\/li>\n<\/ul>\n<h2>Alaptartoz\u00e9kok:<\/h2>\n<ul>\n<li>Tenebraex\u00ae Tactical Tough\u00ae lencsev\u00e9d\u0151k<\/li>\n<li>Tenebraex\u00ae killFlash\u00ae f\u00e9nyvisszaver\u0151d\u00e9s-g\u00e1tl\u00f3 eszk\u00f6z<\/li>\n<li>\u00c1ll\u00edt\u00f3gomb r\u00f6gz\u00edt\u0151 zsin\u00f3r<\/li>\n<li>Elem elt\u00e1vol\u00edt\u00f3 korong<\/li>\n<\/ul>\n<p>A SAI\u2122 6 sorozatot optikai teljes\u00edtm\u00e9nyre tervezt\u00e9k zord k\u00f6rnyezetben, \u00e9s alkalmas olyan fejlett optikai c\u00e9lz\u00f3rendszer-kieg\u00e9sz\u00edt\u0151kh\u00f6z, mint a felhajthat\u00f3 v\u00e9d\u0151k, l\u00e9zeres sz\u0171r\u0151k \u00e9s polariz\u00e1torok.<\/p>\n","protected":false},"excerpt":{"rendered":"<p>SAI 6\u2122: Strapab\u00edr\u00f3 1x-6x LED ir\u00e1nyz\u00e9k FFP c\u00e9lz\u00f3kereszttel \u00e9s sz\u00e9les l\u00e1t\u00f3mez\u0151vel.<\/p>\n","protected":false},"featured_media":79690,"template":"","meta":{"_acf_changed":false},"product_brand":[11707],"product_cat":[12943,12911],"product_tag":[],"class_list":{"0":"post-106791","1":"product","2":"type-product","3":"status-publish","4":"has-post-thumbnail","6":"product_brand-sai-optics","7":"product_cat-celzas","8":"product_cat-nagyitos-optikak","10":"first","11":"instock","12":"taxable","13":"shipping-taxable","14":"purchasable","15":"product-type-variable","16":"wvs-archive-product-wrapper"},"acf":[],"_links":{"self":[{"href":"https:\/\/staging.nbg.eu\/hu\/wp-json\/wp\/v2\/product\/106791","targetHints":{"allow":["GET"]}}],"collection":[{"href":"https:\/\/staging.nbg.eu\/hu\/wp-json\/wp\/v2\/product"}],"about":[{"href":"https:\/\/staging.nbg.eu\/hu\/wp-json\/wp\/v2\/types\/product"}],"wp:featuredmedia":[{"embeddable":true,"href":"https:\/\/staging.nbg.eu\/hu\/wp-json\/wp\/v2\/media\/79690"}],"wp:attachment":[{"href":"https:\/\/staging.nbg.eu\/hu\/wp-json\/wp\/v2\/media?parent=106791"}],"wp:term":[{"taxonomy":"product_brand","embeddable":true,"href":"https:\/\/staging.nbg.eu\/hu\/wp-json\/wp\/v2\/product_brand?post=106791"},{"taxonomy":"product_cat","embeddable":true,"href":"https:\/\/staging.nbg.eu\/hu\/wp-json\/wp\/v2\/product_cat?post=106791"},{"taxonomy":"product_tag","embeddable":true,"href":"https:\/\/staging.nbg.eu\/hu\/wp-json\/wp\/v2\/product_tag?post=106791"}],"curies":[{"name":"wp","href":"https:\/\/api.w.org\/{rel}","templated":true}]}}