{"id":106615,"date":"2024-01-30T18:13:57","date_gmt":"2024-12-30T09:38:59","guid":{"rendered":"https:\/\/staging.nbg.eu\/product\/tangent-theta-tt735p-7-35x56mm-professional\/"},"modified":"2024-12-30T09:40:46","modified_gmt":"2024-12-30T09:40:46","slug":"tangent-theta-tt735p-7-35x56mm-professzionalis","status":"publish","type":"product","link":"https:\/\/staging.nbg.eu\/hu\/termek\/tangent-theta-tt735p-7-35x56mm-professzionalis\/","title":{"rendered":"Tangent Theta TT735P (7-35x56mm Professzion\u00e1lis)"},"content":{"rendered":"<div class=\"product-description\">\n<p>A Tangent Theta 2013-ban alakult \u00daj-Sk\u00f3ci\u00e1ban, Kanad\u00e1ban azzal a c\u00e9llal, hogy a legjobb puskaszk\u00f3pokat gy\u00e1rtsa. A puskaszk\u00f3pokat k\u00e9zzel szerelik \u00f6ssze, egyenk\u00e9nt tesztelik \u00e9s ellen\u0151rzik optikai tervez\u0151kb\u0151l, g\u00e9p\u00e9szm\u00e9rn\u00f6k\u00f6kb\u0151l \u00e9s nemzetk\u00f6zi szint\u0171 t\u00e1vl\u00f6v\u00e9szekb\u0151l \u00e1ll\u00f3 csapat \u00e1ltal.<\/p>\n<h2>Tangent Theta TT735P 7-35x56mm Professzion\u00e1lis Puskateleszk\u00f3p<\/h2>\n<p>A Tangent Theta TT735P egy 7-35x56mm-es puskateleszk\u00f3p, amely fejlett technol\u00f3gi\u00e1t \u00e9s tart\u00f3ss\u00e1got kombin\u00e1l a legjobb teljes\u00edtm\u00e9ny \u00e9rdek\u00e9ben.<\/p>\n<h2>F\u0151 jellemz\u0151k:<\/h2>\n<ul>\n<li>7-35x nagy\u00edt\u00e1s<\/li>\n<li>56mm-es objekt\u00edv lencse<\/li>\n<li>36mm-es f\u0151cs\u0151<\/li>\n<li>Parallaxis \u00e1ll\u00edt\u00e1s 10 m\u00e9terig<\/li>\n<li>11 c\u00e9lkereszt megvil\u00e1g\u00edt\u00e1si be\u00e1ll\u00edt\u00e1s<\/li>\n<li>Szersz\u00e1m n\u00e9lk\u00fcli \u00fajranull\u00e1z\u00e1s funkci\u00f3 (US Szabadalom # 10,591,253)<\/li>\n<li>Nem forg\u00f3 gombok magass\u00e1g\u00e1ll\u00edt\u00e1si \u00fctk\u00f6z\u0151vel<\/li>\n<li>K\u00e9tfordulatos magass\u00e1g\u00e1ll\u00edt\u00e1s fordulatsz\u00e1ml\u00e1l\u00f3 indik\u00e1torral<\/li>\n<li>Z\u00e1rhat\u00f3 gyors\u00e1ll\u00edt\u00e1s\u00fa dioptria<\/li>\n<\/ul>\n<h2>Min\u0151s\u00e9g:<\/h2>\n<p>Kanad\u00e1ban gy\u00e1rtva, 4 \u00f3r\u00e1s v\u00edz\u00e1ll\u00f3s\u00e1g 10 m\u00e9teren, 700g \u00fct\u00e9s\u00e1ll\u00f3s\u00e1g 10,000 cikluson.<\/p>\n<\/div>\n<h2>C\u00e9lkeresztek:<\/h2>\n<ol>\n<li data-line-height=\"xs\">Horus Tremor3<\/li>\n<li data-line-height=\"xs\">JTAC<\/li>\n<li data-line-height=\"xs\">Gen 3 XR Fine<\/li>\n<\/ol>\n<div class=\"product-description\">\n<h2>Optika:<\/h2>\n<p>H\u00e1rom c\u00e9lkereszt opci\u00f3. 90mm szemt\u00e1vols\u00e1g \u00e9s l\u00e1t\u00f3mez\u0151 5,41m 100m-en (7x) \u00e9s 1,08m 100m-en (35x).<\/p>\n<h2>Be\u00e1ll\u00edt\u00e1sok:<\/h2>\n<p>0,1 mrad \u00e1ll\u00edt\u00e1si felbont\u00e1s, 30 mrad teljes magass\u00e1g\u00e1ll\u00edt\u00e1si tartom\u00e1ny, \u00e9s 14 mrad teljes oldal\u00e1ll\u00edt\u00e1si tartom\u00e1ny. Oldalparallaxis \u00e1ll\u00edt\u00e1s \u00e9s z\u00e1rhat\u00f3 dioptria.<\/p>\n<\/div>\n","protected":false},"excerpt":{"rendered":"<p>A Tangent Theta 7-35x56mm Professional az a c\u00e9lt\u00e1vcs\u0151, amelyet a rendk\u00edv\u00fcl nagy t\u00e1vols\u00e1g\u00fa l\u00f6v\u00e9szethez v\u00e1laszt.<\/p>\n","protected":false},"featured_media":80999,"template":"","meta":{"_acf_changed":false},"product_brand":[11891],"product_cat":[12943,12911],"product_tag":[],"class_list":{"0":"post-106615","1":"product","2":"type-product","3":"status-publish","4":"has-post-thumbnail","6":"product_brand-tangent-theta","7":"product_cat-celzas","8":"product_cat-nagyitos-optikak","10":"first","11":"instock","12":"taxable","13":"shipping-taxable","14":"purchasable","15":"product-type-variable","16":"wvs-archive-product-wrapper"},"acf":[],"_links":{"self":[{"href":"https:\/\/staging.nbg.eu\/hu\/wp-json\/wp\/v2\/product\/106615","targetHints":{"allow":["GET"]}}],"collection":[{"href":"https:\/\/staging.nbg.eu\/hu\/wp-json\/wp\/v2\/product"}],"about":[{"href":"https:\/\/staging.nbg.eu\/hu\/wp-json\/wp\/v2\/types\/product"}],"wp:featuredmedia":[{"embeddable":true,"href":"https:\/\/staging.nbg.eu\/hu\/wp-json\/wp\/v2\/media\/80999"}],"wp:attachment":[{"href":"https:\/\/staging.nbg.eu\/hu\/wp-json\/wp\/v2\/media?parent=106615"}],"wp:term":[{"taxonomy":"product_brand","embeddable":true,"href":"https:\/\/staging.nbg.eu\/hu\/wp-json\/wp\/v2\/product_brand?post=106615"},{"taxonomy":"product_cat","embeddable":true,"href":"https:\/\/staging.nbg.eu\/hu\/wp-json\/wp\/v2\/product_cat?post=106615"},{"taxonomy":"product_tag","embeddable":true,"href":"https:\/\/staging.nbg.eu\/hu\/wp-json\/wp\/v2\/product_tag?post=106615"}],"curies":[{"name":"wp","href":"https:\/\/api.w.org\/{rel}","templated":true}]}}