{"id":106192,"date":"2024-11-17T08:06:47","date_gmt":"2024-12-30T09:20:50","guid":{"rendered":"https:\/\/staging.nbg.eu\/product\/tangent-theta-tt525p-5-25x56mm-professional\/"},"modified":"2024-12-30T09:23:19","modified_gmt":"2024-12-30T09:23:19","slug":"tangent-theta-tt525p-5-25x56mm-professzionalis","status":"publish","type":"product","link":"https:\/\/staging.nbg.eu\/hu\/termek\/tangent-theta-tt525p-5-25x56mm-professzionalis\/","title":{"rendered":"Tangent Theta TT525P (5-25x56mm Professzion\u00e1lis)"},"content":{"rendered":"<h2>Tangent Theta TT525P 5-25x56mm Professzion\u00e1lis Puska T\u00e1vcs\u0151<\/h2>\n<p>A Tangent Theta TT525P egy nagy hat\u00f3t\u00e1vols\u00e1g\u00fa prec\u00edzi\u00f3s c\u00e9lz\u00f3eszk\u00f6z, amelyet professzion\u00e1lis l\u00f6v\u00e9szek sz\u00e1m\u00e1ra terveztek. Kanad\u00e1ban gy\u00e1rtj\u00e1k, ez a puska t\u00e1vcs\u0151 egyes\u00edti a tart\u00f3ss\u00e1got, a mechanikai pontoss\u00e1got \u00e9s a kiv\u00e1l\u00f3 optikai min\u0151s\u00e9get.<\/p>\n<h2>F\u0151 jellemz\u0151k:<\/h2>\n<ul>\n<li>56 mm-es objekt\u00edv lencse<\/li>\n<li>34 mm-es f\u0151cs\u0151<\/li>\n<li>5-25x nagy\u00edt\u00e1si tartom\u00e1ny<\/li>\n<li>Tizenegy sz\u00e1lkereszt megvil\u00e1g\u00edt\u00e1si be\u00e1ll\u00edt\u00e1s<\/li>\n<li>Oldals\u00f3 parallaxis \u00e1ll\u00edt\u00e1s 50 m-t\u0151l v\u00e9gtelenig<\/li>\n<li>Szabadalmaztatott SZERSZ\u00c1M N\u00c9LK\u00dcLI \u00daJRA-NULL\u00c1Z\u00c1S\u00ae funkci\u00f3 (US Szabadalom # 10,591,253)<\/li>\n<li>Nem forg\u00f3 gombok magass\u00e1gi nulla-stoppal<\/li>\n<li>K\u00e9tfordulatos magass\u00e1gi \u00e1ll\u00edt\u00e1s fordulatjelz\u0151vel<\/li>\n<li>Z\u00e1rhat\u00f3 gyors dioptria \u00e1ll\u00edt\u00e1s (-3-t\u00f3l +2,5-ig)<\/li>\n<\/ul>\n<h2>Sz\u00e1lkeresztek:<\/h2>\n<ul>\n<li>Gen 2 XR sz\u00e1lkereszt<\/li>\n<li>MoA-ER<\/li>\n<li>Gen 3 XR sz\u00e1lkereszt<\/li>\n<li>Gen 2 MoA-ER<\/li>\n<li>Gen 3 XR Fine sz\u00e1lkereszt<\/li>\n<li>Horus H59 sz\u00e1lkereszt<\/li>\n<li>Horus Tremor3 sz\u00e1lkereszt<\/li>\n<li>JTAC sz\u00e1lkereszt<\/li>\n<li>Gen 2 XR sz\u00e1lkereszt, AIF<\/li>\n<li>Gen 3 XR sz\u00e1lkereszt, AIF<\/li>\n<li>Gen 3 XR Fine sz\u00e1lkereszt, AIF<\/li>\n<li>JTAC sz\u00e1lkereszt, AIF<\/li>\n<li>Horus Tremor3 sz\u00e1lkereszt, AIF<\/li>\n<\/ul>\n<h2>Prec\u00edzi\u00f3s m\u0171szaki jellemz\u0151k:<\/h2>\n<p>A TT525P teljes \u00e1ll\u00edt\u00e1si tartom\u00e1nya 30 mrad (103 MoA) magass\u00e1gban \u00e9s \u00b110 mrad (\u00b134 MoA) oldalir\u00e1nyban. 0,1 mrad vagy 1\/4 MoA \u00e1ll\u00edt\u00e1si felbont\u00e1ssal rendelkezik.<\/p>\n<h2>Optikai jellemz\u0151k:<\/h2>\n<p>90 mm-es szemt\u00e1vols\u00e1g \u00e9s 7,6 m-t\u0151l 100 m-en (5x) 1,6 m-ig 100 m-en (25x) terjed\u0151 l\u00e1t\u00f3mez\u0151. Az 56 mm-es objekt\u00edv lencse j\u00f3 f\u00e9ny\u00e1tereszt\u00e9st biztos\u00edt.<\/p>\n<h2>Tart\u00f3ss\u00e1g:<\/h2>\n<p>A TT525P v\u00edz\u00e1ll\u00f3 10 m\u00e9terig 4 \u00f3r\u00e1n \u00e1t, \u00e9s \u00fct\u00e9s\u00e1ll\u00f3 700g-ig 10 000 cikluson. II. t\u00edpus\u00fa elox\u00e1lt matt fel\u00fclet.<\/p>\n<h2>Sz\u00e1lkereszt opci\u00f3k:<\/h2>\n<p>V\u00e1laszthat\u00f3 sz\u00e1lkeresztek: Gen 2XR, MoA, Gen 3XR, H-59, Tremor3, JTAC, Gen 3 XR Fine \u00e9s GEN2 MOA-ER.<\/p>\n<h2>Tov\u00e1bbi specifik\u00e1ci\u00f3k:<\/h2>\n<ul>\n<li>Hossz: 425 mm<\/li>\n<li>S\u00faly: 1150 g<\/li>\n<li>Objekt\u00edv \u00e1tm\u00e9r\u0151: 65 mm<\/li>\n<li>Megvil\u00e1g\u00edt\u00e1s: LED, 11 be\u00e1ll\u00edt\u00e1ssal<\/li>\n<li>Elem: DL2032 3v l\u00edtium<\/li>\n<\/ul>\n<p>A Tangent Theta TT525P Tenebraex lencsev\u00e9d\u0151kkel \u00e9s ARD-vel \u00e9rkezik.<\/p>\n","protected":false},"excerpt":{"rendered":"<p>Professzion\u00e1lis szint\u0171 5-25x56mm-es puska c\u00e9lt\u00e1vcs\u0151. Strapab\u00edr\u00f3, prec\u00edz, kiv\u00e1l\u00f3 optik\u00e1val.<\/p>\n","protected":false},"featured_media":100877,"template":"","meta":{"_acf_changed":false},"product_brand":[11891],"product_cat":[12943,12911],"product_tag":[],"class_list":{"0":"post-106192","1":"product","2":"type-product","3":"status-publish","4":"has-post-thumbnail","6":"product_brand-tangent-theta","7":"product_cat-celzas","8":"product_cat-nagyitos-optikak","10":"first","11":"instock","12":"taxable","13":"shipping-taxable","14":"purchasable","15":"product-type-variable","16":"wvs-archive-product-wrapper"},"acf":[],"_links":{"self":[{"href":"https:\/\/staging.nbg.eu\/hu\/wp-json\/wp\/v2\/product\/106192","targetHints":{"allow":["GET"]}}],"collection":[{"href":"https:\/\/staging.nbg.eu\/hu\/wp-json\/wp\/v2\/product"}],"about":[{"href":"https:\/\/staging.nbg.eu\/hu\/wp-json\/wp\/v2\/types\/product"}],"wp:featuredmedia":[{"embeddable":true,"href":"https:\/\/staging.nbg.eu\/hu\/wp-json\/wp\/v2\/media\/100877"}],"wp:attachment":[{"href":"https:\/\/staging.nbg.eu\/hu\/wp-json\/wp\/v2\/media?parent=106192"}],"wp:term":[{"taxonomy":"product_brand","embeddable":true,"href":"https:\/\/staging.nbg.eu\/hu\/wp-json\/wp\/v2\/product_brand?post=106192"},{"taxonomy":"product_cat","embeddable":true,"href":"https:\/\/staging.nbg.eu\/hu\/wp-json\/wp\/v2\/product_cat?post=106192"},{"taxonomy":"product_tag","embeddable":true,"href":"https:\/\/staging.nbg.eu\/hu\/wp-json\/wp\/v2\/product_tag?post=106192"}],"curies":[{"name":"wp","href":"https:\/\/api.w.org\/{rel}","templated":true}]}}