{"id":84471,"date":"2024-11-17T07:25:58","date_gmt":"2024-12-18T10:04:01","guid":{"rendered":"https:\/\/staging.nbg.eu\/product\/tangent-theta-tt315m-3-15x50mm-marksman\/"},"modified":"2024-12-30T08:45:06","modified_gmt":"2024-12-30T08:45:06","slug":"tangent-theta-tt315m-3-15x50mm-marksman","status":"publish","type":"product","link":"https:\/\/staging.nbg.eu\/hr\/proizvod\/tangent-theta-tt315m-3-15x50mm-marksman\/","title":{"rendered":"Tangent Theta TT315M (3-15x50mm Marksman)"},"content":{"rendered":"<div class=\"product-description\">\n<p>Tangent Theta osnovan je 2013. u Nova Scotiji, Kanada s ciljem proizvodnje najboljih opti\u010dkih ciljnika za pu\u0161ke. Ciljnici se ru\u010dno sastavljaju, pojedina\u010dno testiraju i pregledavaju od strane tima koji se sastoji od opti\u010dkih dizajnera, strojarskih in\u017eenjera i me\u0111unarodnih strijelaca na velike udaljenosti.<\/p>\n<h2>Tangent Theta TT315M 3-15x50mm Opti\u010dki ciljnik za pu\u0161ke<\/h2>\n<p>Tangent Theta TT315M je precizni opti\u010dki instrument za srednje udaljenosti namijenjen policijskim i sigurnosnim strijelcima. Ovaj profesionalni opti\u010dki ciljnik smanjene te\u017eine kombinira najnoviju tehnologiju s opti\u010dkim performansama.<\/p>\n<h2>Klju\u010dne zna\u010dajke:<\/h2>\n<ul>\n<li>50mm objektiv za prikupljanje svjetlosti<\/li>\n<li>30mm glavna cijev za izdr\u017eljivost<\/li>\n<li>Mehani\u010dki pokaziva\u010d smjera vjetra<\/li>\n<li>11 postavki osvjetljenja kon\u010danice za razli\u010dite uvjete osvjetljenja<\/li>\n<li>Bo\u010dno pode\u0161avanje paralakse za precizno fokusiranje<\/li>\n<li>Nepomi\u010dni gumbi s elevacijskim zaustavljanjem na nuli<\/li>\n<li>Dvostruki okret elevacije s pokaziva\u010dem revolucije i smjera vjetra<\/li>\n<li>Raspon pove\u0107anja 3-15x<\/li>\n<li>Zaklju\u010davaju\u0107i brzo podesivi diopter<\/li>\n<\/ul>\n<h2>Opti\u010dka kvaliteta:<\/h2>\n<p>TT315M ima optimizirani opti\u010dki put, pru\u017eaju\u0107i visoku kvalitetu slike. To omogu\u0107uje strijelcima da uo\u010de sitne detalje meta i odr\u017eavaju ni\u0161anjenje dulje vrijeme bez zamora oka.<\/p>\n<h2>Precizna pode\u0161avanja:<\/h2>\n<p>S preciznim mehanizmima pode\u0161avanja sa zaustavljanjem na nuli, mehani\u010dkim pokaziva\u010dima revolucije i smjera vjetra, TT315M smanjuje pogre\u0161ke pri pode\u0161avanju, osiguravaju\u0107i preciznost u kriti\u010dnim situacijama.<\/p>\n<h2>Opcije kon\u010danice:<\/h2>\n<ul>\n<li>Gen 2XR<\/li>\n<li>MoA<\/li>\n<li>Gen 2 Mil-Dot<\/li>\n<li>Gen 3XR<\/li>\n<\/ul>\n<h2>Tehni\u010dke specifikacije:<\/h2>\n<ul>\n<li>Du\u017eina: 351mm<\/li>\n<li>Te\u017eina: 786g<\/li>\n<li>Vidno polje @ 3x: 7,3 stupnjeva (12,8m na 100m)<\/li>\n<li>Vidno polje @ 15x: 1,6 stupnjeva (2,8m na 100m)<\/li>\n<li>Odmak oka: 90mm<\/li>\n<li>Ukupni raspon pode\u0161avanja elevacije: 18 mrad (60 MoA)<\/li>\n<li>Ukupni raspon pode\u0161avanja vjetra: +\/- 12 mrad (+\/-40 MoA)<\/li>\n<li>Rezolucija pode\u0161avanja: 0,1 mrad ili 1\/4 MoA<\/li>\n<li>Raspon pode\u0161avanja paralakse: 50m do beskona\u010dnosti<\/li>\n<\/ul>\n<h2>Izdr\u017eljivost:<\/h2>\n<p>TT315M je otporan na te\u0161ke uvjete, vodootporan 4 sata na 10 metara i otporan na udarce do 700g na 10.000 ciklusa. Vanjski dio ima mat zavr\u0161nu obradu Tip II anodizacije za dodatnu za\u0161titu.<\/p>\n<h2>Uklju\u010deni dodaci:<\/h2>\n<p>Tenebraex poklopci za le\u0107e i ARD (ure\u0111aj protiv refleksije) uklju\u010deni su kao standardni dodaci.<\/p>\n<\/div>\n","protected":false},"excerpt":{"rendered":"<p>Precizni opti\u010dki ciljnik 3-15x50mm za strijelce. Optimalna slika, zero-stop, osvjetljen.<\/p>\n","protected":false},"featured_media":167607,"template":"","meta":{"_acf_changed":false},"product_brand":[11881],"product_cat":[13545,13513],"product_tag":[],"class_list":{"0":"post-84471","1":"product","2":"type-product","3":"status-publish","4":"has-post-thumbnail","6":"product_brand-tangent-theta","7":"product_cat-nisanjenje","8":"product_cat-optika-s-povecanjem","10":"first","11":"instock","12":"taxable","13":"shipping-taxable","14":"purchasable","15":"product-type-variable","16":"wvs-archive-product-wrapper"},"acf":[],"_links":{"self":[{"href":"https:\/\/staging.nbg.eu\/hr\/wp-json\/wp\/v2\/product\/84471","targetHints":{"allow":["GET"]}}],"collection":[{"href":"https:\/\/staging.nbg.eu\/hr\/wp-json\/wp\/v2\/product"}],"about":[{"href":"https:\/\/staging.nbg.eu\/hr\/wp-json\/wp\/v2\/types\/product"}],"wp:featuredmedia":[{"embeddable":true,"href":"https:\/\/staging.nbg.eu\/hr\/wp-json\/wp\/v2\/media\/167607"}],"wp:attachment":[{"href":"https:\/\/staging.nbg.eu\/hr\/wp-json\/wp\/v2\/media?parent=84471"}],"wp:term":[{"taxonomy":"product_brand","embeddable":true,"href":"https:\/\/staging.nbg.eu\/hr\/wp-json\/wp\/v2\/product_brand?post=84471"},{"taxonomy":"product_cat","embeddable":true,"href":"https:\/\/staging.nbg.eu\/hr\/wp-json\/wp\/v2\/product_cat?post=84471"},{"taxonomy":"product_tag","embeddable":true,"href":"https:\/\/staging.nbg.eu\/hr\/wp-json\/wp\/v2\/product_tag?post=84471"}],"curies":[{"name":"wp","href":"https:\/\/api.w.org\/{rel}","templated":true}]}}