{"id":83659,"date":"2024-11-27T16:38:30","date_gmt":"2024-12-17T12:41:41","guid":{"rendered":"https:\/\/staging.nbg.eu\/product\/super-precision-t1-mount-absolute-co-witness-ddc\/"},"modified":"2024-12-17T12:43:50","modified_gmt":"2024-12-17T12:43:50","slug":"super-precision-t1-nosac-absolute-co-witness-ddc","status":"publish","type":"product","link":"https:\/\/staging.nbg.eu\/hr\/proizvod\/super-precision-t1-nosac-absolute-co-witness-ddc\/","title":{"rendered":"Super Precision T1 Nosa\u010d &#8211; Absolute Co-Witness &#8211; DDC"},"content":{"rendered":"<div class=\"product-description\">\n<h2>Precizni T1 nosa\u010d &#8211; Apsolutni ko-svjedok &#8211; DDC<\/h2>\n<p>Nosa\u010d za Aimpoint T1 ili sli\u010dne crvene to\u010dkaste optike. Izra\u0111en od jednog komada 7075-T6 aluminija visoke \u010dvrsto\u0107e, ovaj nosa\u010d nudi izdr\u017eljivost i performanse.<\/p>\n<ul>\n<li>Visina apsolutnog ko-svjedoka za optimalnu sliku<\/li>\n<li>DDC (Desert Dirt Color) tip 3 tvrdo anodizirana zavr\u0161na obrada<\/li>\n<li>Geisseleova a\u017eurirana metoda pri\u010dvr\u0161\u0107ivanja maticama i vijcima, pru\u017eaju\u0107i 1.400 funti stezne sile<\/li>\n<li>3 smi\u010dna jezi\u010dka za maksimalnu krutost i povratak na nulu<\/li>\n<li>Lagani dizajn te\u017eine samo 2 unce<\/li>\n<\/ul>\n<p>Geisseleova pa\u017enja prema detaljima i predanost kvaliteti.<\/p>\n<\/div>\n","protected":false},"excerpt":{"rendered":"<p>Precizni nosa\u010d za T1 optiku, apsolutni ko-witness, DDC zavr\u0161na obrada, ultra-sigurno<\/p>\n","protected":false},"featured_media":82831,"template":"","meta":{"_acf_changed":false},"product_brand":[11375],"product_cat":[13545],"product_tag":[],"class_list":{"0":"post-83659","1":"product","2":"type-product","3":"status-publish","4":"has-post-thumbnail","6":"product_brand-geissele","7":"product_cat-nisanjenje","9":"first","10":"instock","11":"taxable","12":"shipping-taxable","13":"product-type-simple"},"acf":[],"_links":{"self":[{"href":"https:\/\/staging.nbg.eu\/hr\/wp-json\/wp\/v2\/product\/83659","targetHints":{"allow":["GET"]}}],"collection":[{"href":"https:\/\/staging.nbg.eu\/hr\/wp-json\/wp\/v2\/product"}],"about":[{"href":"https:\/\/staging.nbg.eu\/hr\/wp-json\/wp\/v2\/types\/product"}],"wp:featuredmedia":[{"embeddable":true,"href":"https:\/\/staging.nbg.eu\/hr\/wp-json\/wp\/v2\/media\/82831"}],"wp:attachment":[{"href":"https:\/\/staging.nbg.eu\/hr\/wp-json\/wp\/v2\/media?parent=83659"}],"wp:term":[{"taxonomy":"product_brand","embeddable":true,"href":"https:\/\/staging.nbg.eu\/hr\/wp-json\/wp\/v2\/product_brand?post=83659"},{"taxonomy":"product_cat","embeddable":true,"href":"https:\/\/staging.nbg.eu\/hr\/wp-json\/wp\/v2\/product_cat?post=83659"},{"taxonomy":"product_tag","embeddable":true,"href":"https:\/\/staging.nbg.eu\/hr\/wp-json\/wp\/v2\/product_tag?post=83659"}],"curies":[{"name":"wp","href":"https:\/\/api.w.org\/{rel}","templated":true}]}}