{"id":83615,"date":"2024-11-27T08:29:48","date_gmt":"2024-11-27T08:29:48","guid":{"rendered":"https:\/\/staging.nbg.eu\/product\/geissele-ak-trigger-ultimate-with-lightning-bow-akt-ul\/"},"modified":"2024-12-17T12:30:06","modified_gmt":"2024-12-17T12:30:06","slug":"geissele-ak-okidac-ultimate-s-lightning-bow-akt-ul","status":"publish","type":"product","link":"https:\/\/staging.nbg.eu\/hr\/proizvod\/geissele-ak-okidac-ultimate-s-lightning-bow-akt-ul\/","title":{"rendered":"Geissele AK Okida\u010d Ultimate s Lightning Bow (AKT-UL)"},"content":{"rendered":"<div class=\"product-description\">\n<h2>Geissele AK okida\u010d Ultimate s Lightning Bow (AKT-UL)<\/h2>\n<p>AKT-UL je okida\u010d za AK47 ili AK74. Ovaj jednoetapni okida\u010d nudi:<\/p>\n<ul>\n<li>Kra\u0107i povlak i br\u017ei povrat za bolju preciznost<\/li>\n<li>Izra\u0111en od legiranog \u010delika<\/li>\n<li>Lightning Bow dizajn za lak\u0161u kontrolu<\/li>\n<li>Proizveden u SAD-u, doprinosi 922(r) uskla\u0111enosti<\/li>\n<\/ul>\n<p>AKT-UL je namijenjen preciznom ga\u0111anju. Napomena: Preporu\u010duje se profesionalna ugradnja zbog mogu\u0107ih potreba prilagodbe. Nije kompatibilan s 12 Gauge i 308 \/ 7.62x54r varijantama.<\/p>\n<\/div>\n","protected":false},"excerpt":{"rendered":"<p>Precizni AK okida\u010d s Lightning Bow dizajnom za pobolj\u0161anu kontrolu i osje\u0107aj.<\/p>\n","protected":false},"featured_media":82184,"template":"","meta":{"_acf_changed":false},"product_brand":[],"product_cat":[13503,13506,13569,13518],"product_tag":[],"class_list":{"0":"post-83615","1":"product","2":"type-product","3":"status-publish","4":"has-post-thumbnail","6":"product_cat-ak-tuning","7":"product_cat-obaraci","8":"product_cat-puska","9":"product_cat-rifle-tuning","11":"first","12":"instock","13":"taxable","14":"shipping-taxable","15":"product-type-simple"},"acf":[],"_links":{"self":[{"href":"https:\/\/staging.nbg.eu\/hr\/wp-json\/wp\/v2\/product\/83615","targetHints":{"allow":["GET"]}}],"collection":[{"href":"https:\/\/staging.nbg.eu\/hr\/wp-json\/wp\/v2\/product"}],"about":[{"href":"https:\/\/staging.nbg.eu\/hr\/wp-json\/wp\/v2\/types\/product"}],"wp:featuredmedia":[{"embeddable":true,"href":"https:\/\/staging.nbg.eu\/hr\/wp-json\/wp\/v2\/media\/82184"}],"wp:attachment":[{"href":"https:\/\/staging.nbg.eu\/hr\/wp-json\/wp\/v2\/media?parent=83615"}],"wp:term":[{"taxonomy":"product_brand","embeddable":true,"href":"https:\/\/staging.nbg.eu\/hr\/wp-json\/wp\/v2\/product_brand?post=83615"},{"taxonomy":"product_cat","embeddable":true,"href":"https:\/\/staging.nbg.eu\/hr\/wp-json\/wp\/v2\/product_cat?post=83615"},{"taxonomy":"product_tag","embeddable":true,"href":"https:\/\/staging.nbg.eu\/hr\/wp-json\/wp\/v2\/product_tag?post=83615"}],"curies":[{"name":"wp","href":"https:\/\/api.w.org\/{rel}","templated":true}]}}