{"id":83593,"date":"2024-11-27T16:26:53","date_gmt":"2024-12-17T12:19:33","guid":{"rendered":"https:\/\/staging.nbg.eu\/product\/super-precision-t1-mount-absolute-co-witness-black\/"},"modified":"2024-12-17T12:21:32","modified_gmt":"2024-12-17T12:21:32","slug":"super-precision-t1-nosac-absolute-co-witness-crni","status":"publish","type":"product","link":"https:\/\/staging.nbg.eu\/hr\/proizvod\/super-precision-t1-nosac-absolute-co-witness-crni\/","title":{"rendered":"Super Precision T1 Nosa\u010d &#8211; Absolute Co-Witness &#8211; Crni"},"content":{"rendered":"<h2>Precizni T1 nosa\u010d &#8211; Apsolutna ko-vizija &#8211; Crni<\/h2>\n<p>Precizni T1 nosa\u010d izra\u0111en je za Aimpoint T1 i sli\u010dne crvene to\u010dkaste optike. Izra\u0111en je strojno od jednog komada 7075-T6 aluminija visoke \u010dvrsto\u0107e, ovaj nosa\u010d nudi izdr\u017eljivost i u\u010dinkovitost.<\/p>\n<ul>\n<li>Opcija visine za apsolutnu ko-viziju<\/li>\n<li>Crna tvrda anodizirana zavr\u0161na obrada tipa 3<\/li>\n<li>Te\u017eina samo 57 grama<\/li>\n<li>Koristi Geisseleovu a\u017euriranu metodu matica i vijaka<\/li>\n<li>6.227 N stezne sile<\/li>\n<li>3 smi\u010dna jezi\u010dka za maksimalnu krutost i povratak na nulu<\/li>\n<\/ul>\n<p>Ovaj dizajn osigurava stabilnost monta\u017ee i preciznost. Precizni T1 nosa\u010d osigurava da va\u0161a optika ostane \u010dvrsto na mjestu, omogu\u0107uju\u0107i vam da se usredoto\u010dite na svoj cilj.<\/p>\n","protected":false},"excerpt":{"rendered":"<p>Precizno obra\u0111eno T1 postolje za apsolutni ko-vizir. Izdr\u017eljivi aluminij, \u010dvrsto pristajanje.<\/p>\n","protected":false},"featured_media":82485,"template":"","meta":{"_acf_changed":false},"product_brand":[11375],"product_cat":[13545],"product_tag":[],"class_list":{"0":"post-83593","1":"product","2":"type-product","3":"status-publish","4":"has-post-thumbnail","6":"product_brand-geissele","7":"product_cat-nisanjenje","9":"first","10":"instock","11":"taxable","12":"shipping-taxable","13":"product-type-simple"},"acf":[],"_links":{"self":[{"href":"https:\/\/staging.nbg.eu\/hr\/wp-json\/wp\/v2\/product\/83593","targetHints":{"allow":["GET"]}}],"collection":[{"href":"https:\/\/staging.nbg.eu\/hr\/wp-json\/wp\/v2\/product"}],"about":[{"href":"https:\/\/staging.nbg.eu\/hr\/wp-json\/wp\/v2\/types\/product"}],"wp:featuredmedia":[{"embeddable":true,"href":"https:\/\/staging.nbg.eu\/hr\/wp-json\/wp\/v2\/media\/82485"}],"wp:attachment":[{"href":"https:\/\/staging.nbg.eu\/hr\/wp-json\/wp\/v2\/media?parent=83593"}],"wp:term":[{"taxonomy":"product_brand","embeddable":true,"href":"https:\/\/staging.nbg.eu\/hr\/wp-json\/wp\/v2\/product_brand?post=83593"},{"taxonomy":"product_cat","embeddable":true,"href":"https:\/\/staging.nbg.eu\/hr\/wp-json\/wp\/v2\/product_cat?post=83593"},{"taxonomy":"product_tag","embeddable":true,"href":"https:\/\/staging.nbg.eu\/hr\/wp-json\/wp\/v2\/product_tag?post=83593"}],"curies":[{"name":"wp","href":"https:\/\/api.w.org\/{rel}","templated":true}]}}