{"id":83549,"date":"2024-11-27T08:27:04","date_gmt":"2024-12-17T12:01:56","guid":{"rendered":"https:\/\/staging.nbg.eu\/product\/geissele-ak-trigger-enhanced-with-lightning-bow-akt-el\/"},"modified":"2024-12-17T12:04:18","modified_gmt":"2024-12-17T12:04:18","slug":"geissele-ak-okidac-poboljsani-s-lightning-bow-akt-el","status":"publish","type":"product","link":"https:\/\/staging.nbg.eu\/hr\/proizvod\/geissele-ak-okidac-poboljsani-s-lightning-bow-akt-el\/","title":{"rendered":"Geissele AK Okida\u010d Pobolj\u0161ani s Lightning Bow (AKT-EL)"},"content":{"rendered":"<div class=\"product-description\">\n<h2>Geissele AK okida\u010d pobolj\u0161an s Lightning Bow (AKT-EL)<\/h2>\n<p>AKT-EL je okida\u010d za AK47\/AK74 pu\u0161ke. Ovaj jednostupanjski okida\u010d nudi:<\/p>\n<ul>\n<li>Kra\u0107i hod okida\u010da za borbenu uporabu i ku\u0107nu obranu<\/li>\n<li>Izra\u0111en od legiranog \u010delika za oru\u017eje<\/li>\n<li>Mangan fosfatna zavr\u0161na obrada za otpornost na koroziju<\/li>\n<li>Lightning Bow\u00ae dizajn za bolju kontrolu okida\u010da<\/li>\n<li>Proizveden u SAD-u (North Wales, PA)<\/li>\n<li>Doprinosi 922(r) sukladnosti s tri dijela<\/li>\n<\/ul>\n<p><strong>Napomena:<\/strong> Nije kompatibilan s 12 kalibrom i 308 \/ 7,62x54r varijantama. Preporu\u010duje se profesionalna ugradnja za optimalnu u\u010dinkovitost i sigurnost.<\/p>\n<\/div>\n","protected":false},"excerpt":{"rendered":"<p>Pobolj\u0161ani AK okida\u010d s Lightning Bow-om za gla\u0111e i kra\u0107e povla\u010denje.<\/p>\n","protected":false},"featured_media":82114,"template":"","meta":{"_acf_changed":false},"product_brand":[11375],"product_cat":[13503,13506,13518],"product_tag":[],"class_list":{"0":"post-83549","1":"product","2":"type-product","3":"status-publish","4":"has-post-thumbnail","6":"product_brand-geissele","7":"product_cat-ak-tuning","8":"product_cat-obaraci","9":"product_cat-rifle-tuning","11":"first","12":"instock","13":"taxable","14":"shipping-taxable","15":"product-type-simple"},"acf":[],"_links":{"self":[{"href":"https:\/\/staging.nbg.eu\/hr\/wp-json\/wp\/v2\/product\/83549","targetHints":{"allow":["GET"]}}],"collection":[{"href":"https:\/\/staging.nbg.eu\/hr\/wp-json\/wp\/v2\/product"}],"about":[{"href":"https:\/\/staging.nbg.eu\/hr\/wp-json\/wp\/v2\/types\/product"}],"wp:featuredmedia":[{"embeddable":true,"href":"https:\/\/staging.nbg.eu\/hr\/wp-json\/wp\/v2\/media\/82114"}],"wp:attachment":[{"href":"https:\/\/staging.nbg.eu\/hr\/wp-json\/wp\/v2\/media?parent=83549"}],"wp:term":[{"taxonomy":"product_brand","embeddable":true,"href":"https:\/\/staging.nbg.eu\/hr\/wp-json\/wp\/v2\/product_brand?post=83549"},{"taxonomy":"product_cat","embeddable":true,"href":"https:\/\/staging.nbg.eu\/hr\/wp-json\/wp\/v2\/product_cat?post=83549"},{"taxonomy":"product_tag","embeddable":true,"href":"https:\/\/staging.nbg.eu\/hr\/wp-json\/wp\/v2\/product_tag?post=83549"}],"curies":[{"name":"wp","href":"https:\/\/api.w.org\/{rel}","templated":true}]}}