{"id":83527,"date":"2024-11-27T07:42:23","date_gmt":"2024-11-27T07:42:23","guid":{"rendered":"https:\/\/staging.nbg.eu\/product\/geissele-30-round-6mm-arc-magazine-black\/"},"modified":"2024-12-17T11:54:05","modified_gmt":"2024-12-17T11:54:05","slug":"geissele-30-metni-6mm-arc-spremnik-crni","status":"publish","type":"product","link":"https:\/\/staging.nbg.eu\/hr\/proizvod\/geissele-30-metni-6mm-arc-spremnik-crni\/","title":{"rendered":"Geissele 30-metni 6mm ARC Spremnik &#8211; Crni"},"content":{"rendered":"<h2>Geissele spremnik za 30 metaka kalibra 6mm ARC \u2013 Crni<\/h2>\n<p>Geissele spremnik za 6mm ARC. Ovaj izdr\u017eljivi spremnik proizveden u SAD-u posebno je dizajniran za 6mm ARC streljivo, osiguravaju\u0107i dosljedno punjenje i performanse.<\/p>\n<h3>Glavne zna\u010dajke:<\/h3>\n<ul>\n<li>Kapacitet od 30 metaka<\/li>\n<li>Pobolj\u0161ana konstrukcija iz jednog dijela<\/li>\n<li>Laserski zavaren za ve\u0107u \u010dvrsto\u0107u<\/li>\n<li>Tijelo od nehr\u0111aju\u0107eg \u010delika 410 s crnim nitridnim premazom<\/li>\n<li>Potiskiva\u010d protiv naginjanja za glatki rad<\/li>\n<li>Otporan na koroziju<\/li>\n<li>\u010cetvrtasta opruga od nehr\u0111aju\u0107eg \u010delika<\/li>\n<li>Ukupna duljina: 20,57 cm<\/li>\n<\/ul>\n<p>Ovaj spremnik kombinira in\u017eenjerstvo s kvalitetnim materijalima. Geissele spremnik za 6mm ARC streljivo.<\/p>\n","protected":false},"excerpt":{"rendered":"<p>Izdr\u017eljivi spremnik za 30 metaka kalibra 6mm ARC. Izra\u0111en od nehr\u0111aju\u0107eg \u010delika, s protukliznim potiskiva\u010dem.<\/p>\n","protected":false},"featured_media":81883,"template":"","meta":{"_acf_changed":false},"product_brand":[11375],"product_cat":[13569,13552],"product_tag":[],"class_list":{"0":"post-83527","1":"product","2":"type-product","3":"status-publish","4":"has-post-thumbnail","6":"product_brand-geissele","7":"product_cat-puska","8":"product_cat-puskovni-spremnici","10":"first","11":"instock","12":"taxable","13":"shipping-taxable","14":"product-type-simple"},"acf":[],"_links":{"self":[{"href":"https:\/\/staging.nbg.eu\/hr\/wp-json\/wp\/v2\/product\/83527","targetHints":{"allow":["GET"]}}],"collection":[{"href":"https:\/\/staging.nbg.eu\/hr\/wp-json\/wp\/v2\/product"}],"about":[{"href":"https:\/\/staging.nbg.eu\/hr\/wp-json\/wp\/v2\/types\/product"}],"wp:featuredmedia":[{"embeddable":true,"href":"https:\/\/staging.nbg.eu\/hr\/wp-json\/wp\/v2\/media\/81883"}],"wp:attachment":[{"href":"https:\/\/staging.nbg.eu\/hr\/wp-json\/wp\/v2\/media?parent=83527"}],"wp:term":[{"taxonomy":"product_brand","embeddable":true,"href":"https:\/\/staging.nbg.eu\/hr\/wp-json\/wp\/v2\/product_brand?post=83527"},{"taxonomy":"product_cat","embeddable":true,"href":"https:\/\/staging.nbg.eu\/hr\/wp-json\/wp\/v2\/product_cat?post=83527"},{"taxonomy":"product_tag","embeddable":true,"href":"https:\/\/staging.nbg.eu\/hr\/wp-json\/wp\/v2\/product_tag?post=83527"}],"curies":[{"name":"wp","href":"https:\/\/api.w.org\/{rel}","templated":true}]}}