{"id":83501,"date":"2024-11-03T11:57:46","date_gmt":"2024-12-16T11:42:07","guid":{"rendered":"https:\/\/staging.nbg.eu\/product\/tinck-arms-semi-automatic-carbine-perun-x9-125-cal-9x19mm\/"},"modified":"2024-12-16T11:43:41","modified_gmt":"2024-12-16T11:43:41","slug":"tinck-arms-poluautomatska-karabinka-perun-x9-125-kal-9x19mm","status":"publish","type":"product","link":"https:\/\/staging.nbg.eu\/hr\/proizvod\/tinck-arms-poluautomatska-karabinka-perun-x9-125-kal-9x19mm\/","title":{"rendered":"Tinck Arms Poluautomatska Karabinka Perun X9 12,5&#8243; &#8211; kal. 9x19mm"},"content":{"rendered":"<div class=\"product-description\">\n<h2>Tinck Arms Perun X9 12.5&#8243; Poluautomatski Karabin<\/h2>\n<p>Tinck Arms Perun X9 je 9mm karabin baziran na X16 platformi, nudi pobolj\u0161ane performanse u kompaktnom, laganom paketu.<\/p>\n<h2>Klju\u010dne zna\u010dajke:<\/h2>\n<ul>\n<li>Kalibar: 9x19mm Parabellum<\/li>\n<li>Duljina cijevi: 12.5&#8243; hladno kovani CrMoV \u010delik<\/li>\n<li>Operativni sustav: Zatvoreni zatvara\u010d s povratnim udarom<\/li>\n<li>Ukupna duljina: 700mm (sklopljen) \/ 950mm (ra\u0161iren)<\/li>\n<li>Te\u017eina: 2.8kg (uklju\u010duju\u0107i spremnik od 30 metaka)<\/li>\n<li>Obostrane kontrole i ru\u010dica za punjenje koja se ne pomi\u010de<\/li>\n<li>Kompatibilan s Glock 9x19mm spremnicima<\/li>\n<\/ul>\n<h2>Vi\u0161enamjenska uporaba<\/h2>\n<p>Perun X9 nudi razli\u010dite opcije konfiguracije:<\/p>\n<ul>\n<li>Izbor izme\u0111u klasi\u010dnog AR15 ili natjecateljskog okida\u010dkog sustava<\/li>\n<li>Dostupne duljine cijevi od 8.5&#8243; do 14.5&#8243;<\/li>\n<li>Tvorni\u010dki kompenzator za smanjenje trzaja<\/li>\n<li>CNC obra\u0111en plutaju\u0107i rukohvat za montiranje dodataka<\/li>\n<li>Opcije Masada sklopivog kundaka ili standardnog AR-15 kundaka<\/li>\n<\/ul>\n<h2>Ergonomija i funkcionalnost<\/h2>\n<p>Dizajniran za optimalnu izvedbu:<\/p>\n<ul>\n<li>Obostrani selektor sigurnosti<\/li>\n<li>Preklopni pomo\u0107ni ciljnici s 300mm radius ciljanja<\/li>\n<li>1 gornja i 3 dodatne NAR \u0161ine za optiku i dodatke<\/li>\n<li>1\/2&#8243;-28 navojna cijev za kompatibilnost s prigu\u0161iva\u010dem<\/li>\n<\/ul>\n<h2>Obuka i prilagodljivost<\/h2>\n<p>Perun X9 podr\u017eava Simunition vje\u017ebovne metke i uklju\u010duje zna\u010dajke za obuku rukovanja, \u010dine\u0107i ga pogodnim za policijske i vojne vje\u017ebe.<\/p>\n<p>Svaki Perun X9 dolazi s jednim 30-metnim Glock kompatibilnim spremnikom i korisni\u010dkim priru\u010dnikom.<\/p>\n<\/div>\n","protected":false},"excerpt":{"rendered":"<p>Kompaktni 9mm karabin s cijevi od 31,75 cm, sklopivim kundakom i kompatibilno\u0161\u0107u s Glock okvirima.<\/p>\n","protected":false},"featured_media":77200,"template":"","meta":{"_acf_changed":false},"product_brand":[11904],"product_cat":[13566,13583,13569],"product_tag":[],"class_list":{"0":"post-83501","1":"product","2":"type-product","3":"status-publish","4":"has-post-thumbnail","6":"product_brand-tinck-arms","7":"product_cat-karabini","8":"product_cat-pcc","9":"product_cat-puska","11":"first","12":"instock","13":"taxable","14":"shipping-taxable","15":"purchasable","16":"product-type-simple"},"acf":[],"_links":{"self":[{"href":"https:\/\/staging.nbg.eu\/hr\/wp-json\/wp\/v2\/product\/83501","targetHints":{"allow":["GET"]}}],"collection":[{"href":"https:\/\/staging.nbg.eu\/hr\/wp-json\/wp\/v2\/product"}],"about":[{"href":"https:\/\/staging.nbg.eu\/hr\/wp-json\/wp\/v2\/types\/product"}],"wp:featuredmedia":[{"embeddable":true,"href":"https:\/\/staging.nbg.eu\/hr\/wp-json\/wp\/v2\/media\/77200"}],"wp:attachment":[{"href":"https:\/\/staging.nbg.eu\/hr\/wp-json\/wp\/v2\/media?parent=83501"}],"wp:term":[{"taxonomy":"product_brand","embeddable":true,"href":"https:\/\/staging.nbg.eu\/hr\/wp-json\/wp\/v2\/product_brand?post=83501"},{"taxonomy":"product_cat","embeddable":true,"href":"https:\/\/staging.nbg.eu\/hr\/wp-json\/wp\/v2\/product_cat?post=83501"},{"taxonomy":"product_tag","embeddable":true,"href":"https:\/\/staging.nbg.eu\/hr\/wp-json\/wp\/v2\/product_tag?post=83501"}],"curies":[{"name":"wp","href":"https:\/\/api.w.org\/{rel}","templated":true}]}}