{"id":83415,"date":"2024-11-16T09:53:46","date_gmt":"2024-12-16T10:49:49","guid":{"rendered":"https:\/\/staging.nbg.eu\/product\/elcan-specterdr-1x-4x\/"},"modified":"2024-12-16T10:52:51","modified_gmt":"2024-12-16T10:52:51","slug":"elcan-specterdr-1x4x","status":"publish","type":"product","link":"https:\/\/staging.nbg.eu\/hr\/proizvod\/elcan-specterdr-1x4x\/","title":{"rendered":"ELCAN SpecterDR 1x\/4x"},"content":{"rendered":"<h2>ELCAN SpecterDR 1x\/4x Opti\u010dki ciljnik s dvostrukom ulogom<\/h2>\n<p>ELCAN SpecterDR 1x\/4x za 2024. godinu &#8211; opti\u010dki ciljnik s dvostrukim vidnim poljem.<\/p>\n<h2>Klju\u010dne zna\u010dajke:<\/h2>\n<ul>\n<li>Integrirane Picatinny \u0161ine<\/li>\n<li>Ambideksterne poluge za pove\u0107anje<\/li>\n<li>Pobolj\u0161ani poklopci za baterije<\/li>\n<li>CERAKOTE\u00ae zavr\u0161na obrada u crnoj ili zemljano sme\u0111oj boji (FDE)<\/li>\n<li>Trenutni prijelaz izme\u0111u 4x pove\u0107anja i 1x CQB ciljnika<\/li>\n<li>Optimizirani opti\u010dki put i jednako odmicanje oka u oba na\u010dina rada<\/li>\n<li>Osvijetljeni kon\u010danica ili crvena to\u010dka u sredi\u0161tu<\/li>\n<li>Najve\u0107e vidno polje u 1x na\u010dinu<\/li>\n<li>Jasna slika u 4x na\u010dinu<\/li>\n<\/ul>\n<h2>Kon\u010danice:<\/h2>\n<ul>\n<li>5.56 (CX5395)<\/li>\n<li>7.62 (CX5396)<\/li>\n<\/ul>\n<h2>Tehni\u010dke specifikacije:<\/h2>\n<ul>\n<li>Pove\u0107anje: 4x \/ 1x<\/li>\n<li>Dimenzije: 153mm x 68mm x 72mm (nominalno)<\/li>\n<li>Te\u017eina: 655g (nominalno)<\/li>\n<li>Kon\u010danica: Balisti\u010dka kon\u010danica dvostruke debljine s crvenom to\u010dkom po izboru korisnika<\/li>\n<li>Vidno polje: 26\u00b0 @ 1x, 6.5\u00b0 @ 4x<\/li>\n<li>Odmicanje oka: 70mm<\/li>\n<li>Baterija: CR2032 (3v litijska)<\/li>\n<li>Trajanje baterije: Do 1730 sati<\/li>\n<li>Raspon pode\u0161avanja: 120 kutnih minuta<\/li>\n<\/ul>\n<h2>Opcionalni XOPTEK\u2122 Micro Reflex ciljnik<\/h2>\n<p>Nadogradite va\u0161 SpecterDR 1-4 s XOPTEK\u2122 Micro Reflex ciljnikom, laganim ure\u0111ajem za brzo ciljanje na kratkim do srednjim udaljenostima.<\/p>\n<p>ELCAN SpecterDR 1x\/4x dizajniran je za izdr\u017eljivost u modernoj profesionalnoj uporabi, nude\u0107i rje\u0161enje za anga\u017emane na srednjim udaljenostima i CQB.<\/p>\n","protected":false},"excerpt":{"rendered":"<p>ELCAN SpecterDR 1x\/4x: Opti\u010dki ciljnik s dvostrukom ulogom i trenuta\u010dnom promjenom pove\u0107anja.<\/p>\n","protected":false},"featured_media":79333,"template":"","meta":{"_acf_changed":false},"product_brand":[11283],"product_cat":[13545,13513],"product_tag":[],"class_list":{"0":"post-83415","1":"product","2":"type-product","3":"status-publish","4":"has-post-thumbnail","6":"product_brand-elcan","7":"product_cat-nisanjenje","8":"product_cat-optika-s-povecanjem","10":"first","11":"instock","12":"taxable","13":"shipping-taxable","14":"purchasable","15":"product-type-variable","16":"wvs-archive-product-wrapper"},"acf":[],"_links":{"self":[{"href":"https:\/\/staging.nbg.eu\/hr\/wp-json\/wp\/v2\/product\/83415","targetHints":{"allow":["GET"]}}],"collection":[{"href":"https:\/\/staging.nbg.eu\/hr\/wp-json\/wp\/v2\/product"}],"about":[{"href":"https:\/\/staging.nbg.eu\/hr\/wp-json\/wp\/v2\/types\/product"}],"wp:featuredmedia":[{"embeddable":true,"href":"https:\/\/staging.nbg.eu\/hr\/wp-json\/wp\/v2\/media\/79333"}],"wp:attachment":[{"href":"https:\/\/staging.nbg.eu\/hr\/wp-json\/wp\/v2\/media?parent=83415"}],"wp:term":[{"taxonomy":"product_brand","embeddable":true,"href":"https:\/\/staging.nbg.eu\/hr\/wp-json\/wp\/v2\/product_brand?post=83415"},{"taxonomy":"product_cat","embeddable":true,"href":"https:\/\/staging.nbg.eu\/hr\/wp-json\/wp\/v2\/product_cat?post=83415"},{"taxonomy":"product_tag","embeddable":true,"href":"https:\/\/staging.nbg.eu\/hr\/wp-json\/wp\/v2\/product_tag?post=83415"}],"curies":[{"name":"wp","href":"https:\/\/api.w.org\/{rel}","templated":true}]}}