{"id":78636,"date":"2024-11-05T08:14:10","date_gmt":"2024-11-05T08:14:10","guid":{"rendered":"https:\/\/staging.nbg.eu\/product\/tinck-arms-semi-automatic-rifle-ar-x15-ms-pro-cal-300-blackout-12-5\/"},"modified":"2024-11-13T12:11:23","modified_gmt":"2024-11-13T12:11:23","slug":"tinck-arms-poluautomatska-puska-ar-x15-ms-pro-kal-300-blackout-125","status":"publish","type":"product","link":"https:\/\/staging.nbg.eu\/hr\/proizvod\/tinck-arms-poluautomatska-puska-ar-x15-ms-pro-kal-300-blackout-125\/","title":{"rendered":"Tinck Arms Poluautomatska Pu\u0161ka AR X15-MS Pro Kal. .300 Blackout &#8211; 12.5&#8243;"},"content":{"rendered":"<div class=\"product-description\">\n<h2>Tinck Arms ARX15-MS Pro Cal. .300AAC &#8211; 12,5&#8243;<\/h2>\n<p>ARX15-MS Pro je pu\u0161ka za precizno i dinami\u010dno ga\u0111anje. Pogodna je za stati\u010dno precizno ga\u0111anje, lov ili dinami\u010dno ga\u0111anje.<\/p>\n<h2>Glavne zna\u010dajke:<\/h2>\n<ul>\n<li>Kalibar: .300AAC<\/li>\n<li>Duljina cijevi: 12,5&#8243; (Druge duljine dostupne na zahtjev)<\/li>\n<li>Poluautomatski rad<\/li>\n<li>Rotiraju\u0107i zatvara\u010d, sustav izravnog ubrizgavanja plina (DI)<\/li>\n<li>Obostrano rukovanje<\/li>\n<li>Lagana konstrukcija: 2,8 kg s spremnikom od 30 metaka<\/li>\n<li>Kompaktna i podesiva: Duljina od 660 mm do 970 mm<\/li>\n<\/ul>\n<h2>Precizna izrada:<\/h2>\n<p>ARX15-MS Pro ima cijev s korakom uvijanja 1:7&#8243;, za to\u010dnost i stabilnost .300AAC metaka. Trokomorni kompenzator smanjuje trzaj i podizanje cijevi, a integrirani priklju\u010dak za prigu\u0161iva\u010d s navojem 1\/2&#8243;-28 omogu\u0107uje prilagodbu.<\/p>\n<h2>Svestrana i prilagodljiva:<\/h2>\n<p>S 1+3 M-LOK NAR \u0161inama, pu\u0161ka nudi mogu\u0107nosti za dodavanje dodatne opreme. Nerecipro\u010dna ru\u010dica za punjenje i preklopni pomo\u0107ni ciljnik osiguravaju pouzdanost u svim situacijama.<\/p>\n<h2>Udobnost i ergonomija:<\/h2>\n<p>Opremljena AR-15 cijevnim produ\u017eetkom i MFT kundakom, ARX15-MS Pro osigurava udobno pucanje. Obostrane kontrole pogodne su za ljevake i de\u0161njake.<\/p>\n<h2>Dodatne specifikacije:<\/h2>\n<ul>\n<li>\u0160irina: 56 mm (70 mm s ru\u010dicom za punjenje)<\/li>\n<li>Visina: 220 mm sa spremnikom od 30 metaka<\/li>\n<li>Duljina ciljnika: opcije 330 mm, 370 mm, 450 mm<\/li>\n<li>Kapacitet spremnika: 10 ili 30 metaka (polimer)<\/li>\n<\/ul>\n<p>Tinck Arms ARX15-MS Pro Cal. .300AAC &#8211; 12,5&#8243; dolazi s jednim spremnikom od 10 (ili 30) metaka i korisni\u010dkim priru\u010dnikom.<\/p>\n<\/div>\n","protected":false},"excerpt":{"rendered":"<p>Svestrana .300AAC pu\u0161ka za precizno i dinami\u010dno pucanje. Cijev od 12,5 in\u010da, poluautomatska.<\/p>\n","protected":false},"featured_media":77572,"template":"","meta":{"_acf_changed":false},"product_brand":[11904],"product_cat":[13566,13569],"product_tag":[],"class_list":{"0":"post-78636","1":"product","2":"type-product","3":"status-publish","4":"has-post-thumbnail","6":"product_brand-tinck-arms","7":"product_cat-karabini","8":"product_cat-puska","10":"first","11":"outofstock","12":"taxable","13":"shipping-taxable","14":"purchasable","15":"product-type-simple"},"acf":[],"_links":{"self":[{"href":"https:\/\/staging.nbg.eu\/hr\/wp-json\/wp\/v2\/product\/78636","targetHints":{"allow":["GET"]}}],"collection":[{"href":"https:\/\/staging.nbg.eu\/hr\/wp-json\/wp\/v2\/product"}],"about":[{"href":"https:\/\/staging.nbg.eu\/hr\/wp-json\/wp\/v2\/types\/product"}],"wp:featuredmedia":[{"embeddable":true,"href":"https:\/\/staging.nbg.eu\/hr\/wp-json\/wp\/v2\/media\/77572"}],"wp:attachment":[{"href":"https:\/\/staging.nbg.eu\/hr\/wp-json\/wp\/v2\/media?parent=78636"}],"wp:term":[{"taxonomy":"product_brand","embeddable":true,"href":"https:\/\/staging.nbg.eu\/hr\/wp-json\/wp\/v2\/product_brand?post=78636"},{"taxonomy":"product_cat","embeddable":true,"href":"https:\/\/staging.nbg.eu\/hr\/wp-json\/wp\/v2\/product_cat?post=78636"},{"taxonomy":"product_tag","embeddable":true,"href":"https:\/\/staging.nbg.eu\/hr\/wp-json\/wp\/v2\/product_tag?post=78636"}],"curies":[{"name":"wp","href":"https:\/\/api.w.org\/{rel}","templated":true}]}}