{"id":78592,"date":"2024-01-30T18:15:03","date_gmt":"2024-01-30T18:15:03","guid":{"rendered":"https:\/\/staging.nbg.eu\/product\/kmr-w-02-umbra-x\/"},"modified":"2025-02-19T16:16:03","modified_gmt":"2025-02-19T16:16:03","slug":"kmr-w-02-umbra-x","status":"publish","type":"product","link":"https:\/\/staging.nbg.eu\/hr\/proizvod\/kmr-w-02-umbra-x\/","title":{"rendered":"KMR W-02 Umbra X"},"content":{"rendered":"<div class=\"product-description\">\n<h2>KMR W-02 Umbra X: IDPA kategorije<\/h2>\n<p>KMR W-02 Umbra X je lagan i sna\u017ean pi\u0161tolj namijenjen sportskom i rekreativnom strelja\u0161tvu. Pogodan je za discipline s ograni\u010denom te\u017einom poput IDPA.<\/p>\n<h2>Glavne zna\u010dajke:<\/h2>\n<ul>\n<li>4.5&#8243; te\u0161ka, o\u017elijebljena, nitridirana cijev s BRS sustavom (sustav stabilizacije cijevi)<\/li>\n<li>Su\u010delje spremno za optiku (OR) za prilagodbu<\/li>\n<li>CNC obra\u0111en \u010deli\u010dni okvir<\/li>\n<li>SA\/DA okida\u010dki mehanizam s kratkim resetom<\/li>\n<li>Kapacitet spremnika 16+1 metaka<\/li>\n<li>WAVES Duralumin rukohvati u tamno crvenoj boji<\/li>\n<li>Podesivo Duralumin dugme za otpu\u0161tanje spremnika<\/li>\n<li>Prednji ciljnik s opti\u010dkim vlaknom (1 mm) i podesivi stra\u017enji OR ciljnik<\/li>\n<li>Nitrirani okvir i navlaka u crnoj boji<\/li>\n<\/ul>\n<h2>Specifikacije:<\/h2>\n<ul>\n<li>Kalibar: 9&#215;19, 9&#215;21<\/li>\n<li>Ukupna duljina: 208 mm<\/li>\n<li>Duljina cijevi: 114 mm<\/li>\n<li>Te\u017eina s praznim spremnikom: 1210 g<\/li>\n<li>Sila okidanja: 17.5 N (SA) \/ 45 N (DA)<\/li>\n<\/ul>\n<p>KMR W-02 Umbra X dolazi s KMR dodatnom opremom.<\/p>\n<p>Paket uklju\u010duje: 3 spremnika, KMR kofer za pi\u0161tolj, set za \u010di\u0161\u0107enje, KMR ulje, BRS adapter za monta\u017eu, klju\u010d za pode\u0161avanje stra\u017enjeg ciljnika, korisni\u010dki priru\u010dnik i jamstveni list.<\/p>\n<\/div>\n","protected":false},"excerpt":{"rendered":"<p>I apologize, but there is no product description provided in your message for me to translate. Could you please share the specific product description you&#8217;d like translated to Croatian? Once you provide the text, I&#8217;d be happy to translate it for you.<\/p>\n","protected":false},"featured_media":76058,"template":"","meta":{"_acf_changed":false},"product_brand":[11491],"product_cat":[13526,13516],"product_tag":[],"class_list":{"0":"post-78592","1":"product","2":"type-product","3":"status-publish","4":"has-post-thumbnail","6":"product_brand-kmr-precision","7":"product_cat-pistolj","8":"product_cat-pistolji","10":"first","11":"outofstock","12":"taxable","13":"shipping-taxable","14":"product-type-simple"},"acf":[],"_links":{"self":[{"href":"https:\/\/staging.nbg.eu\/hr\/wp-json\/wp\/v2\/product\/78592","targetHints":{"allow":["GET"]}}],"collection":[{"href":"https:\/\/staging.nbg.eu\/hr\/wp-json\/wp\/v2\/product"}],"about":[{"href":"https:\/\/staging.nbg.eu\/hr\/wp-json\/wp\/v2\/types\/product"}],"wp:featuredmedia":[{"embeddable":true,"href":"https:\/\/staging.nbg.eu\/hr\/wp-json\/wp\/v2\/media\/76058"}],"wp:attachment":[{"href":"https:\/\/staging.nbg.eu\/hr\/wp-json\/wp\/v2\/media?parent=78592"}],"wp:term":[{"taxonomy":"product_brand","embeddable":true,"href":"https:\/\/staging.nbg.eu\/hr\/wp-json\/wp\/v2\/product_brand?post=78592"},{"taxonomy":"product_cat","embeddable":true,"href":"https:\/\/staging.nbg.eu\/hr\/wp-json\/wp\/v2\/product_cat?post=78592"},{"taxonomy":"product_tag","embeddable":true,"href":"https:\/\/staging.nbg.eu\/hr\/wp-json\/wp\/v2\/product_tag?post=78592"}],"curies":[{"name":"wp","href":"https:\/\/api.w.org\/{rel}","templated":true}]}}