{"id":75391,"date":"2024-10-30T18:55:52","date_gmt":"2024-11-01T09:39:43","guid":{"rendered":"https:\/\/staging.nbg.eu\/product\/rhh-201-iwb-magazine\/"},"modified":"2024-11-01T09:44:58","modified_gmt":"2024-11-01T09:44:58","slug":"rhh-201-iwb-spremnik","status":"publish","type":"product","link":"https:\/\/staging.nbg.eu\/hr\/proizvod\/rhh-201-iwb-spremnik\/","title":{"rendered":"# Rhh .201 IWB Spremnik"},"content":{"rendered":"<div class=\"product-description\">\n<h2>Rhh .201 IWB dr\u017ea\u010d za spremnik<\/h2>\n<p>Rhh .201 IWB dr\u017ea\u010d za spremnik je dizajniran za no\u0161enje unutar pojasa. Zna\u010dajke uklju\u010duju:<\/p>\n<ul>\n<li>Izra\u0111en od kydex materijala za precizno pristajanje<\/li>\n<li>Ru\u010dno rezani rubovi<\/li>\n<li>Podesivi hvat za prilago\u0111enu retenciju<\/li>\n<li>Dizajn za jednostavno \u010di\u0161\u0107enje<\/li>\n<li>2mm tanki, izdr\u017eljivi kydex materijal<\/li>\n<li>Mogu\u0107nost no\u0161enja na razli\u010ditim pozicijama oko struka<\/li>\n<li>Prikladan za cjelogodi\u0161nju upotrebu, posebno ljeti<\/li>\n<li>Dostupan s \u010deli\u010dnim kop\u010dama veli\u010dine 40mm i 45mm<\/li>\n<li>Opcija za\u0161tite od znoja<\/li>\n<\/ul>\n<p>Dizajniran za smanjenu vidljivost ispod odje\u0107e. Namijenjen za de\u0161njake na poziciji 9 sati.<\/p>\n<\/div>\n","protected":false},"excerpt":{"rendered":"<p>Tanak, prikriveni IWB dr\u017ea\u010d za spremnik s podesivim hvati\u0161tem i za\u0161titom od znoja.<\/p>\n","protected":false},"featured_media":74438,"template":"","meta":{"_acf_changed":false},"product_brand":[11629],"product_cat":[13512,13523],"product_tag":[],"class_list":{"0":"post-75391","1":"product","2":"type-product","3":"status-publish","4":"has-post-thumbnail","6":"product_brand-rh-holsters","7":"product_cat-drzaci-spremnika","8":"product_cat-futrola","9":"pa_belt-size-40mm-hr","10":"pa_model-glock-17-22-31-hr","11":"pa_model-glock-19-23-32-hr","12":"pa_model-glock-26-27-hr","13":"pa_strong-hand-right-hr","15":"first","16":"instock","17":"taxable","18":"shipping-taxable","19":"purchasable","20":"product-type-variable","21":"wvs-archive-product-wrapper"},"acf":[],"_links":{"self":[{"href":"https:\/\/staging.nbg.eu\/hr\/wp-json\/wp\/v2\/product\/75391","targetHints":{"allow":["GET"]}}],"collection":[{"href":"https:\/\/staging.nbg.eu\/hr\/wp-json\/wp\/v2\/product"}],"about":[{"href":"https:\/\/staging.nbg.eu\/hr\/wp-json\/wp\/v2\/types\/product"}],"wp:featuredmedia":[{"embeddable":true,"href":"https:\/\/staging.nbg.eu\/hr\/wp-json\/wp\/v2\/media\/74438"}],"wp:attachment":[{"href":"https:\/\/staging.nbg.eu\/hr\/wp-json\/wp\/v2\/media?parent=75391"}],"wp:term":[{"taxonomy":"product_brand","embeddable":true,"href":"https:\/\/staging.nbg.eu\/hr\/wp-json\/wp\/v2\/product_brand?post=75391"},{"taxonomy":"product_cat","embeddable":true,"href":"https:\/\/staging.nbg.eu\/hr\/wp-json\/wp\/v2\/product_cat?post=75391"},{"taxonomy":"product_tag","embeddable":true,"href":"https:\/\/staging.nbg.eu\/hr\/wp-json\/wp\/v2\/product_tag?post=75391"}],"curies":[{"name":"wp","href":"https:\/\/api.w.org\/{rel}","templated":true}]}}