{"id":75316,"date":"2024-10-30T20:07:58","date_gmt":"2024-10-30T20:07:58","guid":{"rendered":"https:\/\/staging.nbg.eu\/product\/daa-hard-case-large-430\/"},"modified":"2024-11-01T09:07:19","modified_gmt":"2024-11-01T09:07:19","slug":"daa-tvrda-kutija-large-430","status":"publish","type":"product","link":"https:\/\/staging.nbg.eu\/hr\/proizvod\/daa-tvrda-kutija-large-430\/","title":{"rendered":"DAA tvrda kutija Large-430"},"content":{"rendered":"<div class=\"product-description\">\n<h2>DAA Tvrdi Kov\u010deg Veliki-430<\/h2>\n<p>IP67 certificirani DAA Tvrdi Kov\u010deg Veliki-430 pru\u017ea za\u0161titu za va\u0161e vrijednosti. Prikladan je za vatreno oru\u017eje, fotografsku opremu, pomorsku opremu i drugo.<\/p>\n<ul>\n<li>Vodootporna brtva i automatski ventil za osloba\u0111anje pritiska<\/li>\n<li>Kop\u010de s dvostrukim zatvaranjem i rupe za lokot<\/li>\n<li>Sustav za slaganje s dodatnim to\u010dkama za pri\u010dvr\u0161\u0107ivanje<\/li>\n<li>Uklju\u010duje set pjene od 4 dijela za prilagodljivu unutra\u0161njost<\/li>\n<li>Dostupno u crnoj ili naran\u010dastoj boji<\/li>\n<\/ul>\n<p>Vanjske dimenzije: 464 x 366 x 176 mm (18,27 x 14,41 x 6,93 in\u010da)<br \/>\n  Unutarnje dimenzije: 426 x 290 x 159 mm (16,77 x 11,41 x 6,26 in\u010da)<br \/>\n  Te\u017eina: 3,1 kg<\/p>\n<\/div>\n","protected":false},"excerpt":{"rendered":"<p>Izdr\u017eljivo, vodootporno ku\u0107i\u0161te za vrijednu opremu. IP67 certificirano, svestrano.<\/p>\n","protected":false},"featured_media":74464,"template":"","meta":{"_acf_changed":false},"product_brand":[11260],"product_cat":[13536,13558],"product_tag":[],"class_list":{"0":"post-75316","1":"product","2":"type-product","3":"status-publish","4":"has-post-thumbnail","6":"product_brand-doublealpha","7":"product_cat-oprema","8":"product_cat-torbe-za-nosenje","10":"first","11":"outofstock","12":"taxable","13":"shipping-taxable","14":"purchasable","15":"product-type-simple"},"acf":[],"_links":{"self":[{"href":"https:\/\/staging.nbg.eu\/hr\/wp-json\/wp\/v2\/product\/75316","targetHints":{"allow":["GET"]}}],"collection":[{"href":"https:\/\/staging.nbg.eu\/hr\/wp-json\/wp\/v2\/product"}],"about":[{"href":"https:\/\/staging.nbg.eu\/hr\/wp-json\/wp\/v2\/types\/product"}],"wp:featuredmedia":[{"embeddable":true,"href":"https:\/\/staging.nbg.eu\/hr\/wp-json\/wp\/v2\/media\/74464"}],"wp:attachment":[{"href":"https:\/\/staging.nbg.eu\/hr\/wp-json\/wp\/v2\/media?parent=75316"}],"wp:term":[{"taxonomy":"product_brand","embeddable":true,"href":"https:\/\/staging.nbg.eu\/hr\/wp-json\/wp\/v2\/product_brand?post=75316"},{"taxonomy":"product_cat","embeddable":true,"href":"https:\/\/staging.nbg.eu\/hr\/wp-json\/wp\/v2\/product_cat?post=75316"},{"taxonomy":"product_tag","embeddable":true,"href":"https:\/\/staging.nbg.eu\/hr\/wp-json\/wp\/v2\/product_tag?post=75316"}],"curies":[{"name":"wp","href":"https:\/\/api.w.org\/{rel}","templated":true}]}}