{"id":74917,"date":"2024-10-21T09:31:15","date_gmt":"2024-10-31T11:14:49","guid":{"rendered":"https:\/\/staging.nbg.eu\/product\/grips-kmr-s-dotmatrix-ergo-silver\/"},"modified":"2024-10-31T11:16:42","modified_gmt":"2024-10-31T11:16:42","slug":"rukohvati-kmr-s-dotmatrix-ergo-silver","status":"publish","type":"product","link":"https:\/\/staging.nbg.eu\/hr\/proizvod\/rukohvati-kmr-s-dotmatrix-ergo-silver\/","title":{"rendered":"RUKOHVATI KMR S DotMatrix &#8211; Ergo Silver"},"content":{"rendered":"<h2>GRIPS KMR S DotMatrix &#8211; Ergo Srebrni<\/h2>\n<p>Rukohvati za KMR S-02 pi\u0161tolj. Izra\u0111eni od anodiziranog duraluminija, ovi duga\u010dki rukohvati imaju ergonomski dizajn i uzorak loptice za golf za bolji stisak i kontrolu.<\/p>\n<ul>\n<li>Kompatibilni samo s KMR S-02 okvirom (26mm \u0161irine)<\/li>\n<li>Izra\u0111eni od anodiziranog duraluminija za izdr\u017eljivost i lagani osje\u0107aj<\/li>\n<li>Ergonomski dizajn za bolje rukovanje i udobnost<\/li>\n<li>Tekstura uzorka loptice za golf za bolji stisak u svim uvjetima<\/li>\n<li>Srebrna zavr\u0161na obrada s KMR logotipom<\/li>\n<li>Uklju\u010duje torx vijke za jednostavnu instalaciju<\/li>\n<\/ul>\n<p>Rukohvati dizajnirani posebno za KMR S-02 .22 LR pi\u0161tolj. Nisu kompatibilni s W-02 ili L-02 veli\u010dinama okvira.<\/p>\n<dl class=\"data-sheet\">\n<dt class=\"name\">Za oru\u017eje KMR<\/dt>\n<dd class=\"value\">KMR S-01 LANCE (OR)<br \/>\nKMR S-02 DO 2023<\/dd>\n<dt class=\"name\">Izbor prema oru\u017eju CZ<\/dt>\n<dd class=\"value\">CZ SHADOW 1<br \/>\nCZ SHADOW 2<br \/>\nCZ SHADOW 2 (OR)<br \/>\nCZ SP-01<\/dd>\n<\/dl>\n","protected":false},"excerpt":{"rendered":"<p>Ergonomske srebrne ru\u010dke za KMR S-02 pi\u0161tolje.<br \/>\n0611-03001-0102<\/p>\n","protected":false},"featured_media":73839,"template":"","meta":{"_acf_changed":false},"product_brand":[11491],"product_cat":[13521],"product_tag":[],"class_list":{"0":"post-74917","1":"product","2":"type-product","3":"status-publish","4":"has-post-thumbnail","6":"product_brand-kmr-precision","7":"product_cat-kmr-dijelovi","9":"first","10":"instock","11":"taxable","12":"shipping-taxable","13":"purchasable","14":"product-type-simple"},"acf":[],"_links":{"self":[{"href":"https:\/\/staging.nbg.eu\/hr\/wp-json\/wp\/v2\/product\/74917","targetHints":{"allow":["GET"]}}],"collection":[{"href":"https:\/\/staging.nbg.eu\/hr\/wp-json\/wp\/v2\/product"}],"about":[{"href":"https:\/\/staging.nbg.eu\/hr\/wp-json\/wp\/v2\/types\/product"}],"wp:featuredmedia":[{"embeddable":true,"href":"https:\/\/staging.nbg.eu\/hr\/wp-json\/wp\/v2\/media\/73839"}],"wp:attachment":[{"href":"https:\/\/staging.nbg.eu\/hr\/wp-json\/wp\/v2\/media?parent=74917"}],"wp:term":[{"taxonomy":"product_brand","embeddable":true,"href":"https:\/\/staging.nbg.eu\/hr\/wp-json\/wp\/v2\/product_brand?post=74917"},{"taxonomy":"product_cat","embeddable":true,"href":"https:\/\/staging.nbg.eu\/hr\/wp-json\/wp\/v2\/product_cat?post=74917"},{"taxonomy":"product_tag","embeddable":true,"href":"https:\/\/staging.nbg.eu\/hr\/wp-json\/wp\/v2\/product_tag?post=74917"}],"curies":[{"name":"wp","href":"https:\/\/api.w.org\/{rel}","templated":true}]}}