{"id":74807,"date":"2024-10-21T09:29:53","date_gmt":"2024-10-31T10:54:31","guid":{"rendered":"https:\/\/staging.nbg.eu\/product\/grips-kmr-s-dotmatrix-black\/"},"modified":"2024-10-31T10:56:25","modified_gmt":"2024-10-31T10:56:25","slug":"rukohvati-kmr-s-dotmatrix-black","status":"publish","type":"product","link":"https:\/\/staging.nbg.eu\/hr\/proizvod\/rukohvati-kmr-s-dotmatrix-black\/","title":{"rendered":"RUKOHVATI KMR S DotMatrix &#8211; Black"},"content":{"rendered":"<div class=\"product-description\">\n<h2>GRIPS KMR S DotMatrix &#8211; Crni<\/h2>\n<p>GRIPS KMR S DotMatrix u crnoj boji. Ovi rukohvati imaju teksturu za \u010dvrsto dr\u017eanje. Pogodni za nadogradnju postoje\u0107eg pi\u0161tolja ili za natjecateljsko oru\u017eje.<\/p>\n<h3>Glavne zna\u010dajke:<\/h3>\n<ul>\n<li>Duga veli\u010dina za optimalan hvat<\/li>\n<li>Izra\u0111eni od anodiziranog duraluminija<\/li>\n<li>Uzorak golf loptice za teksturu<\/li>\n<li>Dizajnirani za kori\u0161tenje bez vodilice spremnika<\/li>\n<li>Uklju\u010duje torx vijke za ugradnju<\/li>\n<li>Sadr\u017ei KMR logo<\/li>\n<\/ul>\n<p>Kompatibilni samo s KMR S-02 modelima s aluminijskim okvirom \u0161irine 26 mm. Nije prikladno za W-02 ili L-02 veli\u010dine okvira. Za KMR S-02 .22 LR pi\u0161tolje.<\/p>\n<\/div>\n<dl class=\"data-sheet\">\n<dt class=\"name\">Za oru\u017eje KMR<\/dt>\n<dd class=\"value\">KMR S-01 LANCE (OR)<br \/>\nKMR S-02 DO 2023<\/dd>\n<dt class=\"name\">Izbor za oru\u017eje CZ<\/dt>\n<dd class=\"value\">CZ SHADOW 1<br \/>\nCZ SHADOW 2<br \/>\nCZ SHADOW 2 (OR)<br \/>\nCZ SP-01<\/dd>\n<\/dl>\n","protected":false},"excerpt":{"rendered":"<p>Izdr\u017eljive anodizirane duraluminijske ru\u010dke za pi\u0161tolj. Agresivna tekstura.<\/p>\n<p>0611-02801-0101<\/p>\n","protected":false},"featured_media":73815,"template":"","meta":{"_acf_changed":false},"product_brand":[11491],"product_cat":[13521],"product_tag":[],"class_list":{"0":"post-74807","1":"product","2":"type-product","3":"status-publish","4":"has-post-thumbnail","6":"product_brand-kmr-precision","7":"product_cat-kmr-dijelovi","9":"first","10":"instock","11":"taxable","12":"shipping-taxable","13":"purchasable","14":"product-type-simple"},"acf":[],"_links":{"self":[{"href":"https:\/\/staging.nbg.eu\/hr\/wp-json\/wp\/v2\/product\/74807","targetHints":{"allow":["GET"]}}],"collection":[{"href":"https:\/\/staging.nbg.eu\/hr\/wp-json\/wp\/v2\/product"}],"about":[{"href":"https:\/\/staging.nbg.eu\/hr\/wp-json\/wp\/v2\/types\/product"}],"wp:featuredmedia":[{"embeddable":true,"href":"https:\/\/staging.nbg.eu\/hr\/wp-json\/wp\/v2\/media\/73815"}],"wp:attachment":[{"href":"https:\/\/staging.nbg.eu\/hr\/wp-json\/wp\/v2\/media?parent=74807"}],"wp:term":[{"taxonomy":"product_brand","embeddable":true,"href":"https:\/\/staging.nbg.eu\/hr\/wp-json\/wp\/v2\/product_brand?post=74807"},{"taxonomy":"product_cat","embeddable":true,"href":"https:\/\/staging.nbg.eu\/hr\/wp-json\/wp\/v2\/product_cat?post=74807"},{"taxonomy":"product_tag","embeddable":true,"href":"https:\/\/staging.nbg.eu\/hr\/wp-json\/wp\/v2\/product_tag?post=74807"}],"curies":[{"name":"wp","href":"https:\/\/api.w.org\/{rel}","templated":true}]}}