{"id":74352,"date":"2024-10-19T08:43:18","date_gmt":"2024-10-19T08:43:18","guid":{"rendered":"https:\/\/staging.nbg.eu\/product\/sg-timer-go\/"},"modified":"2025-10-01T15:50:40","modified_gmt":"2025-10-01T12:50:40","slug":"sg-timer-go","status":"publish","type":"product","link":"https:\/\/staging.nbg.eu\/hr\/proizvod\/sg-timer-go\/","title":{"rendered":"SG Timer Go"},"content":{"rendered":"<h2>SG Timer Go: Minimalna cijena, maksimalne zna\u010dajke<\/h2>\n<p>SG Timer Go sadr\u017ei naprednu tehnologiju u kompaktnom ure\u0111aju jednostavnom za kori\u0161tenje. Opremljen istim pametnim senzorom i algoritmima prepoznavanja kao njegov prethodnik, ovaj je broja\u010d namijenjen pobolj\u0161anju va\u0161eg iskustva pucanja.<\/p>\n<h2>Klju\u010dne zna\u010dajke:<\/h2>\n<ul>\n<li>Bluetooth povezivost<\/li>\n<li>Kompatibilnost s aplikacijom za vje\u017ebe za napredne funkcije<\/li>\n<li>Otkrivanje suhog paljbe s povratnim informacijama o izvedbi<\/li>\n<li>Filtriranje odjeka za precizno otkrivanje pucnja<\/li>\n<li>Ugra\u0111ena memorija za 1.000.000 hitaca<\/li>\n<li>Prilagodljiva PAR vremena<\/li>\n<li>Podesiva osjetljivost za sve kalibre<\/li>\n<li>Kontrola glasno\u0107e (5-100)<\/li>\n<li>&#8220;\u0160pijunski na\u010din&#8221; za sinkronizaciju s drugim broja\u010dima<\/li>\n<\/ul>\n<h2>Dizajn jednostavan za kori\u0161tenje:<\/h2>\n<ul>\n<li>Zaslon montiran na vrhu za lako gledanje<\/li>\n<li>Pojednostavljeno su\u010delje s 2 gumba<\/li>\n<li>Kop\u010da za remen s brzim otpu\u0161tanjem za sigurno pri\u010dvr\u0161\u0107ivanje<\/li>\n<li>Kop\u010da za d\u017eep za razne opcije no\u0161enja<\/li>\n<\/ul>\n<h2>Dugotrajna izvedba:<\/h2>\n<p>S do 80 sati neprekidnog kori\u0161tenja s jednim punjenjem i prakti\u010dnim USB-C priklju\u010dkom, SG Timer Go spreman je za cjelodnevno, svakodnevno kori\u0161tenje.<\/p>\n<p>Iskusite kombinaciju jednostavnosti i naprednih zna\u010dajki s SG Timer Go &#8211; va\u0161im krajnjim pratiteljem u pucanju.<\/p>\n","protected":false},"excerpt":{"rendered":"<p>Kompaktni pametni mjera\u010d vremena s Bluetoothom, naprednim zna\u010dajkama i dugotrajnom baterijom.<\/p>\n","protected":false},"featured_media":73211,"template":"","meta":{"_acf_changed":false},"product_brand":[11790],"product_cat":[13549,13536],"product_tag":[],"class_list":{"0":"post-74352","1":"product","2":"type-product","3":"status-publish","4":"has-post-thumbnail","6":"product_brand-shooters-global","7":"product_cat-mjeraci-vremena","8":"product_cat-oprema","10":"first","11":"outofstock","12":"taxable","13":"shipping-taxable","14":"purchasable","15":"product-type-simple"},"acf":[],"_links":{"self":[{"href":"https:\/\/staging.nbg.eu\/hr\/wp-json\/wp\/v2\/product\/74352","targetHints":{"allow":["GET"]}}],"collection":[{"href":"https:\/\/staging.nbg.eu\/hr\/wp-json\/wp\/v2\/product"}],"about":[{"href":"https:\/\/staging.nbg.eu\/hr\/wp-json\/wp\/v2\/types\/product"}],"wp:featuredmedia":[{"embeddable":true,"href":"https:\/\/staging.nbg.eu\/hr\/wp-json\/wp\/v2\/media\/73211"}],"wp:attachment":[{"href":"https:\/\/staging.nbg.eu\/hr\/wp-json\/wp\/v2\/media?parent=74352"}],"wp:term":[{"taxonomy":"product_brand","embeddable":true,"href":"https:\/\/staging.nbg.eu\/hr\/wp-json\/wp\/v2\/product_brand?post=74352"},{"taxonomy":"product_cat","embeddable":true,"href":"https:\/\/staging.nbg.eu\/hr\/wp-json\/wp\/v2\/product_cat?post=74352"},{"taxonomy":"product_tag","embeddable":true,"href":"https:\/\/staging.nbg.eu\/hr\/wp-json\/wp\/v2\/product_tag?post=74352"}],"curies":[{"name":"wp","href":"https:\/\/api.w.org\/{rel}","templated":true}]}}