{"id":74337,"date":"2024-10-19T08:24:33","date_gmt":"2024-10-30T09:30:35","guid":{"rendered":"https:\/\/staging.nbg.eu\/product\/sg-timer-2\/"},"modified":"2024-10-30T09:33:13","modified_gmt":"2024-10-30T09:33:13","slug":"sg-timer-2","status":"publish","type":"product","link":"https:\/\/staging.nbg.eu\/hr\/proizvod\/sg-timer-2\/","title":{"rendered":"SG Timer 2"},"content":{"rendered":"<div class=\"product-description\">\n<h2>SG Timer 2: Mjera\u010d vremena za ozbiljne strijelce<\/h2>\n<p>SG Timer 2 je napredni i svestrani mjera\u010d vremena za pucanje. Dizajniran je za individualnu obuku i grupne sesije.<\/p>\n<h2>Glavne zna\u010dajke:<\/h2>\n<ul>\n<li><strong>Glasno\u0107a:<\/strong> Akusti\u010dni poja\u010diva\u010d \u010dini ga glasnim mjera\u010dem vremena.<\/li>\n<li><strong>Monta\u017ea:<\/strong> U-Grip s magnetima i hardverom za pozicioniranje za stabilnost.<\/li>\n<li><strong>Povezivost:<\/strong> NFC i Bluetooth 5.4 za povezivanje s pametnim telefonom i pove\u0107ani domet.<\/li>\n<li><strong>Detekcija pucnja:<\/strong> Osjetljivi senzor bilje\u017ei pucnjeve od AEG i CO2 do vatrenog oru\u017eja, uklju\u010duju\u0107i prigu\u0161ene.<\/li>\n<li><strong>Prilagodljive postavke:<\/strong> Podesiva osjetljivost i filtriranje jeke za prepoznavanje pucnja.<\/li>\n<li><strong>Memorija:<\/strong> Ugra\u0111ena pohrana za do 1.000.000 pucnjeva sa statistikama.<\/li>\n<li><strong>PAR funkcija:<\/strong> Planiranje vje\u017ebi unaprijed.<\/li>\n<li><strong>Spy na\u010din rada:<\/strong> Sinkronizacija s drugim mjera\u010dima vremena za zajedni\u010dku obuku.<\/li>\n<\/ul>\n<p>SG Timer 2 nudi performanse i pouzdanost za natjecateljske strijelce, instruktore vatrenog oru\u017eja i entuzijaste.<\/p>\n<\/div>\n","protected":false},"excerpt":{"rendered":"<p>Glasniji, pametniji, svestraniji. Sigurno dr\u017eanje, Bluetooth 5.4, napredni senzor.<\/p>\n","protected":false},"featured_media":73072,"template":"","meta":{"_acf_changed":false},"product_brand":[11790],"product_cat":[13549,13536],"product_tag":[],"class_list":{"0":"post-74337","1":"product","2":"type-product","3":"status-publish","4":"has-post-thumbnail","6":"product_brand-shooters-global","7":"product_cat-mjeraci-vremena","8":"product_cat-oprema","10":"first","11":"instock","12":"taxable","13":"shipping-taxable","14":"purchasable","15":"product-type-simple"},"acf":[],"_links":{"self":[{"href":"https:\/\/staging.nbg.eu\/hr\/wp-json\/wp\/v2\/product\/74337","targetHints":{"allow":["GET"]}}],"collection":[{"href":"https:\/\/staging.nbg.eu\/hr\/wp-json\/wp\/v2\/product"}],"about":[{"href":"https:\/\/staging.nbg.eu\/hr\/wp-json\/wp\/v2\/types\/product"}],"wp:featuredmedia":[{"embeddable":true,"href":"https:\/\/staging.nbg.eu\/hr\/wp-json\/wp\/v2\/media\/73072"}],"wp:attachment":[{"href":"https:\/\/staging.nbg.eu\/hr\/wp-json\/wp\/v2\/media?parent=74337"}],"wp:term":[{"taxonomy":"product_brand","embeddable":true,"href":"https:\/\/staging.nbg.eu\/hr\/wp-json\/wp\/v2\/product_brand?post=74337"},{"taxonomy":"product_cat","embeddable":true,"href":"https:\/\/staging.nbg.eu\/hr\/wp-json\/wp\/v2\/product_cat?post=74337"},{"taxonomy":"product_tag","embeddable":true,"href":"https:\/\/staging.nbg.eu\/hr\/wp-json\/wp\/v2\/product_tag?post=74337"}],"curies":[{"name":"wp","href":"https:\/\/api.w.org\/{rel}","templated":true}]}}