{"id":74314,"date":"2024-10-18T19:45:03","date_gmt":"2024-10-30T09:23:26","guid":{"rendered":"https:\/\/staging.nbg.eu\/product\/sordin-supreme-pro-x-led-gel\/"},"modified":"2024-10-30T09:25:07","modified_gmt":"2024-10-30T09:25:07","slug":"sordin-supreme-pro-x-led-gel","status":"publish","type":"product","link":"https:\/\/staging.nbg.eu\/hr\/proizvod\/sordin-supreme-pro-x-led-gel\/","title":{"rendered":"Sordin Supreme Pro-X LED GEL"},"content":{"rendered":"<h2>Sordin Supreme Pro-X LED<\/h2>\n<p>Sordin Supreme Pro-X LED je elektroni\u010dka za\u0161tita sluha za lovce i strijelce. Ima SordinHEAR2 zvu\u010dni sustav s \u010detiri audio profila, nudi kvalitetu zvuka i za\u0161titu.<\/p>\n<h2>Glavne zna\u010dajke:<\/h2>\n<ul>\n<li>Ugra\u0111eno LED svjetlo za vidljivost u mraku<\/li>\n<li>GEL prsteni za brtvljenje za udobnost<\/li>\n<li>IP67 vodootporna ocjena<\/li>\n<li>Kompaktan dizajn \u010da\u0161ica za no\u0161enje i pucanje<\/li>\n<li>Funkcija ovisna o razini za svijest o okolnom zvuku<\/li>\n<li>400 sati trajanja baterije s dvije AAA baterije<\/li>\n<li>AUX ulaz za vanjske audio izvore<\/li>\n<\/ul>\n<p>Nudi reprodukciju prirodnog zvuka s kvalitetnim zvu\u010dnicima uz za\u0161titu od opasne buke. Supreme Pro-X LED poja\u010dava slabe zvukove i ograni\u010dava izlaz na 82 dB, osiguravaju\u0107i sigurnost sluha.<\/p>\n<p>S kamufla\u017enom tekstilnom trakom za glavu, laganim dizajnom (376g) i prigu\u0161ivanjem \u010dak i kada nosite nao\u010dale, Sordin Supreme Pro-X LED je prikladan za lov i strelja\u0161tvo.<\/p>\n<p>NRR: 21 | SNR: 27 | H: 29 | M: 24 | L: 19<\/p>\n","protected":false},"excerpt":{"rendered":"<p>Elektroni\u010dka za\u0161tita sluha s LED svjetlom, 4 audio profila i gel brtvama.<\/p>\n","protected":false},"featured_media":72209,"template":"","meta":{"_acf_changed":false},"product_brand":[11835],"product_cat":[13536,13531],"product_tag":[],"class_list":{"0":"post-74314","1":"product","2":"type-product","3":"status-publish","4":"has-post-thumbnail","6":"product_brand-sordin","7":"product_cat-oprema","8":"product_cat-zastita-za-usi","10":"first","11":"instock","12":"taxable","13":"shipping-taxable","14":"purchasable","15":"product-type-simple"},"acf":[],"_links":{"self":[{"href":"https:\/\/staging.nbg.eu\/hr\/wp-json\/wp\/v2\/product\/74314","targetHints":{"allow":["GET"]}}],"collection":[{"href":"https:\/\/staging.nbg.eu\/hr\/wp-json\/wp\/v2\/product"}],"about":[{"href":"https:\/\/staging.nbg.eu\/hr\/wp-json\/wp\/v2\/types\/product"}],"wp:featuredmedia":[{"embeddable":true,"href":"https:\/\/staging.nbg.eu\/hr\/wp-json\/wp\/v2\/media\/72209"}],"wp:attachment":[{"href":"https:\/\/staging.nbg.eu\/hr\/wp-json\/wp\/v2\/media?parent=74314"}],"wp:term":[{"taxonomy":"product_brand","embeddable":true,"href":"https:\/\/staging.nbg.eu\/hr\/wp-json\/wp\/v2\/product_brand?post=74314"},{"taxonomy":"product_cat","embeddable":true,"href":"https:\/\/staging.nbg.eu\/hr\/wp-json\/wp\/v2\/product_cat?post=74314"},{"taxonomy":"product_tag","embeddable":true,"href":"https:\/\/staging.nbg.eu\/hr\/wp-json\/wp\/v2\/product_tag?post=74314"}],"curies":[{"name":"wp","href":"https:\/\/api.w.org\/{rel}","templated":true}]}}