{"id":74292,"date":"2024-10-18T19:29:44","date_gmt":"2024-10-30T09:17:08","guid":{"rendered":"https:\/\/staging.nbg.eu\/product\/nitehog-viper-50-next-thermal-clip-on\/"},"modified":"2024-10-30T09:19:40","modified_gmt":"2024-10-30T09:19:40","slug":"nitehog-viper-50-next-termalni-nadstavak","status":"publish","type":"product","link":"https:\/\/staging.nbg.eu\/hr\/proizvod\/nitehog-viper-50-next-termalni-nadstavak\/","title":{"rendered":"NiteHog Viper 50 Next termalni nadstavak"},"content":{"rendered":"<h2>NiteHog Viper 50 Next termalni dodatak<\/h2>\n<p>Viper 50 Next je kompaktan i lagan dodatak koji se pri\u010dvr\u0161\u0107uje na postoje\u0107u optiku.<\/p>\n<h2>Glavne zna\u010dajke:<\/h2>\n<ul>\n<li>50mm \u017eari\u0161na duljina za detekciju i prepoznavanje na ve\u0107oj udaljenosti<\/li>\n<li>60 Hz prikaz slike u stvarnom vremenu<\/li>\n<li>Kompaktan dizajn, te\u017eina 295 grama<\/li>\n<li>Jednostavno montiranje na dnevnu optiku<\/li>\n<li>Domet detekcije do 2160 metara<\/li>\n<li>A-Core modul za kvalitetu slike<\/li>\n<li>Zaslon rezolucije 1024&#215;768 piksela<\/li>\n<li>IP66 certifikat vodootpornosti<\/li>\n<li>5 sati rada s standardnom 18650 baterijom<\/li>\n<li>Vi\u0161e na\u010dina prikaza slike: bijelo vru\u0107e, crno vru\u0107e, crveno vru\u0107e, auto izoterma, izoterma, duga i ironbow<\/li>\n<\/ul>\n<p>Viper 50 Next koristi germanijsku le\u0107u i senzor s 12-mikronskim pikselima. Su\u010delje je jednostavno za kori\u0161tenje.<\/p>\n<p>NiteHog Viper 50 Next je namijenjen profesionalcima i entuzijastima.<\/p>\n","protected":false},"excerpt":{"rendered":"<p>Kompaktni termalni dodatak s 50 mm le\u0107om za detekciju na velike udaljenosti.<\/p>\n","protected":false},"featured_media":72024,"template":"","meta":{"_acf_changed":false},"product_brand":[11584],"product_cat":[13545,13500],"product_tag":[],"class_list":{"0":"post-74292","1":"product","2":"type-product","3":"status-publish","4":"has-post-thumbnail","6":"product_brand-nitehog","7":"product_cat-nisanjenje","8":"product_cat-termalni","10":"first","11":"instock","12":"taxable","13":"shipping-taxable","14":"purchasable","15":"product-type-simple"},"acf":[],"_links":{"self":[{"href":"https:\/\/staging.nbg.eu\/hr\/wp-json\/wp\/v2\/product\/74292","targetHints":{"allow":["GET"]}}],"collection":[{"href":"https:\/\/staging.nbg.eu\/hr\/wp-json\/wp\/v2\/product"}],"about":[{"href":"https:\/\/staging.nbg.eu\/hr\/wp-json\/wp\/v2\/types\/product"}],"wp:featuredmedia":[{"embeddable":true,"href":"https:\/\/staging.nbg.eu\/hr\/wp-json\/wp\/v2\/media\/72024"}],"wp:attachment":[{"href":"https:\/\/staging.nbg.eu\/hr\/wp-json\/wp\/v2\/media?parent=74292"}],"wp:term":[{"taxonomy":"product_brand","embeddable":true,"href":"https:\/\/staging.nbg.eu\/hr\/wp-json\/wp\/v2\/product_brand?post=74292"},{"taxonomy":"product_cat","embeddable":true,"href":"https:\/\/staging.nbg.eu\/hr\/wp-json\/wp\/v2\/product_cat?post=74292"},{"taxonomy":"product_tag","embeddable":true,"href":"https:\/\/staging.nbg.eu\/hr\/wp-json\/wp\/v2\/product_tag?post=74292"}],"curies":[{"name":"wp","href":"https:\/\/api.w.org\/{rel}","templated":true}]}}