{"id":74268,"date":"2024-10-20T10:20:59","date_gmt":"2024-10-30T09:02:28","guid":{"rendered":"https:\/\/staging.nbg.eu\/product\/fully-adjustable-rear-sight-kmr\/"},"modified":"2024-10-30T09:04:28","modified_gmt":"2024-10-30T09:04:28","slug":"potpuno-podesiv-straznji-nisan-kmr","status":"publish","type":"product","link":"https:\/\/staging.nbg.eu\/hr\/proizvod\/potpuno-podesiv-straznji-nisan-kmr\/","title":{"rendered":"Potpuno podesiv stra\u017enji ni\u0161an KMR"},"content":{"rendered":"<div class=\"product-description\">\n<h2>Potpuno podesivi stra\u017enji ciljnik za KMR<\/h2>\n<p>Stra\u017enji ciljnik prilago\u0111en za KMR i CZ modele. Ovaj ciljnik nudi:<\/p>\n<ul>\n<li>Kompatibilnost s CZ SP01 Shadow 1 i CZ Shadow 2<\/li>\n<li>Rad s prednjim ciljnicima visine 7,5-8,0 mm<\/li>\n<li>Precizna pode\u0161avanja<\/li>\n<li>Izdr\u017eljiva konstrukcija<\/li>\n<\/ul>\n<p>Nadogradite sustav ciljanja va\u0161eg vatrenog oru\u017eja. Napomena: Ovaj ciljnik nije kompatibilan s CZ 75 TS modelima.<\/p>\n<p>Stra\u017enji ciljnik je dodatak za va\u0161 KMR ili CZ pi\u0161tolj.<\/p>\n<\/div>\n","protected":false},"excerpt":{"rendered":"<p>Precizni stra\u017enji ciljnik za KMR i CZ.<\/p>\n","protected":false},"featured_media":73513,"template":"","meta":{"_acf_changed":false},"product_brand":[],"product_cat":[13521],"product_tag":[],"class_list":{"0":"post-74268","1":"product","2":"type-product","3":"status-publish","4":"has-post-thumbnail","6":"product_cat-kmr-dijelovi","8":"first","9":"instock","10":"taxable","11":"shipping-taxable","12":"purchasable","13":"product-type-simple"},"acf":[],"_links":{"self":[{"href":"https:\/\/staging.nbg.eu\/hr\/wp-json\/wp\/v2\/product\/74268","targetHints":{"allow":["GET"]}}],"collection":[{"href":"https:\/\/staging.nbg.eu\/hr\/wp-json\/wp\/v2\/product"}],"about":[{"href":"https:\/\/staging.nbg.eu\/hr\/wp-json\/wp\/v2\/types\/product"}],"wp:featuredmedia":[{"embeddable":true,"href":"https:\/\/staging.nbg.eu\/hr\/wp-json\/wp\/v2\/media\/73513"}],"wp:attachment":[{"href":"https:\/\/staging.nbg.eu\/hr\/wp-json\/wp\/v2\/media?parent=74268"}],"wp:term":[{"taxonomy":"product_brand","embeddable":true,"href":"https:\/\/staging.nbg.eu\/hr\/wp-json\/wp\/v2\/product_brand?post=74268"},{"taxonomy":"product_cat","embeddable":true,"href":"https:\/\/staging.nbg.eu\/hr\/wp-json\/wp\/v2\/product_cat?post=74268"},{"taxonomy":"product_tag","embeddable":true,"href":"https:\/\/staging.nbg.eu\/hr\/wp-json\/wp\/v2\/product_tag?post=74268"}],"curies":[{"name":"wp","href":"https:\/\/api.w.org\/{rel}","templated":true}]}}