{"id":74247,"date":"2024-10-18T20:29:49","date_gmt":"2024-10-18T20:29:49","guid":{"rendered":"https:\/\/staging.nbg.eu\/product\/sg-pulse-electronic-level-picatinny-m-lok\/"},"modified":"2024-10-30T09:02:40","modified_gmt":"2024-10-30T09:02:40","slug":"sg-pulse-elektronicka-libela-picatinny-m-lok","status":"publish","type":"product","link":"https:\/\/staging.nbg.eu\/hr\/proizvod\/sg-pulse-elektronicka-libela-picatinny-m-lok\/","title":{"rendered":"# SG PULSE elektroni\u010dka libela PICATINNY + M-LOK"},"content":{"rendered":"<h2>SG PULSE ELEKTRONSKA LIBELA PICATINNY + M-LOK<\/h2>\n<p>SG PULSE ELEKTRONSKA LIBELA je ure\u0111aj za precizno vertikalno poravnanje, koji eliminira horizontalno odstupanje za precizne pucnjeve. Ima LED svjetla za povratne informacije i opcije prilago\u0111ene kalibracije.<\/p>\n<ul>\n<li>Digitalna libela protiv naginjanja za savr\u0161eno vertikalno poravnanje<\/li>\n<li>Na\u010din stabilnosti prikazuje MOA za optimalno vrijeme okidanja<\/li>\n<li>Indikacija kosinusa za pucnjeve uzbrdo i nizbrdo<\/li>\n<li>Niveliranje optike jednim dodirom<\/li>\n<li>Pra\u0107enje vremena prijelaza za analizu performansi<\/li>\n<li>Kompaktan i izdr\u017eljiv dizajn<\/li>\n<li>Vi\u0161estruke opcije montiranja (Picatinny i M-LOK)<\/li>\n<\/ul>\n<p>Kompatibilno s aplikacijom Drills za detaljnu analizu stabilnosti i putanje cijevi. SG PULSE ELEKTRONSKA LIBELA pobolj\u0161ava postavu pu\u0161ke i omogu\u0107uje preciznost.<\/p>\n","protected":false},"excerpt":{"rendered":"<p>SG PULSE: Precizna elektroni\u010dka libela za savr\u0161eno poravnanje pu\u0161ke.<\/p>\n","protected":false},"featured_media":72652,"template":"","meta":{"_acf_changed":false},"product_brand":[],"product_cat":[13536],"product_tag":[],"class_list":{"0":"post-74247","1":"product","2":"type-product","3":"status-publish","4":"has-post-thumbnail","6":"product_cat-oprema","8":"first","9":"instock","10":"taxable","11":"shipping-taxable","12":"purchasable","13":"product-type-simple"},"acf":[],"_links":{"self":[{"href":"https:\/\/staging.nbg.eu\/hr\/wp-json\/wp\/v2\/product\/74247","targetHints":{"allow":["GET"]}}],"collection":[{"href":"https:\/\/staging.nbg.eu\/hr\/wp-json\/wp\/v2\/product"}],"about":[{"href":"https:\/\/staging.nbg.eu\/hr\/wp-json\/wp\/v2\/types\/product"}],"wp:featuredmedia":[{"embeddable":true,"href":"https:\/\/staging.nbg.eu\/hr\/wp-json\/wp\/v2\/media\/72652"}],"wp:attachment":[{"href":"https:\/\/staging.nbg.eu\/hr\/wp-json\/wp\/v2\/media?parent=74247"}],"wp:term":[{"taxonomy":"product_brand","embeddable":true,"href":"https:\/\/staging.nbg.eu\/hr\/wp-json\/wp\/v2\/product_brand?post=74247"},{"taxonomy":"product_cat","embeddable":true,"href":"https:\/\/staging.nbg.eu\/hr\/wp-json\/wp\/v2\/product_cat?post=74247"},{"taxonomy":"product_tag","embeddable":true,"href":"https:\/\/staging.nbg.eu\/hr\/wp-json\/wp\/v2\/product_tag?post=74247"}],"curies":[{"name":"wp","href":"https:\/\/api.w.org\/{rel}","templated":true}]}}