{"id":74225,"date":"2024-10-18T20:39:12","date_gmt":"2024-10-18T20:39:12","guid":{"rendered":"https:\/\/staging.nbg.eu\/product\/kmr-gun-oil-20ml\/"},"modified":"2024-10-30T08:59:17","modified_gmt":"2024-10-30T08:59:17","slug":"kmr-ulje-za-oruzje-20ml","status":"publish","type":"product","link":"https:\/\/staging.nbg.eu\/hr\/proizvod\/kmr-ulje-za-oruzje-20ml\/","title":{"rendered":"KMR ULJE ZA ORU\u017dJE 20ML"},"content":{"rendered":"<div class=\"product-description\">\n<h2>KMR ULJE ZA ORU\u017dJE 20ML<\/h2>\n<p>KMR ULJE ZA ORU\u017dJE 20ML je sinteti\u010dko ulje za odr\u017eavanje i za\u0161titu vatrenog oru\u017eja. Ovo ulje je formulirano za smanjenje trenja i tro\u0161enja, osiguravaju\u0107i glatko i u\u010dinkovito funkcioniranje va\u0161eg vatrenog oru\u017eja.<\/p>\n<ul>\n<li>Sinteti\u010dka formula<\/li>\n<li>Smanjuje trenje i tro\u0161enje<\/li>\n<li>Produljuje \u017eivotni vijek vatrenog oru\u017eja<\/li>\n<li>Pobolj\u0161ava ukupnu u\u010dinkovitost<\/li>\n<li>Prikladno za sve vrste vatrenog oru\u017eja<\/li>\n<\/ul>\n<p>KMR ULJE ZA ORU\u017dJE dolazi u prakti\u010dnom pakiranju od 20ml, \u0161to ga \u010dini jednostavnim za upotrebu i no\u0161enje. Ova kompaktna bo\u010dica osigurava da uvijek imate odgovaraju\u0107u koli\u010dinu ulja pri ruci za brzo odr\u017eavanje.<\/p>\n<p>Za\u0161titite svoje vatreno oru\u017eje i odr\u017eavajte ga u dobrom stanju s KMR ULJEM ZA ORU\u017dJE 20ML.<\/p>\n<\/div>\n","protected":false},"excerpt":{"rendered":"<p>Posebno sinteti\u010dko ulje za oru\u017eje KMR za smanjenje trenja i habanja.<\/p>\n","protected":false},"featured_media":72863,"template":"","meta":{"_acf_changed":false},"product_brand":[11491],"product_cat":[13550,13538],"product_tag":[],"class_list":{"0":"post-74225","1":"product","2":"type-product","3":"status-publish","4":"has-post-thumbnail","6":"product_brand-kmr-precision","7":"product_cat-ciscenje-oruzja","8":"product_cat-lubrikanti","10":"first","11":"instock","12":"taxable","13":"shipping-taxable","14":"purchasable","15":"product-type-simple"},"acf":[],"_links":{"self":[{"href":"https:\/\/staging.nbg.eu\/hr\/wp-json\/wp\/v2\/product\/74225","targetHints":{"allow":["GET"]}}],"collection":[{"href":"https:\/\/staging.nbg.eu\/hr\/wp-json\/wp\/v2\/product"}],"about":[{"href":"https:\/\/staging.nbg.eu\/hr\/wp-json\/wp\/v2\/types\/product"}],"wp:featuredmedia":[{"embeddable":true,"href":"https:\/\/staging.nbg.eu\/hr\/wp-json\/wp\/v2\/media\/72863"}],"wp:attachment":[{"href":"https:\/\/staging.nbg.eu\/hr\/wp-json\/wp\/v2\/media?parent=74225"}],"wp:term":[{"taxonomy":"product_brand","embeddable":true,"href":"https:\/\/staging.nbg.eu\/hr\/wp-json\/wp\/v2\/product_brand?post=74225"},{"taxonomy":"product_cat","embeddable":true,"href":"https:\/\/staging.nbg.eu\/hr\/wp-json\/wp\/v2\/product_cat?post=74225"},{"taxonomy":"product_tag","embeddable":true,"href":"https:\/\/staging.nbg.eu\/hr\/wp-json\/wp\/v2\/product_tag?post=74225"}],"curies":[{"name":"wp","href":"https:\/\/api.w.org\/{rel}","templated":true}]}}