{"id":74181,"date":"2024-10-20T09:56:58","date_gmt":"2024-10-30T08:44:21","guid":{"rendered":"https:\/\/staging.nbg.eu\/product\/holosun-hs-mount-aems-low\/"},"modified":"2024-10-30T08:46:17","modified_gmt":"2024-10-30T08:46:17","slug":"holosun-hs-mount-aems-low","status":"publish","type":"product","link":"https:\/\/staging.nbg.eu\/hr\/proizvod\/holosun-hs-mount-aems-low\/","title":{"rendered":"Holosun HS-MOUNT-AEMS-LOW"},"content":{"rendered":"<h2>Holosun HS-MOUNT-AEMS-LOW<\/h2>\n<p>Holosun HS-MOUNT-AEMS-LOW je nosa\u010d niskog profila dizajniran za AEMS crvenu to\u010dku. Ovaj aluminijski nosa\u010d nudi izdr\u017eljivost i jednostavnu upotrebu, te je pogodan za vatreno oru\u017eje s konvencionalnim kundacima.<\/p>\n<h2>Glavne zna\u010dajke:<\/h2>\n<ul>\n<li>Kompatibilan s Picatinny\/Weaver \u0161inama<\/li>\n<li>Dizajn niskog profila za optimalno poravnanje ciljnika<\/li>\n<li>Brza instalacija pomo\u0107u Torx klju\u010da<\/li>\n<li>Lagana ali izdr\u017eljiva aluminijska konstrukcija<\/li>\n<li>Ponovljiva preciznost<\/li>\n<\/ul>\n<h2>Specifikacije:<\/h2>\n<ul>\n<li>Dimenzije: 50x35x11 mm<\/li>\n<li>Te\u017eina: 34g<\/li>\n<li>Boja: Crna<\/li>\n<li>Radna temperatura: -30\u00b0C do 60\u00b0C<\/li>\n<li>Temperatura skladi\u0161tenja: -40\u00b0C do 70\u00b0C<\/li>\n<\/ul>\n<p>Holosun HS-MOUNT-AEMS-LOW je dizajniran za preciznost i pouzdanost u svim uvjetima.<\/p>\n","protected":false},"excerpt":{"rendered":"<p>Izuzetno izdr\u017eljiv aluminijski nosa\u010d za Holosun AEMS crvene to\u010dkaste ciljnike.<\/p>\n","protected":false},"featured_media":73327,"template":"","meta":{"_acf_changed":false},"product_brand":[11422],"product_cat":[13546,13545],"product_tag":[],"class_list":{"0":"post-74181","1":"product","2":"type-product","3":"status-publish","4":"has-post-thumbnail","6":"product_brand-holosun","7":"product_cat-crvene-tocke","8":"product_cat-nisanjenje","10":"first","11":"instock","12":"taxable","13":"shipping-taxable","14":"purchasable","15":"product-type-simple"},"acf":[],"_links":{"self":[{"href":"https:\/\/staging.nbg.eu\/hr\/wp-json\/wp\/v2\/product\/74181","targetHints":{"allow":["GET"]}}],"collection":[{"href":"https:\/\/staging.nbg.eu\/hr\/wp-json\/wp\/v2\/product"}],"about":[{"href":"https:\/\/staging.nbg.eu\/hr\/wp-json\/wp\/v2\/types\/product"}],"wp:featuredmedia":[{"embeddable":true,"href":"https:\/\/staging.nbg.eu\/hr\/wp-json\/wp\/v2\/media\/73327"}],"wp:attachment":[{"href":"https:\/\/staging.nbg.eu\/hr\/wp-json\/wp\/v2\/media?parent=74181"}],"wp:term":[{"taxonomy":"product_brand","embeddable":true,"href":"https:\/\/staging.nbg.eu\/hr\/wp-json\/wp\/v2\/product_brand?post=74181"},{"taxonomy":"product_cat","embeddable":true,"href":"https:\/\/staging.nbg.eu\/hr\/wp-json\/wp\/v2\/product_cat?post=74181"},{"taxonomy":"product_tag","embeddable":true,"href":"https:\/\/staging.nbg.eu\/hr\/wp-json\/wp\/v2\/product_tag?post=74181"}],"curies":[{"name":"wp","href":"https:\/\/api.w.org\/{rel}","templated":true}]}}