{"id":74113,"date":"2024-10-18T19:20:25","date_gmt":"2024-10-29T10:05:45","guid":{"rendered":"https:\/\/staging.nbg.eu\/product\/casio-prw-61y-3er\/"},"modified":"2024-10-29T10:07:36","modified_gmt":"2024-10-29T10:07:36","slug":"casio-prw-61y-3er","status":"publish","type":"product","link":"https:\/\/staging.nbg.eu\/hr\/proizvod\/casio-prw-61y-3er\/","title":{"rendered":"Casio PRW-61Y-3ER"},"content":{"rendered":"<div class=\"product-description\">\n<h2>Casio PRW-61Y-3ER: Sat za vanjsku upotrebu<\/h2>\n<p>PRO TREK PRW-61Y-3ER je prvi Casio sat koji koristi biomasu plastiku u ku\u0107i\u0161tu i remenu. Ovaj sat kombinira odr\u017eivost s izdr\u017eljivo\u0161\u0107u, nude\u0107i otpornost na intenzivnu upotrebu i udobnost.<\/p>\n<ul>\n<li>Biomasa plastika dobivena iz sjemenki ricinusa i kukuruza<\/li>\n<li>Broj\u010danik s bijelim oznakama za vidljivost<\/li>\n<li>Trostruki senzor: digitalni kompas, barometar\/visinomjer i termometar<\/li>\n<li>Multi Band 6 radio-kontrolirano mjerenje vremena<\/li>\n<li>Tough Solar sustav napajanja<\/li>\n<li>Super Illuminator s dvostrukim LED osvjetljenjem<\/li>\n<li>Mekani uretan remen<\/li>\n<li>Okvir od nehr\u0111aju\u0107eg \u010delika s ugraviranim kodovima gradova<\/li>\n<li>Kompaktan dizajn za nesmetano kretanje zgloba<\/li>\n<\/ul>\n<p>PRW-61Y-3ER je pogodan za ljubitelje aktivnosti na otvorenom koji cijene performanse i ekolo\u0161ku odgovornost.<\/p>\n<\/div>\n","protected":false},"excerpt":{"rendered":"<p>&#8220;Ekolo\u0161ki prihvatljiv PRO TREK sat s bioplastikom i zna\u010dajkama za aktivnosti na otvorenom.&#8221;<\/p>\n","protected":false},"featured_media":71862,"template":"","meta":{"_acf_changed":false},"product_brand":[11191],"product_cat":[13559,13535],"product_tag":[],"class_list":{"0":"post-74113","1":"product","2":"type-product","3":"status-publish","4":"has-post-thumbnail","6":"product_brand-casio","7":"product_cat-edc","8":"product_cat-satovi","10":"first","11":"instock","12":"taxable","13":"shipping-taxable","14":"purchasable","15":"product-type-simple"},"acf":[],"_links":{"self":[{"href":"https:\/\/staging.nbg.eu\/hr\/wp-json\/wp\/v2\/product\/74113","targetHints":{"allow":["GET"]}}],"collection":[{"href":"https:\/\/staging.nbg.eu\/hr\/wp-json\/wp\/v2\/product"}],"about":[{"href":"https:\/\/staging.nbg.eu\/hr\/wp-json\/wp\/v2\/types\/product"}],"wp:featuredmedia":[{"embeddable":true,"href":"https:\/\/staging.nbg.eu\/hr\/wp-json\/wp\/v2\/media\/71862"}],"wp:attachment":[{"href":"https:\/\/staging.nbg.eu\/hr\/wp-json\/wp\/v2\/media?parent=74113"}],"wp:term":[{"taxonomy":"product_brand","embeddable":true,"href":"https:\/\/staging.nbg.eu\/hr\/wp-json\/wp\/v2\/product_brand?post=74113"},{"taxonomy":"product_cat","embeddable":true,"href":"https:\/\/staging.nbg.eu\/hr\/wp-json\/wp\/v2\/product_cat?post=74113"},{"taxonomy":"product_tag","embeddable":true,"href":"https:\/\/staging.nbg.eu\/hr\/wp-json\/wp\/v2\/product_tag?post=74113"}],"curies":[{"name":"wp","href":"https:\/\/api.w.org\/{rel}","templated":true}]}}