{"id":74091,"date":"2024-10-18T19:05:21","date_gmt":"2024-10-29T10:02:54","guid":{"rendered":"https:\/\/staging.nbg.eu\/product\/casio-prg-340t-7er\/"},"modified":"2024-10-29T10:04:48","modified_gmt":"2024-10-29T10:04:48","slug":"casio-prg-340t-7er","status":"publish","type":"product","link":"https:\/\/staging.nbg.eu\/hr\/proizvod\/casio-prg-340t-7er\/","title":{"rendered":"Casio PRG-340T-7ER"},"content":{"rendered":"<h2>Casio PRG-340T-7ER<\/h2>\n<p>Casio PRG-340T-7ER je sat za vanjsku upotrebu. Ovaj sat ima sljede\u0107e zna\u010dajke:<\/p>\n<ul>\n<li>Digitalni kompas za odre\u0111ivanje smjera<\/li>\n<li>Visinomjer i barometar za mjerenje nadmorske visine i tlaka<\/li>\n<li>Termometar za mjerenje temperature<\/li>\n<li>Dvostruki LCD zaslon za bolju \u010ditljivost<\/li>\n<li>Izra\u0111en od bioplastike<\/li>\n<li>Tipke za izravne funkcije za jednostavno kori\u0161tenje<\/li>\n<li>Solarno napajanje<\/li>\n<li>Sna\u017eno osvjetljenje za vidljivost u uvjetima slabog osvjetljenja<\/li>\n<\/ul>\n<p>S vodootporno\u0161\u0107u do 10 bara, otporno\u0161\u0107u na niske temperature te dodatnim funkcijama poput svjetskog vremena i prikaza izlaska\/zalaska sunca, PRG-340T-7ER je alat za korisnike koji se bave aktivnostima na otvorenom.<\/p>\n","protected":false},"excerpt":{"rendered":"<p>Izdr\u017eljiv sat za vanjsku upotrebu s kompasom, visinomjerom i ekolo\u0161ki prihvatljivim dizajnom.<\/p>\n","protected":false},"featured_media":71746,"template":"","meta":{"_acf_changed":false},"product_brand":[11191],"product_cat":[13559,13535],"product_tag":[],"class_list":{"0":"post-74091","1":"product","2":"type-product","3":"status-publish","4":"has-post-thumbnail","6":"product_brand-casio","7":"product_cat-edc","8":"product_cat-satovi","10":"first","11":"instock","12":"taxable","13":"shipping-taxable","14":"purchasable","15":"product-type-simple"},"acf":[],"_links":{"self":[{"href":"https:\/\/staging.nbg.eu\/hr\/wp-json\/wp\/v2\/product\/74091","targetHints":{"allow":["GET"]}}],"collection":[{"href":"https:\/\/staging.nbg.eu\/hr\/wp-json\/wp\/v2\/product"}],"about":[{"href":"https:\/\/staging.nbg.eu\/hr\/wp-json\/wp\/v2\/types\/product"}],"wp:featuredmedia":[{"embeddable":true,"href":"https:\/\/staging.nbg.eu\/hr\/wp-json\/wp\/v2\/media\/71746"}],"wp:attachment":[{"href":"https:\/\/staging.nbg.eu\/hr\/wp-json\/wp\/v2\/media?parent=74091"}],"wp:term":[{"taxonomy":"product_brand","embeddable":true,"href":"https:\/\/staging.nbg.eu\/hr\/wp-json\/wp\/v2\/product_brand?post=74091"},{"taxonomy":"product_cat","embeddable":true,"href":"https:\/\/staging.nbg.eu\/hr\/wp-json\/wp\/v2\/product_cat?post=74091"},{"taxonomy":"product_tag","embeddable":true,"href":"https:\/\/staging.nbg.eu\/hr\/wp-json\/wp\/v2\/product_tag?post=74091"}],"curies":[{"name":"wp","href":"https:\/\/api.w.org\/{rel}","templated":true}]}}