{"id":74047,"date":"2024-10-16T20:20:06","date_gmt":"2024-10-29T09:57:27","guid":{"rendered":"https:\/\/staging.nbg.eu\/product\/proizvod-7\/"},"modified":"2024-10-29T09:57:34","modified_gmt":"2024-10-29T09:57:34","slug":"casio-gba-900uu-5aer","status":"publish","type":"product","link":"https:\/\/staging.nbg.eu\/hr\/proizvod\/casio-gba-900uu-5aer\/","title":{"rendered":"Casio GBA-900UU-5AER"},"content":{"rendered":"<h2>Casio GBA-900UU-5AER: Sat za gradski trening<\/h2>\n<p>Casio GBA-900UU-5AER je G-SQUAD sat koji kombinira gradski stil s naprednim zna\u010dajkama za trening.<\/p>\n<ul>\n<li>Precizno mjerenje udaljenosti s brojanjem koraka i GPS prilagodbom<\/li>\n<li>Kombinirani zaslon koji prikazuje vrijeme i mjerenja<\/li>\n<li>Ergonomski dizajn s pobolj\u0161anom upotrebljivo\u0161\u0107u i ventilacijom<\/li>\n<li>Vi\u0161enamjenski digitalni zaslon s grafom intenziteta vje\u017ebanja<\/li>\n<li>Mjerenja za tr\u010danje uklju\u010duju udaljenost, brzinu i tempo<\/li>\n<li>Automatsko pra\u0107enje koraka s dnevnim pokazateljem napretka<\/li>\n<li>Intervalni mjera\u010d vremena s integracijom pametnog telefona<\/li>\n<li>Super Illuminator dvostruko LED svjetlo za bolju vidljivost<\/li>\n<\/ul>\n<p>Casio GBA-900UU-5AER kombinira stil i funkcionalnost za gradske avanture i treninge na otvorenom.<\/p>\n","protected":false},"excerpt":{"rendered":"<p>Sportski G-SQUAD sat urbanog stila s pra\u0107enjem fitnessa i LED svjetlom.<\/p>\n","protected":false},"featured_media":71282,"template":"","meta":{"_acf_changed":false},"product_brand":[11191],"product_cat":[13559,13535],"product_tag":[],"class_list":{"0":"post-74047","1":"product","2":"type-product","3":"status-publish","4":"has-post-thumbnail","6":"product_brand-casio","7":"product_cat-edc","8":"product_cat-satovi","10":"first","11":"instock","12":"taxable","13":"shipping-taxable","14":"purchasable","15":"product-type-simple"},"acf":[],"_links":{"self":[{"href":"https:\/\/staging.nbg.eu\/hr\/wp-json\/wp\/v2\/product\/74047","targetHints":{"allow":["GET"]}}],"collection":[{"href":"https:\/\/staging.nbg.eu\/hr\/wp-json\/wp\/v2\/product"}],"about":[{"href":"https:\/\/staging.nbg.eu\/hr\/wp-json\/wp\/v2\/types\/product"}],"wp:featuredmedia":[{"embeddable":true,"href":"https:\/\/staging.nbg.eu\/hr\/wp-json\/wp\/v2\/media\/71282"}],"wp:attachment":[{"href":"https:\/\/staging.nbg.eu\/hr\/wp-json\/wp\/v2\/media?parent=74047"}],"wp:term":[{"taxonomy":"product_brand","embeddable":true,"href":"https:\/\/staging.nbg.eu\/hr\/wp-json\/wp\/v2\/product_brand?post=74047"},{"taxonomy":"product_cat","embeddable":true,"href":"https:\/\/staging.nbg.eu\/hr\/wp-json\/wp\/v2\/product_cat?post=74047"},{"taxonomy":"product_tag","embeddable":true,"href":"https:\/\/staging.nbg.eu\/hr\/wp-json\/wp\/v2\/product_tag?post=74047"}],"curies":[{"name":"wp","href":"https:\/\/api.w.org\/{rel}","templated":true}]}}