{"id":73998,"date":"2024-01-30T18:02:27","date_gmt":"2024-01-30T18:02:27","guid":{"rendered":"https:\/\/staging.nbg.eu\/product\/holosun-hs403b\/"},"modified":"2024-10-25T14:25:34","modified_gmt":"2024-10-25T14:25:34","slug":"holosun-hs403b","status":"publish","type":"product","link":"https:\/\/staging.nbg.eu\/hr\/proizvod\/holosun-hs403b\/","title":{"rendered":"Holosun HS403B"},"content":{"rendered":"<div class=\"product-description\">\n<h2>Holosun HS403B Mikro Crvena To\u010dkasta Optika<\/h2>\n<p>Holosun HS403B je kompaktna 20mm mikro optika za pu\u0161ke i karabine. Zna\u010dajke:<\/p>\n<ul>\n<li>Crvena Super LED s trajanjem baterije od 50.000 sati<\/li>\n<li>10 dnevnih i 2 postavke mre\u017eice kompatibilne s no\u0107nim vidom<\/li>\n<li>Ku\u0107i\u0161te od aluminija 6061<\/li>\n<li>Uklju\u010den donji 1\/3 co-witness nosa\u010d (1.63&#8243;) i niski nosa\u010d (.75&#8243;)<\/li>\n<li>Tehnologija bu\u0111enja na tre\u0161nju za produ\u017eeni vijek trajanja baterije<\/li>\n<li>Digitalne tipke za jednostavno pode\u0161avanje<\/li>\n<li>Gumeni poklopci le\u0107a za za\u0161titu<\/li>\n<li>Bo\u010dno postavljeni pretinac za bateriju 2032 za prakti\u010dnu zamjenu<\/li>\n<\/ul>\n<p>HS403B je prikladan za strijelce svih razina. Vodootporan prema IP67 standardu i otporan na vibracije do 1000G, ova optika je dizajnirana za rad u svim uvjetima.<\/p>\n<\/div>\n","protected":false},"excerpt":{"rendered":"<p>Kompaktni crveni ciljnik od 20 mm s trajanjem baterije od 50 000 sati i svestranim mogu\u0107nostima montiranja.<\/p>\n","protected":false},"featured_media":72257,"template":"","meta":{"_acf_changed":false},"product_brand":[11422],"product_cat":[13546,13545,13579],"product_tag":[],"class_list":{"0":"post-73998","1":"product","2":"type-product","3":"status-publish","4":"has-post-thumbnail","6":"product_brand-holosun","7":"product_cat-crvene-tocke","8":"product_cat-nisanjenje","9":"product_cat-puskovni-nisani","11":"first","12":"instock","13":"taxable","14":"shipping-taxable","15":"purchasable","16":"product-type-simple"},"acf":[],"_links":{"self":[{"href":"https:\/\/staging.nbg.eu\/hr\/wp-json\/wp\/v2\/product\/73998","targetHints":{"allow":["GET"]}}],"collection":[{"href":"https:\/\/staging.nbg.eu\/hr\/wp-json\/wp\/v2\/product"}],"about":[{"href":"https:\/\/staging.nbg.eu\/hr\/wp-json\/wp\/v2\/types\/product"}],"wp:featuredmedia":[{"embeddable":true,"href":"https:\/\/staging.nbg.eu\/hr\/wp-json\/wp\/v2\/media\/72257"}],"wp:attachment":[{"href":"https:\/\/staging.nbg.eu\/hr\/wp-json\/wp\/v2\/media?parent=73998"}],"wp:term":[{"taxonomy":"product_brand","embeddable":true,"href":"https:\/\/staging.nbg.eu\/hr\/wp-json\/wp\/v2\/product_brand?post=73998"},{"taxonomy":"product_cat","embeddable":true,"href":"https:\/\/staging.nbg.eu\/hr\/wp-json\/wp\/v2\/product_cat?post=73998"},{"taxonomy":"product_tag","embeddable":true,"href":"https:\/\/staging.nbg.eu\/hr\/wp-json\/wp\/v2\/product_tag?post=73998"}],"curies":[{"name":"wp","href":"https:\/\/api.w.org\/{rel}","templated":true}]}}