{"id":73977,"date":"2024-10-18T20:01:13","date_gmt":"2024-10-18T20:01:13","guid":{"rendered":"https:\/\/staging.nbg.eu\/product\/holosun-hs515cm-red-dot-sight\/"},"modified":"2024-10-25T14:23:56","modified_gmt":"2024-10-25T14:23:56","slug":"holosun-hs515cm-crvena-tocka-nisan","status":"publish","type":"product","link":"https:\/\/staging.nbg.eu\/hr\/proizvod\/holosun-hs515cm-crvena-tocka-nisan\/","title":{"rendered":"Holosun HS515CM &#8211; Crvena to\u010dka ni\u0161an"},"content":{"rendered":"<div class=\"product-description\">\n<h2>Holosun HS515CM &#8211; Crvena to\u010dkasta optika<\/h2>\n<p>HS515CM je 20mm mikro optika za pu\u0161ke i karabine. Izra\u0111ena od 7075 aluminija, uklju\u010duje:<\/p>\n<ul>\n<li>Prozirne, uklonjive\/rotiraju\u0107e poklopce le\u0107a<\/li>\n<li>QD nosa\u010d za donju 1\/3 ko-witness monta\u017eu (1,63&#8243;)<\/li>\n<li>IP68 vodootporna i pra\u0161ina otporna ocjena<\/li>\n<li>Solarna sigurnosna tehnologija<\/li>\n<li>Sustav s vi\u0161e kon\u010danica s crvenom Super LED<\/li>\n<li>10 postavki za dnevno svjetlo i 2 za no\u0107ni vid<\/li>\n<li>Tehnologija bu\u0111enja na tre\u0161nju<\/li>\n<li>Do 50.000 sati trajanja baterije<\/li>\n<li>Zamjena baterije sa strane bez alata<\/li>\n<\/ul>\n<p>Namijenjena za sportsku i profesionalnu uporabu, HS515CM nudi pode\u0161avanja od 0,5 MOA i \u00b150 MOA raspon kretanja. Izdr\u017eava ekstremne temperature i vibracije od 1000G.<\/p>\n<\/div>\n","protected":false},"excerpt":{"rendered":"<p>Izdr\u017eljivi 20mm mikro crveni ciljnik za pu\u0161ke, napajan solarnom energijom, vodootporan.<\/p>\n","protected":false},"featured_media":72396,"template":"","meta":{"_acf_changed":false},"product_brand":[11422],"product_cat":[13546,13545,13579],"product_tag":[],"class_list":{"0":"post-73977","1":"product","2":"type-product","3":"status-publish","4":"has-post-thumbnail","6":"product_brand-holosun","7":"product_cat-crvene-tocke","8":"product_cat-nisanjenje","9":"product_cat-puskovni-nisani","11":"first","12":"instock","13":"taxable","14":"shipping-taxable","15":"purchasable","16":"product-type-simple"},"acf":[],"_links":{"self":[{"href":"https:\/\/staging.nbg.eu\/hr\/wp-json\/wp\/v2\/product\/73977","targetHints":{"allow":["GET"]}}],"collection":[{"href":"https:\/\/staging.nbg.eu\/hr\/wp-json\/wp\/v2\/product"}],"about":[{"href":"https:\/\/staging.nbg.eu\/hr\/wp-json\/wp\/v2\/types\/product"}],"wp:featuredmedia":[{"embeddable":true,"href":"https:\/\/staging.nbg.eu\/hr\/wp-json\/wp\/v2\/media\/72396"}],"wp:attachment":[{"href":"https:\/\/staging.nbg.eu\/hr\/wp-json\/wp\/v2\/media?parent=73977"}],"wp:term":[{"taxonomy":"product_brand","embeddable":true,"href":"https:\/\/staging.nbg.eu\/hr\/wp-json\/wp\/v2\/product_brand?post=73977"},{"taxonomy":"product_cat","embeddable":true,"href":"https:\/\/staging.nbg.eu\/hr\/wp-json\/wp\/v2\/product_cat?post=73977"},{"taxonomy":"product_tag","embeddable":true,"href":"https:\/\/staging.nbg.eu\/hr\/wp-json\/wp\/v2\/product_tag?post=73977"}],"curies":[{"name":"wp","href":"https:\/\/api.w.org\/{rel}","templated":true}]}}