{"id":73955,"date":"2024-10-16T20:13:36","date_gmt":"2024-10-25T10:16:32","guid":{"rendered":"https:\/\/staging.nbg.eu\/product\/casio-gbd-800uc-5er\/"},"modified":"2024-10-25T10:18:19","modified_gmt":"2024-10-25T10:18:19","slug":"casio-gbd-800uc-5er","status":"publish","type":"product","link":"https:\/\/staging.nbg.eu\/hr\/proizvod\/casio-gbd-800uc-5er\/","title":{"rendered":"Casio GBD-800UC-5ER"},"content":{"rendered":"<div class=\"product-description\">\n<h2>Casio GBD-800UC-5ER: Sat za pra\u0107enje fitnessa<\/h2>\n<p>Casio GBD-800UC-5ER je sat s ku\u0107i\u0161tem i remenom od smole, dizajniran za aktivni na\u010din \u017eivota.<\/p>\n<ul>\n<li>Dimenzije: 54,1 \u00d7 48,6 \u00d7 15,5 mm, te\u017eina 59g<\/li>\n<li>Otporan na udarce<\/li>\n<li>Vodootporan do 200 metara<\/li>\n<li>Trajanje baterije 3 godine s CR2025<\/li>\n<li>Brojanje koraka pomo\u0107u troosnog akcelerometra<\/li>\n<li>Prikaz napretka prema cilju koraka i graf koraka za 7 sati<\/li>\n<li>Funkcija u\u0161tede energije<\/li>\n<\/ul>\n<p>GBD-800UC-5ER prati va\u0161e fitness aktivnosti.<\/p>\n<\/div>\n","protected":false},"excerpt":{"rendered":"<p>Izdr\u017eljivi G-Shock sa broja\u010dem koraka, vodootporan do 200m, baterija traje 3 godine.<\/p>\n","protected":false},"featured_media":71235,"template":"","meta":{"_acf_changed":false},"product_brand":[11191],"product_cat":[13559,13535],"product_tag":[],"class_list":{"0":"post-73955","1":"product","2":"type-product","3":"status-publish","4":"has-post-thumbnail","6":"product_brand-casio","7":"product_cat-edc","8":"product_cat-satovi","10":"first","11":"instock","12":"taxable","13":"shipping-taxable","14":"purchasable","15":"product-type-simple"},"acf":[],"_links":{"self":[{"href":"https:\/\/staging.nbg.eu\/hr\/wp-json\/wp\/v2\/product\/73955","targetHints":{"allow":["GET"]}}],"collection":[{"href":"https:\/\/staging.nbg.eu\/hr\/wp-json\/wp\/v2\/product"}],"about":[{"href":"https:\/\/staging.nbg.eu\/hr\/wp-json\/wp\/v2\/types\/product"}],"wp:featuredmedia":[{"embeddable":true,"href":"https:\/\/staging.nbg.eu\/hr\/wp-json\/wp\/v2\/media\/71235"}],"wp:attachment":[{"href":"https:\/\/staging.nbg.eu\/hr\/wp-json\/wp\/v2\/media?parent=73955"}],"wp:term":[{"taxonomy":"product_brand","embeddable":true,"href":"https:\/\/staging.nbg.eu\/hr\/wp-json\/wp\/v2\/product_brand?post=73955"},{"taxonomy":"product_cat","embeddable":true,"href":"https:\/\/staging.nbg.eu\/hr\/wp-json\/wp\/v2\/product_cat?post=73955"},{"taxonomy":"product_tag","embeddable":true,"href":"https:\/\/staging.nbg.eu\/hr\/wp-json\/wp\/v2\/product_tag?post=73955"}],"curies":[{"name":"wp","href":"https:\/\/api.w.org\/{rel}","templated":true}]}}