{"id":73933,"date":"2024-08-16T18:08:29","date_gmt":"2024-08-16T18:08:29","guid":{"rendered":"https:\/\/staging.nbg.eu\/product\/calypso-mini-mini-applied-ballistics-compatible\/"},"modified":"2024-10-25T07:34:15","modified_gmt":"2024-10-25T07:34:15","slug":"calypso-mini-mini-kompatibilan-s-applied-ballistics","status":"publish","type":"product","link":"https:\/\/staging.nbg.eu\/hr\/proizvod\/calypso-mini-mini-kompatibilan-s-applied-ballistics\/","title":{"rendered":"Calypso Mini &#8211; Mini kompatibilan s Applied Ballistics"},"content":{"rendered":"<h2>Calypso Mini &#8211; Mini kompatibilan s Applied Ballistics<\/h2>\n<p>Calypso Mini je kompaktan ultrazvu\u010dni anemometar i vjetrokaz. Ovaj ure\u0111aj, promjera 43mm, ima napredne zna\u010dajke i robusnu konstrukciju.<\/p>\n<h3>Glavne zna\u010dajke:<\/h3>\n<ul>\n<li>Ultrazvu\u010dni senzori za mjerenje brzine i smjera vjetra<\/li>\n<li>Bluetooth 5.1 povezivost s dometom do 30m<\/li>\n<li>Be\u017ei\u010dno QI punjenje s trajanjem baterije od 150 sati<\/li>\n<li>IPX8 ocjena vodootpornosti<\/li>\n<li>Kompatibilan s Android, iOS i Garmin ure\u0111ajima<\/li>\n<li>1\/4&#8243; \u017eenski navoj za montiranje na trono\u017eac<\/li>\n<li>Te\u017eina od samo 78 grama<\/li>\n<\/ul>\n<p>Calypso Mini nudi precizna mjerenja vjetra s rasponom brzine od 0,5-25 m\/s i to\u010dno\u0161\u0107u smjera od \u00b11\u00b0. Njegov dizajn bez pokretnih dijelova osigurava pouzdanost u razli\u010ditim uvjetima. Mo\u017ee se upariti s besplatnom aplikacijom Anemotracker za bilje\u017eenje podataka i informacije o vjetru u stvarnom vremenu.<\/p>\n<p>Calypso Mini je kompaktno rje\u0161enje za mjerenje vjetra za pomorce, ljubitelje aktivnosti na otvorenom ili profesionalne meteorologe.<\/p>\n","protected":false},"excerpt":{"rendered":"<p>Kompaktni ultrazvu\u010dni anemometar s Bluetooth tehnologijom za precizne podatke o vjetru.<\/p>\n","protected":false},"featured_media":23264,"template":"","meta":{"_acf_changed":false},"product_brand":[11169],"product_cat":[13572,13511,13585],"product_tag":[],"class_list":{"0":"post-73933","1":"product","2":"type-product","3":"status-publish","4":"has-post-thumbnail","6":"product_brand-calypso","7":"product_cat-alati","8":"product_cat-meteoroloski-mjeraci","9":"product_cat-nekategorizirano","11":"first","12":"instock","13":"taxable","14":"shipping-taxable","15":"purchasable","16":"product-type-simple"},"acf":[],"_links":{"self":[{"href":"https:\/\/staging.nbg.eu\/hr\/wp-json\/wp\/v2\/product\/73933","targetHints":{"allow":["GET"]}}],"collection":[{"href":"https:\/\/staging.nbg.eu\/hr\/wp-json\/wp\/v2\/product"}],"about":[{"href":"https:\/\/staging.nbg.eu\/hr\/wp-json\/wp\/v2\/types\/product"}],"wp:featuredmedia":[{"embeddable":true,"href":"https:\/\/staging.nbg.eu\/hr\/wp-json\/wp\/v2\/media\/23264"}],"wp:attachment":[{"href":"https:\/\/staging.nbg.eu\/hr\/wp-json\/wp\/v2\/media?parent=73933"}],"wp:term":[{"taxonomy":"product_brand","embeddable":true,"href":"https:\/\/staging.nbg.eu\/hr\/wp-json\/wp\/v2\/product_brand?post=73933"},{"taxonomy":"product_cat","embeddable":true,"href":"https:\/\/staging.nbg.eu\/hr\/wp-json\/wp\/v2\/product_cat?post=73933"},{"taxonomy":"product_tag","embeddable":true,"href":"https:\/\/staging.nbg.eu\/hr\/wp-json\/wp\/v2\/product_tag?post=73933"}],"curies":[{"name":"wp","href":"https:\/\/api.w.org\/{rel}","templated":true}]}}