{"id":73724,"date":"2024-10-16T19:50:15","date_gmt":"2024-10-21T08:18:55","guid":{"rendered":"https:\/\/staging.nbg.eu\/product\/casio-gba-800-1aer\/"},"modified":"2024-10-21T08:20:44","modified_gmt":"2024-10-21T08:20:44","slug":"casio-gba-800-1aer","status":"publish","type":"product","link":"https:\/\/staging.nbg.eu\/hr\/proizvod\/casio-gba-800-1aer\/","title":{"rendered":"Casio GBA-800-1AER"},"content":{"rendered":"<h2>Casio GBA-800-1AER G-SQUAD sat<\/h2>\n<p>Casio GBA-800-1AER G-SQUAD je sportski sat za urbane sporta\u0161e. Ovaj sat kombinira G-SHOCK izdr\u017eljivost s naprednim funkcijama pra\u0107enja fitnessa.<\/p>\n<ul>\n<li>Bluetooth povezivost za integraciju s CASIO WATCHES aplikacijom<\/li>\n<li>3-osni akcelerometar za brojanje koraka<\/li>\n<li>Prilagodljivi odbrojiva\u010di vremena i memorija za 200 krugova<\/li>\n<li>Dnevnik broja koraka s pet razina intenziteta vje\u017ebanja<\/li>\n<li>Izra\u010dun kalorija i postavljanje ciljeva koraka<\/li>\n<li>Automatsko pode\u0161avanje vremena i svjetsko vrijeme za 300 gradova<\/li>\n<li>Super Illuminator dvostruko LED svjetlo za vidljivost u uvjetima slabog osvjetljenja<\/li>\n<\/ul>\n<p>GBA-800-1AER ima mekanu uretansku traku s pobolj\u0161anom prilagodljivo\u0161\u0107u. Njegovo kompaktno ku\u0107i\u0161te pogodno je za sportsko no\u0161enje, \u010dine\u0107i ga prikladnim za tr\u010danje, trening i svakodnevno no\u0161enje.<\/p>\n","protected":false},"excerpt":{"rendered":"<p>Sportski pametni sat s broja\u010dem koraka i sinkronizacijom aplikacija.<\/p>\n","protected":false},"featured_media":71095,"template":"","meta":{"_acf_changed":false},"product_brand":[11191],"product_cat":[13559,13535],"product_tag":[],"class_list":{"0":"post-73724","1":"product","2":"type-product","3":"status-publish","4":"has-post-thumbnail","6":"product_brand-casio","7":"product_cat-edc","8":"product_cat-satovi","10":"first","11":"instock","12":"taxable","13":"shipping-taxable","14":"purchasable","15":"product-type-simple"},"acf":[],"_links":{"self":[{"href":"https:\/\/staging.nbg.eu\/hr\/wp-json\/wp\/v2\/product\/73724","targetHints":{"allow":["GET"]}}],"collection":[{"href":"https:\/\/staging.nbg.eu\/hr\/wp-json\/wp\/v2\/product"}],"about":[{"href":"https:\/\/staging.nbg.eu\/hr\/wp-json\/wp\/v2\/types\/product"}],"wp:featuredmedia":[{"embeddable":true,"href":"https:\/\/staging.nbg.eu\/hr\/wp-json\/wp\/v2\/media\/71095"}],"wp:attachment":[{"href":"https:\/\/staging.nbg.eu\/hr\/wp-json\/wp\/v2\/media?parent=73724"}],"wp:term":[{"taxonomy":"product_brand","embeddable":true,"href":"https:\/\/staging.nbg.eu\/hr\/wp-json\/wp\/v2\/product_brand?post=73724"},{"taxonomy":"product_cat","embeddable":true,"href":"https:\/\/staging.nbg.eu\/hr\/wp-json\/wp\/v2\/product_cat?post=73724"},{"taxonomy":"product_tag","embeddable":true,"href":"https:\/\/staging.nbg.eu\/hr\/wp-json\/wp\/v2\/product_tag?post=73724"}],"curies":[{"name":"wp","href":"https:\/\/api.w.org\/{rel}","templated":true}]}}