{"id":73702,"date":"2024-10-16T19:57:17","date_gmt":"2024-10-21T08:16:31","guid":{"rendered":"https:\/\/staging.nbg.eu\/product\/casio-gbd-800-1ber\/"},"modified":"2024-10-21T08:18:57","modified_gmt":"2024-10-21T08:18:57","slug":"casio-gbd-800-1ber","status":"publish","type":"product","link":"https:\/\/staging.nbg.eu\/hr\/proizvod\/casio-gbd-800-1ber\/","title":{"rendered":"Casio GBD-800-1BER"},"content":{"rendered":"<h2>Casio GBD-800-1BER G-SQUAD sportski sat<\/h2>\n<p>Casio GBD-800-1BER je G-SQUAD sportski sat namijenjen sporta\u0161ima i svakodnevnom no\u0161enju. Ovaj crni sat ima sljede\u0107e zna\u010dajke:<\/p>\n<ul>\n<li>Vi\u0161esegmentni digitalni zaslon za bolju \u010ditljivost<\/li>\n<li>Bluetooth povezivost s CASIO WATCHES aplikacijom<\/li>\n<li>3-osni akcelerometar za precizno brojanje koraka<\/li>\n<li>Vi\u0161estruki mjera\u010d vremena s do 20 kombinacija<\/li>\n<li>Memorija za 200 krugova za pra\u0107enje treninga<\/li>\n<li>Automatsko LED svjetlo za vidljivost u uvjetima slabog osvjetljenja<\/li>\n<li>Udobno pristajanje s podesivom narukvicom i stra\u017enjim krilcima<\/li>\n<\/ul>\n<p>GBD-800-1BER ima moderan dizajn, \u010dvrstu konstrukciju i napredne mogu\u0107nosti pra\u0107enja fitnessa. Ovaj G-SHOCK sat poma\u017ee vam u pra\u0107enju va\u0161ih fitness ciljeva, bilo da vje\u017ebate u teretani ili na otvorenom.<\/p>\n","protected":false},"excerpt":{"rendered":"<p>Elegantni G-SHOCK sportski sat s broja\u010dem koraka i povezivo\u0161\u0107u s aplikacijom na mobilnom telefonu.<\/p>\n","protected":false},"featured_media":100945,"template":"","meta":{"_acf_changed":false},"product_brand":[11191],"product_cat":[13559,13535],"product_tag":[],"class_list":{"0":"post-73702","1":"product","2":"type-product","3":"status-publish","4":"has-post-thumbnail","6":"product_brand-casio","7":"product_cat-edc","8":"product_cat-satovi","10":"first","11":"instock","12":"taxable","13":"shipping-taxable","14":"purchasable","15":"product-type-simple"},"acf":[],"_links":{"self":[{"href":"https:\/\/staging.nbg.eu\/hr\/wp-json\/wp\/v2\/product\/73702","targetHints":{"allow":["GET"]}}],"collection":[{"href":"https:\/\/staging.nbg.eu\/hr\/wp-json\/wp\/v2\/product"}],"about":[{"href":"https:\/\/staging.nbg.eu\/hr\/wp-json\/wp\/v2\/types\/product"}],"wp:featuredmedia":[{"embeddable":true,"href":"https:\/\/staging.nbg.eu\/hr\/wp-json\/wp\/v2\/media\/100945"}],"wp:attachment":[{"href":"https:\/\/staging.nbg.eu\/hr\/wp-json\/wp\/v2\/media?parent=73702"}],"wp:term":[{"taxonomy":"product_brand","embeddable":true,"href":"https:\/\/staging.nbg.eu\/hr\/wp-json\/wp\/v2\/product_brand?post=73702"},{"taxonomy":"product_cat","embeddable":true,"href":"https:\/\/staging.nbg.eu\/hr\/wp-json\/wp\/v2\/product_cat?post=73702"},{"taxonomy":"product_tag","embeddable":true,"href":"https:\/\/staging.nbg.eu\/hr\/wp-json\/wp\/v2\/product_tag?post=73702"}],"curies":[{"name":"wp","href":"https:\/\/api.w.org\/{rel}","templated":true}]}}