{"id":68673,"date":"2023-11-26T20:00:44","date_gmt":"2024-09-20T12:57:23","guid":{"rendered":"https:\/\/staging.nbg.eu\/product\/geissele-super-duty-mod1-rifle-16-5-56mm-ddc\/"},"modified":"2024-09-27T10:14:14","modified_gmt":"2024-09-27T10:14:14","slug":"geissele-super-duty-puska-16-556mm-ddc","status":"publish","type":"product","link":"https:\/\/staging.nbg.eu\/hr\/proizvod\/geissele-super-duty-puska-16-556mm-ddc\/","title":{"rendered":"Geissele Super Duty Pu\u0161ka 16 5.56MM DDC"},"content":{"rendered":"<h2>Geissele Super Duty pu\u0161ka &#8211; 16&#8243; 5.56MM<\/h2>\n<p>Geissele Super Duty je 16&#8243; pu\u0161ka u kalibru 5,56 NATO koja kombinira naprednu tehnologiju i izradu.<\/p>\n<h2>Glavne zna\u010dajke:<\/h2>\n<ul>\n<li>16&#8243; hladno kovana, kromirana cijev (korak 1:7&#8243;)<\/li>\n<li>Precizno izra\u0111ena u Geissele pogonu u North Wales, PA<\/li>\n<li>Plinski sustav karabinske duljine sa Super Compact plinskim blokom<\/li>\n<li>15&#8243; SMR MK16 modularna \u0161ina s M-LOK kompatibilno\u0161\u0107u<\/li>\n<li>Donji prijemnik od 7075-T6 aluminija s Ultra Duty kompletom dijelova<\/li>\n<li>Obostrana Super Configurable ko\u010dnica<\/li>\n<li>Super-42 opruga akcije i H3 pufer<\/li>\n<\/ul>\n<h2>Specifikacije:<\/h2>\n<ul>\n<li>Kalibar: 5,56 NATO<\/li>\n<li>Cijev: Geissele hladno kovana, kromirana, korak 1\/7<\/li>\n<li>Prijemnici: Kovani 7075-T6, tvrdo anodizirani tip III<\/li>\n<li>Nosa\u010d zatvara\u010da: REBCG (Reliability Enhanced Bolt Carrier Group)<\/li>\n<li>Okida\u010d: SSA-X s Lightning Bow<\/li>\n<li>Skriva\u010d plamena: Geissele Sparkout<\/li>\n<li>Ru\u010dica za zatezanje: Airborne<\/li>\n<li>Boja: DDC (Desert Dirt Color)*<\/li>\n<\/ul>\n<p><em>*Napomena: DDC anodizacija mo\u017ee varirati u nijansama<\/em><\/p>\n<p>Geissele Super Duty pu\u0161ka nudi preciznost i pouzdanost u kompaktnom, visokoperformansnom paketu.<\/p>\n","protected":false},"excerpt":{"rendered":"<p>Geissele Super Duty: 16&#8243; 5,56 mm, napredna tehnologija, precizno izra\u0111ena.<\/p>\n","protected":false},"featured_media":68674,"template":"","meta":{"_acf_changed":false},"product_brand":[11375],"product_cat":[13566,13554,13569],"product_tag":[],"class_list":{"0":"post-68673","1":"product","2":"type-product","3":"status-publish","4":"has-post-thumbnail","6":"product_brand-geissele","7":"product_cat-karabini","8":"product_cat-licencirano","9":"product_cat-puska","11":"first","12":"instock","13":"taxable","14":"shipping-taxable","15":"product-type-simple"},"acf":[],"_links":{"self":[{"href":"https:\/\/staging.nbg.eu\/hr\/wp-json\/wp\/v2\/product\/68673","targetHints":{"allow":["GET"]}}],"collection":[{"href":"https:\/\/staging.nbg.eu\/hr\/wp-json\/wp\/v2\/product"}],"about":[{"href":"https:\/\/staging.nbg.eu\/hr\/wp-json\/wp\/v2\/types\/product"}],"wp:featuredmedia":[{"embeddable":true,"href":"https:\/\/staging.nbg.eu\/hr\/wp-json\/wp\/v2\/media\/68674"}],"wp:attachment":[{"href":"https:\/\/staging.nbg.eu\/hr\/wp-json\/wp\/v2\/media?parent=68673"}],"wp:term":[{"taxonomy":"product_brand","embeddable":true,"href":"https:\/\/staging.nbg.eu\/hr\/wp-json\/wp\/v2\/product_brand?post=68673"},{"taxonomy":"product_cat","embeddable":true,"href":"https:\/\/staging.nbg.eu\/hr\/wp-json\/wp\/v2\/product_cat?post=68673"},{"taxonomy":"product_tag","embeddable":true,"href":"https:\/\/staging.nbg.eu\/hr\/wp-json\/wp\/v2\/product_tag?post=68673"}],"curies":[{"name":"wp","href":"https:\/\/api.w.org\/{rel}","templated":true}]}}