{"id":68429,"date":"2023-11-29T10:10:20","date_gmt":"2024-09-20T12:29:46","guid":{"rendered":"https:\/\/staging.nbg.eu\/product\/geissele-super-duty-mod1-11-5-5-56mm-ddc\/"},"modified":"2024-09-27T10:06:58","modified_gmt":"2024-09-27T10:06:58","slug":"geissele-super-duty-115-556mm-ddc","status":"publish","type":"product","link":"https:\/\/staging.nbg.eu\/hr\/proizvod\/geissele-super-duty-115-556mm-ddc\/","title":{"rendered":"Geissele Super Duty 11.5 5.56MM DDC"},"content":{"rendered":"<h2>Geissele Super Duty Pi\u0161tolj &#8211; 11,5&#8243; 5,56MM<\/h2>\n<p>Geissele Super Duty pi\u0161tolj od 11,5&#8243; u kalibru 5,56 NATO kombinira naprednu tehnologiju i izradu.<\/p>\n<h2>Glavne zna\u010dajke:<\/h2>\n<ul>\n<li>11,5&#8243; hladno kovana, kromirana cijev (korak uvijanja 1:7&#8243;)<\/li>\n<li>Precizno izra\u0111en u Geissele pogonu u North Walesu, PA<\/li>\n<li>Plinski sustav karabinske duljine s kompaktnim plinskim blokom<\/li>\n<li>10,5&#8243; SMR MK16 modularna \u0161ina s M-LOK kompatibilno\u0161\u0107u<\/li>\n<li>Donji prijemnik od 7075-T6 aluminija s Ultra Duty kompletom dijelova<\/li>\n<li>Obostrana podesiva ko\u010dnica<\/li>\n<li>Super-42 opruga akcije i H3 pufer<\/li>\n<\/ul>\n<h2>Specifikacije:<\/h2>\n<ul>\n<li>Kalibar: 5,56 NATO<\/li>\n<li>Cijev: Geissele hladno kovana, kromirana, korak uvijanja 1\/7<\/li>\n<li>Prijemnici: Kovani 7075-T6, tvrdo anodiziran tip III<\/li>\n<li>Nosa\u010d zatvara\u010da: REBCG (Pobolj\u0161ani nosa\u010d zatvara\u010da)<\/li>\n<li>Okida\u010d: SSA-X s Lightning Bow<\/li>\n<li>Skriva\u010d plamena: Geissele Sparkout<\/li>\n<li>Ru\u010dica za zapinjanje: Airborne<\/li>\n<li>Boja: DDC (Boja pustinjske zemlje)*<\/li>\n<\/ul>\n<p><em>*Napomena: DDC anodizacija mo\u017ee varirati u nijansama<\/em><\/p>\n<p>Geissele Super Duty Pi\u0161tolj pru\u017ea preciznost i pouzdanost u kompaktnom pakiranju.<\/p>\n","protected":false},"excerpt":{"rendered":"<p>Geissele Super Duty: 11,5&#8243; 5,56MM, napredna tehnologija, precizno izra\u0111en.<\/p>\n","protected":false},"featured_media":191244,"template":"","meta":{"_acf_changed":false},"product_brand":[11375],"product_cat":[13566,13554,13569],"product_tag":[],"class_list":{"0":"post-68429","1":"product","2":"type-product","3":"status-publish","4":"has-post-thumbnail","6":"product_brand-geissele","7":"product_cat-karabini","8":"product_cat-licencirano","9":"product_cat-puska","11":"first","12":"instock","13":"taxable","14":"shipping-taxable","15":"product-type-simple"},"acf":[],"_links":{"self":[{"href":"https:\/\/staging.nbg.eu\/hr\/wp-json\/wp\/v2\/product\/68429","targetHints":{"allow":["GET"]}}],"collection":[{"href":"https:\/\/staging.nbg.eu\/hr\/wp-json\/wp\/v2\/product"}],"about":[{"href":"https:\/\/staging.nbg.eu\/hr\/wp-json\/wp\/v2\/types\/product"}],"wp:featuredmedia":[{"embeddable":true,"href":"https:\/\/staging.nbg.eu\/hr\/wp-json\/wp\/v2\/media\/191244"}],"wp:attachment":[{"href":"https:\/\/staging.nbg.eu\/hr\/wp-json\/wp\/v2\/media?parent=68429"}],"wp:term":[{"taxonomy":"product_brand","embeddable":true,"href":"https:\/\/staging.nbg.eu\/hr\/wp-json\/wp\/v2\/product_brand?post=68429"},{"taxonomy":"product_cat","embeddable":true,"href":"https:\/\/staging.nbg.eu\/hr\/wp-json\/wp\/v2\/product_cat?post=68429"},{"taxonomy":"product_tag","embeddable":true,"href":"https:\/\/staging.nbg.eu\/hr\/wp-json\/wp\/v2\/product_tag?post=68429"}],"curies":[{"name":"wp","href":"https:\/\/api.w.org\/{rel}","templated":true}]}}