{"id":68287,"date":"2023-12-10T10:23:45","date_gmt":"2023-12-10T10:23:45","guid":{"rendered":"https:\/\/staging.nbg.eu\/product\/alg-defense-el-jefe-16-5-56mm-black\/"},"modified":"2025-02-07T08:22:41","modified_gmt":"2025-02-07T08:22:41","slug":"alg-defense-el-jefe-16-556mm-crna","status":"publish","type":"product","link":"https:\/\/staging.nbg.eu\/hr\/proizvod\/alg-defense-el-jefe-16-556mm-crna\/","title":{"rendered":"ALG Defense El Jefe 16 5.56MM Crna"},"content":{"rendered":"<h2>ALG Defense El Jefe, 16&#8243;, 5,56MM &#8211; Crna<\/h2>\n<p>ALG Defense El Jefe pu\u0161ka je izbor za strijelce koji tra\u017ee pu\u0161ku vojnog standarda po pristupa\u010dnoj cijeni. Ovaj kompletni sustav pu\u0161ke dolazi s remenom i Warner &amp; Swasey crvenom to\u010dkom za ciljanje.<\/p>\n<h2>Glavne zna\u010dajke:<\/h2>\n<ul>\n<li>Prijemnici od 7075 aluminija, kovani i CNC obra\u0111eni za \u010dvrsto\u0107u i lagani dizajn<\/li>\n<li>Vojni standard Tip 3 tvrdo anodizirane zavr\u0161ne obrade u mat crnoj boji<\/li>\n<li>ALG V3X rukohvat s M-LOK utorima za razne opcije pri\u010dvr\u0161\u0107ivanja<\/li>\n<li>B5 Systems SOPMOD kundak<\/li>\n<li>Geissele Super 42 opru\u017ena spirala i H1 amortizer za pouzdano funkcioniranje<\/li>\n<li>Nosa\u010d zatvara\u010da vojnog standarda s tvrdom kromiranom oblogom za izdr\u017eljivost<\/li>\n<li>ALG Defense Advanced Combat okida\u010d (ACT)<\/li>\n<li>Cijev s gumbastim \u017eljebovima, kromirana, s 5,56 NATO le\u017ei\u0161tem metka<\/li>\n<li>Geissele plinski blok i produ\u017eena plinska cijev srednje duljine<\/li>\n<li>Uklju\u010duje M4 karabinski remen vojnog standarda i QD okretne kop\u010de<\/li>\n<li>Warner and Swasey crvena to\u010dka za ciljanje od 3 MOA s integriranim pomo\u0107nim mehani\u010dkim ciljnicima<\/li>\n<\/ul>\n<p>El Jefe kombinira kvalitetne komponente i stru\u010dnu izradu kako bi isporu\u010dio pouzdanu, preciznu i izdr\u017eljivu pu\u0161ku pogodnu za sportsko pucanje, policiju i ku\u0107nu obranu. Sa svojom kvalitetnom konstrukcijom i uklju\u010denom dodatnom opremom, ALG Defense El Jefe je pristupa\u010dna AR-15 pu\u0161ka.<\/p>\n","protected":false},"excerpt":{"rendered":"<p>ALG Defense El Jefe: Visokokvalitetna 5,56 mm AR-15 pu\u0161ka s premium zna\u010dajkama.<\/p>\n","protected":false},"featured_media":68288,"template":"","meta":{"_acf_changed":false},"product_brand":[11375],"product_cat":[13566,13569],"product_tag":[],"class_list":{"0":"post-68287","1":"product","2":"type-product","3":"status-publish","4":"has-post-thumbnail","6":"product_brand-geissele","7":"product_cat-karabini","8":"product_cat-puska","10":"first","11":"instock","12":"taxable","13":"shipping-taxable","14":"product-type-simple"},"acf":[],"_links":{"self":[{"href":"https:\/\/staging.nbg.eu\/hr\/wp-json\/wp\/v2\/product\/68287","targetHints":{"allow":["GET"]}}],"collection":[{"href":"https:\/\/staging.nbg.eu\/hr\/wp-json\/wp\/v2\/product"}],"about":[{"href":"https:\/\/staging.nbg.eu\/hr\/wp-json\/wp\/v2\/types\/product"}],"wp:featuredmedia":[{"embeddable":true,"href":"https:\/\/staging.nbg.eu\/hr\/wp-json\/wp\/v2\/media\/68288"}],"wp:attachment":[{"href":"https:\/\/staging.nbg.eu\/hr\/wp-json\/wp\/v2\/media?parent=68287"}],"wp:term":[{"taxonomy":"product_brand","embeddable":true,"href":"https:\/\/staging.nbg.eu\/hr\/wp-json\/wp\/v2\/product_brand?post=68287"},{"taxonomy":"product_cat","embeddable":true,"href":"https:\/\/staging.nbg.eu\/hr\/wp-json\/wp\/v2\/product_cat?post=68287"},{"taxonomy":"product_tag","embeddable":true,"href":"https:\/\/staging.nbg.eu\/hr\/wp-json\/wp\/v2\/product_tag?post=68287"}],"curies":[{"name":"wp","href":"https:\/\/api.w.org\/{rel}","templated":true}]}}