{"id":68024,"date":"2024-01-30T18:09:06","date_gmt":"2024-09-20T12:19:54","guid":{"rendered":"https:\/\/staging.nbg.eu\/product\/surefire-m640dft-pro\/"},"modified":"2024-09-20T12:20:39","modified_gmt":"2024-09-20T12:20:39","slug":"surefire-m640dft-pro","status":"publish","type":"product","link":"https:\/\/staging.nbg.eu\/hr\/proizvod\/surefire-m640dft-pro\/","title":{"rendered":"SureFire M640DFT-PRO"},"content":{"rendered":"<div class=\"product-description\">\n<h2>SureFire M640DFT-PRO Turbo Scout Light Pro<\/h2>\n<p>M640DFT-PRO Turbo Scout Light Pro nudi sljede\u0107e zna\u010dajke:<\/p>\n<ul>\n<li>100.000 kandela intenziteta svjetlosnog snopa s uklju\u010denom SF18650B baterijom<\/li>\n<li>Turbo uzorak snopa za identifikaciju udaljenih meta<\/li>\n<li>Niskoprofilno postolje za optimalno pozicioniranje (kompatibilno s MIL-STD-1913 i M-LOK)<\/li>\n<li>Mogu\u0107nost dvostrukog napajanja: koristi SF18650B punjivu ili dvije 123A litijske baterije<\/li>\n<li>Izdr\u017eljivost i opcije daljinskog upravljanja<\/li>\n<\/ul>\n<p>Izra\u0111eno od laganog zrakoplovnog aluminija s tvrdom anodizacijom vojne specifikacije, ovo oru\u017eano svjetlo s O-prstenom pru\u017ea performanse i svestranost za dugoro\u010dne primjene.<\/p>\n<\/div>\n","protected":false},"excerpt":{"rendered":"<p>Visoko-sna\u017eno takti\u010dko svjetlo sa zrakom od 100.000 kandela za upotrebu na velikim udaljenostima.<\/p>\n","protected":false},"featured_media":68025,"template":"","meta":{"_acf_changed":false},"product_brand":[11859],"product_cat":[13569,13560,13520],"product_tag":[],"class_list":{"0":"post-68024","1":"product","2":"type-product","3":"status-publish","4":"has-post-thumbnail","6":"product_brand-surefire","7":"product_cat-puska","8":"product_cat-svjetla","9":"product_cat-svjetla-za-pusku","11":"first","12":"instock","13":"taxable","14":"shipping-taxable","15":"purchasable","16":"product-type-variable","17":"wvs-archive-product-wrapper"},"acf":[],"_links":{"self":[{"href":"https:\/\/staging.nbg.eu\/hr\/wp-json\/wp\/v2\/product\/68024","targetHints":{"allow":["GET"]}}],"collection":[{"href":"https:\/\/staging.nbg.eu\/hr\/wp-json\/wp\/v2\/product"}],"about":[{"href":"https:\/\/staging.nbg.eu\/hr\/wp-json\/wp\/v2\/types\/product"}],"wp:featuredmedia":[{"embeddable":true,"href":"https:\/\/staging.nbg.eu\/hr\/wp-json\/wp\/v2\/media\/68025"}],"wp:attachment":[{"href":"https:\/\/staging.nbg.eu\/hr\/wp-json\/wp\/v2\/media?parent=68024"}],"wp:term":[{"taxonomy":"product_brand","embeddable":true,"href":"https:\/\/staging.nbg.eu\/hr\/wp-json\/wp\/v2\/product_brand?post=68024"},{"taxonomy":"product_cat","embeddable":true,"href":"https:\/\/staging.nbg.eu\/hr\/wp-json\/wp\/v2\/product_cat?post=68024"},{"taxonomy":"product_tag","embeddable":true,"href":"https:\/\/staging.nbg.eu\/hr\/wp-json\/wp\/v2\/product_tag?post=68024"}],"curies":[{"name":"wp","href":"https:\/\/api.w.org\/{rel}","templated":true}]}}